{"id":253,"date":"2022-12-16T16:00:21","date_gmt":"2022-12-16T09:00:21","guid":{"rendered":"https:\/\/lululolashow.com\/?p=253"},"modified":"2024-11-09T12:16:30","modified_gmt":"2024-11-09T05:16:30","slug":"lich-dien-thang-01-2023-tai-lululola-da-lat","status":"publish","type":"product","link":"https:\/\/liveshowdalat.vn\/en\/lich-dien-thang-01-2023-tai-lululola-da-lat.html","title":{"rendered":"L\u1ecbch Di\u1ec5n Th\u00e1ng 01\/2023 T\u1ea1i Lululola \u0110\u00e0 L\u1ea1t"},"content":{"rendered":"<nav class=\"vietrick-auto-toc\">\n<div class=\"box-title\">\n<h3 class=\"toc-title\" id=\"select-menu\">Danh m\u1ee5c ch\u00ednh<\/h3>\n<div><ion-icon name=\"chevron-up-outline\"><\/ion-icon><\/div>\n<\/div>\n<ul class=\"toc-list\">\n<li><a href='https:\/\/liveshowdalat.vn\/en#lich-dien-thang-01-2023-tai-lululola-da-lat' class='heading-h2 toc-link smooth-scroll'>L\u1ecbch Di\u1ec5n Th\u00e1ng 01\/2023 T\u1ea1i Lululola \u0110\u00e0 L\u1ea1t<\/a>\n<li><a href='https:\/\/liveshowdalat.vn\/en#lien-he-book-ve' class='heading-h2 toc-link smooth-scroll'>Li\u00ean H\u1ec7 Book V\u00e9\u00a0<\/a><\/ul>\n<\/ul>\n<\/li>\n<\/ul>\n<\/nav>\n<h2 style=\"text-align: center;\" id=\"lich-dien-thang-01-2023-tai-lululola-da-lat\"><span style=\"color: #003300;\">L\u1ecbch Di\u1ec5n Th\u00e1ng 01\/2023 T\u1ea1i Lululola \u0110\u00e0 L\u1ea1t<\/span><\/h2>\n<div class=\"x11i5rnm xat24cr x1mh8g0r x1vvkbs xdj266r x126k92a\">\n<div dir=\"auto\"><span class=\"x3nfvp2 x1j61x8r x1fcty0u xdj266r xhhsvwb xat24cr xgzva0m xxymvpz xlup9mm x1kky2od\"><img loading=\"lazy\" decoding=\"async\" src=\"https:\/\/static.xx.fbcdn.net\/images\/emoji.php\/v9\/t82\/1.5\/16\/1f397.png\" alt=\"\ud83c\udf97\" width=\"16\" height=\"16\" \/><\/span><span class=\"x3nfvp2 x1j61x8r x1fcty0u xdj266r xhhsvwb xat24cr xgzva0m xxymvpz xlup9mm x1kky2od\"><img loading=\"lazy\" decoding=\"async\" src=\"https:\/\/static.xx.fbcdn.net\/images\/emoji.php\/v9\/t82\/1.5\/16\/1f397.png\" alt=\"\ud83c\udf97\" width=\"16\" height=\"16\" \/><\/span>\u00a0Lululola Show \u0110\u00e0 L\u1ea1t \u2013 H\u01a1n c\u1ea3 \u00e2m nh\u1ea1c, kh\u00f4ng gian c\u1ef1c chill s\u1ebd gi\u00fap b\u1ea1n th\u0103ng hoa khi th\u01b0\u1edfng th\u1ee9c \u0111\u00eam nh\u1ea1c t\u1ea1i Lululola<\/div>\n<\/div>\n<div class=\"x11i5rnm xat24cr x1mh8g0r x1vvkbs xtlvy1s x126k92a\">\n<div dir=\"auto\"><span class=\"x3nfvp2 x1j61x8r x1fcty0u xdj266r xhhsvwb xat24cr xgzva0m xxymvpz xlup9mm x1kky2od\"><img loading=\"lazy\" decoding=\"async\" src=\"https:\/\/static.xx.fbcdn.net\/images\/emoji.php\/v9\/t7b\/1.5\/16\/2728.png\" alt=\"\u2728\" width=\"16\" height=\"16\" \/><\/span><span class=\"x3nfvp2 x1j61x8r x1fcty0u xdj266r xhhsvwb xat24cr xgzva0m xxymvpz xlup9mm x1kky2od\"><img loading=\"lazy\" decoding=\"async\" src=\"https:\/\/static.xx.fbcdn.net\/images\/emoji.php\/v9\/t7b\/1.5\/16\/2728.png\" alt=\"\u2728\" width=\"16\" height=\"16\" \/><\/span>\u00a0Ngo\u00e0i nh\u1eefng show nh\u1ea1c h\u00e0ng \u0111\u00eam, Lululola c\u00f2n l\u00e0 \u0111\u1ecba \u0111i\u1ec3m check-in v\u1edbi nh\u1eefng g\u00f3c \u201cs\u1ed1ng \u1ea3o\u201d si\u00eau hot t\u1ea1i \u0110\u00e0 L\u1ea1t, ph\u1ee5c v\u1ee5 \u0111\u1ed3 \u0103n u\u1ed1ng, L\u1ea9u v\u00e0 N\u01b0\u1edbng ngo\u00e0i tr\u1eddi hay nh\u1eefng bu\u1ed5i ti\u1ec7c \u1ea5m c\u00fang mang \u0111\u1eadm ch\u1ea5t \u0110\u00e0 L\u1ea1t v\u1edbi view nh\u00ecn ra thung l\u0169ng th\u00e0nh ph\u1ed1 v\u1ec1 \u0111\u00eam si\u00eau l\u00e3ng m\u1ea1n.<\/div>\n<p dir=\"auto\"><strong>\u0110\u1ecba ch\u1ec9: \u0110\u01b0\u1eddng 3\/4, Ph\u01b0\u1eddng 3, Th\u00e0nh ph\u1ed1 \u0110\u00e0 L\u1ea1t, L\u00e2m \u0110\u1ed3ng, Vi\u1ec7t Nam<\/strong><\/p>\n<div class=\"x11i5rnm xat24cr x1mh8g0r x1vvkbs xtlvy1s x126k92a\">\n<div dir=\"auto\"><span class=\"x3nfvp2 x1j61x8r x1fcty0u xdj266r xhhsvwb xat24cr xgzva0m xxymvpz xlup9mm x1kky2od\"><img loading=\"lazy\" decoding=\"async\" src=\"https:\/\/static.xx.fbcdn.net\/images\/emoji.php\/v9\/t86\/1.5\/16\/1f4cd.png\" alt=\"\ud83d\udccd\" width=\"16\" height=\"16\" \/><\/span>01\/01\/2023 I Ho\u00e0i L\u00e2m \u2022 B\u1ea1ch C\u00f4ng Khanh &#8211; LululoLa Show | NH\u01af PH\u00daT BAN \u0110\u1ea6U<\/div>\n<div dir=\"auto\">Link booking:\u00a0<a href=\"https:\/\/lululolashow.com\/01-01-hoai-lam-bach-cong-khanh-nhu-nhung-phut-ban-dau.html\" rel=\"noopener\">https:\/\/lululolashow.com\/01-01-hoai-lam-bach-cong-khanh-nhu-nhung-phut-ban-dau.html<\/a><\/div>\n<\/div>\n<div class=\"x11i5rnm xat24cr x1mh8g0r x1vvkbs xtlvy1s x126k92a\">\n<div dir=\"auto\"><span class=\"x3nfvp2 x1j61x8r x1fcty0u xdj266r xhhsvwb xat24cr xgzva0m xxymvpz xlup9mm x1kky2od\"><img loading=\"lazy\" decoding=\"async\" src=\"https:\/\/static.xx.fbcdn.net\/images\/emoji.php\/v9\/t86\/1.5\/16\/1f4cd.png\" alt=\"\ud83d\udccd\" width=\"16\" height=\"16\" \/><\/span>07\/01\/2023 I Th\u00f9y Chi \u2022 V\u01b0\u01a1ng Anh T\u00fa &#8211; LululoLa Show | BU\u1ed2N TH\u00cc C\u1ee8 KH\u00d3C \u0110I<\/div>\n<div dir=\"auto\">Link booking:\u00a0<a href=\"https:\/\/lululolashow.com\/07-01-thuy-chi-vuong-anh-tu-buon-thi-cu-khoc-di.html\" rel=\"noopener\">https:\/\/lululolashow.com\/07-01-thuy-chi-vuong-anh-tu-buon-thi-cu-khoc-di.html<\/a><\/div>\n<\/div>\n<div class=\"x11i5rnm xat24cr x1mh8g0r x1vvkbs xtlvy1s x126k92a\">\n<div dir=\"auto\"><span class=\"x3nfvp2 x1j61x8r x1fcty0u xdj266r xhhsvwb xat24cr xgzva0m xxymvpz xlup9mm x1kky2od\"><img loading=\"lazy\" decoding=\"async\" src=\"https:\/\/static.xx.fbcdn.net\/images\/emoji.php\/v9\/t86\/1.5\/16\/1f4cd.png\" alt=\"\ud83d\udccd\" width=\"16\" height=\"16\" \/><\/span>08\/01\/2023 I Mai Ti\u1ebfn D\u0169ng \u2022 L\u01b0\u01a1ng B\u00edch H\u1eefu &#8211; LululoLa Show | NG\u01af\u1edcI NH\u01af ANH<\/div>\n<div dir=\"auto\">Link booking:<a href=\"https:\/\/lululolashow.com\/08-01-mai-tien-dung-luong-bich-huu-nguoi-nhu-anh.html\" rel=\"noopener\">https:\/\/lululolashow.com\/08-01-mai-tien-dung-luong-bich-huu-nguoi-nhu-anh.html<\/a><\/div>\n<\/div>\n<div class=\"x11i5rnm xat24cr x1mh8g0r x1vvkbs xtlvy1s x126k92a\">\n<div dir=\"auto\"><span class=\"x3nfvp2 x1j61x8r x1fcty0u xdj266r xhhsvwb xat24cr xgzva0m xxymvpz xlup9mm x1kky2od\"><img loading=\"lazy\" decoding=\"async\" src=\"https:\/\/static.xx.fbcdn.net\/images\/emoji.php\/v9\/t86\/1.5\/16\/1f4cd.png\" alt=\"\ud83d\udccd\" width=\"16\" height=\"16\" \/><\/span>23\/01\/2023 I B\u1ea1ch C\u00f4ng Khanh \u2022 Tr\u01b0\u01a1ng Th\u1ea3o Nhi &#8211; LululoLa Show | M\u1ed8T THO\u00c1NG H\u01af\u01a0NG T\u00ccNH<\/div>\n<div dir=\"auto\">Link booking:\u00a0<a href=\"https:\/\/lululolashow.com\/23-01-bach-cong-khanh-truong-thao-nhi-mot-thoang-huong-tinh.html\" rel=\"noopener\">https:\/\/lululolashow.com\/23-01-bach-cong-khanh-truong-thao-nhi-mot-thoang-huong-tinh.html<\/a><\/div>\n<\/div>\n<div class=\"x11i5rnm xat24cr x1mh8g0r x1vvkbs xtlvy1s x126k92a\">\n<div dir=\"auto\"><span class=\"x3nfvp2 x1j61x8r x1fcty0u xdj266r xhhsvwb xat24cr xgzva0m xxymvpz xlup9mm x1kky2od\"><img loading=\"lazy\" decoding=\"async\" src=\"https:\/\/static.xx.fbcdn.net\/images\/emoji.php\/v9\/t86\/1.5\/16\/1f4cd.png\" alt=\"\ud83d\udccd\" width=\"16\" height=\"16\" \/><\/span>24\/01\/2023 I V\u0103n Mai H\u01b0\u01a1ng \u2022 Sofia \u2022 Kh\u00f3i &#8211; LululoLa Show | CHO EM M\u1ed8T L\u1ea6N Y\u00caU<\/div>\n<div dir=\"auto\">Link booking:\u00a0<a href=\"https:\/\/lululolashow.com\/24-01-van-mai-huong-sofia-khoi-cho-em-mot-lan-yeu.html\" rel=\"noopener\">https:\/\/lululolashow.com\/24-01-van-mai-huong-sofia-khoi-cho-em-mot-lan-yeu.html<\/a><\/div>\n<\/div>\n<div class=\"x11i5rnm xat24cr x1mh8g0r x1vvkbs xtlvy1s x126k92a\">\n<div dir=\"auto\"><span class=\"x3nfvp2 x1j61x8r x1fcty0u xdj266r xhhsvwb xat24cr xgzva0m xxymvpz xlup9mm x1kky2od\"><img loading=\"lazy\" decoding=\"async\" src=\"https:\/\/static.xx.fbcdn.net\/images\/emoji.php\/v9\/t86\/1.5\/16\/1f4cd.png\" alt=\"\ud83d\udccd\" width=\"16\" height=\"16\" \/><\/span>25\/01\/2023 I UPDATING SHOW &#8211; LululoLa Show |<\/div>\n<div dir=\"auto\">Link booking: \u0110ANG C\u1eacP NH\u1eacT &#8230;<\/div>\n<\/div>\n<div class=\"x11i5rnm xat24cr x1mh8g0r x1vvkbs xtlvy1s x126k92a\">\n<div dir=\"auto\"><span class=\"x3nfvp2 x1j61x8r x1fcty0u xdj266r xhhsvwb xat24cr xgzva0m xxymvpz xlup9mm x1kky2od\"><img loading=\"lazy\" decoding=\"async\" src=\"https:\/\/static.xx.fbcdn.net\/images\/emoji.php\/v9\/t86\/1.5\/16\/1f4cd.png\" alt=\"\ud83d\udccd\" width=\"16\" height=\"16\" \/><\/span>26\/01\/2023 I Trung Qu\u00e2n \u2022 Myra Tr\u1ea7n &#8211; LululoLa Show | ANH T\u1ef0 DO NH\u01afNG C\u00d4 \u0110\u01a0N<\/div>\n<div dir=\"auto\">Link booking:<a href=\"https:\/\/lululolashow.com\/26-01-trung-quan-idol-myra-tran-anh-tu-do-nhung-co-don.html\" rel=\"noopener\">https:\/\/lululolashow.com\/26-01-trung-quan-idol-myra-tran-anh-tu-do-nhung-co-don.html<\/a><\/div>\n<\/div>\n<div class=\"x11i5rnm xat24cr x1mh8g0r x1vvkbs xtlvy1s x126k92a\">\n<div dir=\"auto\"><span class=\"x3nfvp2 x1j61x8r x1fcty0u xdj266r xhhsvwb xat24cr xgzva0m xxymvpz xlup9mm x1kky2od\"><img loading=\"lazy\" decoding=\"async\" src=\"https:\/\/static.xx.fbcdn.net\/images\/emoji.php\/v9\/t86\/1.5\/16\/1f4cd.png\" alt=\"\ud83d\udccd\" width=\"16\" height=\"16\" \/><\/span>27\/01\/2023 I \u01afng Ho\u00e0ng Ph\u00fac &#8211; LululoLa Show | TR\u1eccN V\u1eb8N NGH\u0128A T\u00ccNH<\/div>\n<div dir=\"auto\">Link booking:\u00a0<a href=\"https:\/\/lululolashow.com\/27-01-ung-hoang-phuc-tron-ven-nghia-tinh.html\" rel=\"noopener\">https:\/\/lululolashow.com\/27-01-ung-hoang-phuc-tron-ven-nghia-tinh.html<\/a><\/div>\n<\/div>\n<div class=\"x11i5rnm xat24cr x1mh8g0r x1vvkbs xtlvy1s x126k92a\">\n<div dir=\"auto\"><span class=\"x3nfvp2 x1j61x8r x1fcty0u xdj266r xhhsvwb xat24cr xgzva0m xxymvpz xlup9mm x1kky2od\"><img loading=\"lazy\" decoding=\"async\" src=\"https:\/\/static.xx.fbcdn.net\/images\/emoji.php\/v9\/t86\/1.5\/16\/1f4cd.png\" alt=\"\ud83d\udccd\" width=\"16\" height=\"16\" \/><\/span>28\/01\/2023 I V\u0169 C\u00e1t T\u01b0\u1eddng &#8211; LululoLa Show | SPECIAL SHOW<\/div>\n<div dir=\"auto\">Link booking: \u0110ANG C\u1eacP NH\u1eacT &#8230;<\/div>\n<\/div>\n<div class=\"x11i5rnm xat24cr x1mh8g0r x1vvkbs xtlvy1s x126k92a\">\n<div dir=\"auto\"><span class=\"x3nfvp2 x1j61x8r x1fcty0u xdj266r xhhsvwb xat24cr xgzva0m xxymvpz xlup9mm x1kky2od\"><img loading=\"lazy\" decoding=\"async\" src=\"https:\/\/static.xx.fbcdn.net\/images\/emoji.php\/v9\/t86\/1.5\/16\/1f4cd.png\" alt=\"\ud83d\udccd\" width=\"16\" height=\"16\" \/><\/span>29\/01\/2023 I UPDATING SHOW &#8211; LululoLa Show |<\/div>\n<div dir=\"auto\">Link booking: \u0110ANG C\u1eacP NH\u1eacT &#8230;<\/div>\n<\/div>\n<div class=\"x11i5rnm xat24cr x1mh8g0r x1vvkbs xtlvy1s x126k92a\">\n<div dir=\"auto\"><span class=\"x3nfvp2 x1j61x8r x1fcty0u xdj266r xhhsvwb xat24cr xgzva0m xxymvpz xlup9mm x1kky2od\"><img loading=\"lazy\" decoding=\"async\" src=\"https:\/\/static.xx.fbcdn.net\/images\/emoji.php\/v9\/t86\/1.5\/16\/1f4cd.png\" alt=\"\ud83d\udccd\" width=\"16\" height=\"16\" \/><\/span>30\/01\/2023 I Vicky Nhung &#8211; LululoLa Show | ANH KH\u00d4NG MU\u1ed0N RA \u0110I<\/div>\n<div dir=\"auto\">Link booking:\u00a0<a href=\"https:\/\/lululolashow.com\/30-01-vicky-nhung-anh-khong-muon-ra-di.html\" rel=\"noopener\">https:\/\/lululolashow.com\/30-01-vicky-nhung-anh-khong-muon-ra-di.html<\/a><\/div>\n<\/div>\n<div class=\"x11i5rnm xat24cr x1mh8g0r x1vvkbs xtlvy1s x126k92a\">\n<div dir=\"auto\"><span class=\"x3nfvp2 x1j61x8r x1fcty0u xdj266r xhhsvwb xat24cr xgzva0m xxymvpz xlup9mm x1kky2od\"><img loading=\"lazy\" decoding=\"async\" src=\"https:\/\/static.xx.fbcdn.net\/images\/emoji.php\/v9\/t86\/1.5\/16\/1f4cd.png\" alt=\"\ud83d\udccd\" width=\"16\" height=\"16\" \/><\/span>31\/01\/2023 I Quang Vinh \u2022 T\u0103ng Ph\u00fac &#8211; LululoLa Show | M\u1ed8T NG\u00c0Y KH\u00d4NG M\u01afA<\/div>\n<div dir=\"auto\">Link booking:<a href=\"https:\/\/lululolashow.com\/31-01-quang-vinh-tang-phuc-mot-ngay-khong-mua.html\" rel=\"noopener\">https:\/\/lululolashow.com\/31-01-quang-vinh-tang-phuc-mot-ngay-khong-mua.html<\/a><\/div>\n<div dir=\"auto\"><img loading=\"lazy\" decoding=\"async\" class=\"alignnone wp-image-254\" src=\"https:\/\/lululolashow.com\/wp-content\/uploads\/2022\/12\/z3964548182099_5b8e3fd4284ef86d078bf9dc34a9c9cf.jpg\" alt=\"\" width=\"396\" height=\"560\"><\/div>\n<div dir=\"auto\">\n<article class=\"post-content\">\n<div class=\"anh_wtm_m\">\n<div class=\"mws_content\">\n<h2 id=\"lien-he-book-ve\"><span style=\"color: #003300;\"><strong>Li\u00ean H\u1ec7 Book V\u00e9\u00a0<\/strong><\/span><\/h2>\n<p><strong>Hotline\/Zalo: 0988 249 297<\/strong><\/p>\n<p>Fanpage booking:\u00a0<a href=\"https:\/\/www.facebook.com\/liveshowdalat\/\" target=\"_blank\" rel=\"noopener\">Lululola Coffee+<\/a><\/p>\n<p>Xem th\u00eam b\u00e0i vi\u1ebft kh\u00e1c t\u1ea1i:\u00a0<a href=\"https:\/\/dalatreview.vn\/ve-tham-quan\" target=\"_blank\" rel=\"noopener\">\u0110\u00e0 L\u1ea1t Review<\/a><\/p>\n<\/div>\n<\/div>\n<\/article>\n<div class=\"post-content xemthem\">Th\u1ebb:<a href=\"https:\/\/dalatreview.vn\/tag\/lululola-dat-ve-liveshow\" target=\"_blank\" rel=\"tag noopener\">Lululola \u0110\u1eb7t V\u00e9 Liveshow<\/a><\/div>\n<\/div>\n<\/div>\n<\/div>","protected":false},"excerpt":{"rendered":"<p>Danh m\u1ee5c ch\u00ednh L\u1ecbch Di\u1ec5n Th\u00e1ng 01\/2023 T\u1ea1i Lululola \u0110\u00e0 L\u1ea1t Li\u00ean H\u1ec7 Book V\u00e9\u00a0 L\u1ecbch Di\u1ec5n Th\u00e1ng 01\/2023 T\u1ea1i Lululola \u0110\u00e0 L\u1ea1t \u00a0Lululola Show \u0110\u00e0 L\u1ea1t \u2013 H\u01a1n c\u1ea3 \u00e2m nh\u1ea1c, kh\u00f4ng gian c\u1ef1c chill s\u1ebd gi\u00fap b\u1ea1n th\u0103ng hoa khi th\u01b0\u1edfng th\u1ee9c \u0111\u00eam nh\u1ea1c t\u1ea1i Lululola \u00a0Ngo\u00e0i nh\u1eefng show nh\u1ea1c h\u00e0ng \u0111\u00eam, Lululola [&hellip;]<\/p>","protected":false},"featured_media":44853,"comment_status":"open","ping_status":"closed","template":"","meta":[],"product_cat":[31,2421],"product_tag":[],"_links":{"self":[{"href":"https:\/\/liveshowdalat.vn\/en\/wp-json\/wp\/v2\/product\/253"}],"collection":[{"href":"https:\/\/liveshowdalat.vn\/en\/wp-json\/wp\/v2\/product"}],"about":[{"href":"https:\/\/liveshowdalat.vn\/en\/wp-json\/wp\/v2\/types\/product"}],"replies":[{"embeddable":true,"href":"https:\/\/liveshowdalat.vn\/en\/wp-json\/wp\/v2\/comments?post=253"}],"wp:featuredmedia":[{"embeddable":true,"href":"https:\/\/liveshowdalat.vn\/en\/wp-json\/wp\/v2\/media\/44853"}],"wp:attachment":[{"href":"https:\/\/liveshowdalat.vn\/en\/wp-json\/wp\/v2\/media?parent=253"}],"wp:term":[{"taxonomy":"product_cat","embeddable":true,"href":"https:\/\/liveshowdalat.vn\/en\/wp-json\/wp\/v2\/product_cat?post=253"},{"taxonomy":"product_tag","embeddable":true,"href":"https:\/\/liveshowdalat.vn\/en\/wp-json\/wp\/v2\/product_tag?post=253"}],"curies":[{"name":"wp","href":"https:\/\/api.w.org\/{rel}","templated":true}]}}