{"id":2191,"date":"2024-09-01T07:28:59","date_gmt":"2024-09-01T00:28:59","guid":{"rendered":"https:\/\/lululolashow.com\/?p=2191"},"modified":"2024-11-11T15:19:31","modified_gmt":"2024-11-11T08:19:31","slug":"lich-dien-lululola-thang-9-2024-2","status":"publish","type":"product","link":"https:\/\/liveshowdalat.vn\/en\/lich-dien-lululola-thang-9-2024-2.html","title":{"rendered":"L\u1ecaCH DI\u1ec4N LULULOLA TH\u00c1NG 9\/2024"},"content":{"rendered":"<nav class=\"vietrick-auto-toc\">\n<div class=\"box-title\">\n<h3 class=\"toc-title\" id=\"select-menu\">Danh m\u1ee5c ch\u00ednh<\/h3>\n<div><ion-icon name=\"chevron-up-outline\"><\/ion-icon><\/div>\n<\/div>\n<ul class=\"toc-list\">\n<li><a href='https:\/\/liveshowdalat.vn\/en#lich-dien-lululola-thang-9-2024' class='heading-h2 toc-link smooth-scroll'>L\u1ecaCH DI\u1ec4N LULULOLA TH\u00c1NG 9\/2024<\/a>\n<li><a href='https:\/\/liveshowdalat.vn\/en#lien-he-book-ve' class='heading-h2 toc-link smooth-scroll'>Li\u00ean H\u1ec7 Book V\u00e9\u00a0<\/a><\/ul>\n<\/ul>\n<\/li>\n<\/ul>\n<\/nav>\n<h2 style=\"text-align: center;\" id=\"lich-dien-lululola-thang-9-2024\"><span style=\"font-size: 24pt; color: #800000;\"><b>L\u1ecaCH DI\u1ec4N <\/b><\/span><span style=\"font-size: 24pt; color: #800000;\"><b>LULULOLA <\/b><\/span><span style=\"font-size: 24pt; color: #800000;\"><b>TH\u00c1NG 9\/2024<\/b><\/span><\/h2>\n<p><span style=\"font-size: 14pt; color: #333333;\"><em><span style=\"font-family: georgia, palatino, serif;\"><strong>Lululola Show<\/strong><\/span><\/em> &#8211; H\u01a1n c\u1ea3 \u00e2m nh\u1ea1c, kh\u00f4ng gian mang d\u1ea5u \u1ea5n r\u1ea5t ri\u00eang m\u1ed7i n\u01a1i m\u00e0 Lululola \u0111\u1ebfn s\u1ebd gi\u00fap b\u1ea1n c\u00f3 nh\u1eefng tr\u1ea3i nghi\u1ec7m \u00e2m nh\u1ea1c \u0111\u1eb7c bi\u1ec7t khi th\u01b0\u1edfng th\u1ee9c nh\u1eefng \u0111\u00eam nh\u1ea1c t\u1ea1i Lululola.<\/span><\/p>\n<p><span style=\"font-size: 14pt; color: #333333;\">Th\u00e1ng 9 n\u00e0y, Lululola Show tr\u1edf l\u1ea1i v\u1edbi nh\u1eefng ch\u01b0\u01a1ng tr\u00ecnh \u00e2m nh\u1ea1c \u0111\u1eb7c s\u1eafc. \u0110\u1ea3m b\u1ea3o mang \u0111\u1ebfn cho b\u1ea1n tr\u1ea3i nghi\u1ec7m kh\u00f4ng gian \u00e2m nh\u1ea1c \u0111a gi\u00e1c quan, th\u1ecfa m\u00e3n c\u1ea3 v\u1ec1 t\u00e2m h\u1ed3n v\u00e0 giai \u0111i\u1ec7u. <\/span><\/p>\n<p><span style=\"font-size: 14pt; color: #333333;\">V\u1eady c\u00f2n ch\u1ea7n ch\u1edd g\u00ec m\u00e0 kh\u00f4ng check ngay <em><span style=\"font-family: georgia, palatino, serif;\"><strong>L\u1ecbch di\u1ec5n Lululola th\u00e1ng 9\/2024<\/strong><\/span><\/em> n\u00e0y, \u0111\u1ec3 s\u1edbm c\u00f3 c\u01a1 h\u1ed9i g\u1eb7p g\u1ee1 nh\u1eefng ngh\u1ec7 s\u0129 n\u1ed5i ti\u1ebfng v\u00e0 t\u1eadn h\u01b0\u1edfng kho\u1ea3ng th\u1eddi gian tuy\u1ec7t v\u1eddi c\u00f9ng \u00e2m nh\u1ea1c. <\/span><\/p>\n<p><span style=\"font-size: 14pt; color: #333333;\">M\u1eddi b\u1ea1n c\u00f9ng tham kh\u1ea3o l\u1ecbch ngay ph\u00eda d\u01b0\u1edbi nh\u00e9!<\/span><\/p>\n<hr \/>\n<p style=\"text-align: center;\"><span style=\"color: #003300; font-size: 24pt;\"><strong>B\u1ea2N TIN D\u1ef0 B\u00c1O HO\u00c0NG H\u00d4N \u2666 LULULOLA SHOW \u2666 \u0110\u00c0 L\u1ea0T \u2666<\/strong><\/span><\/p>\n<p style=\"text-align: center;\"><span style=\"color: #003366;\"><strong>[UPDATE LI\u00caN T\u1ee4C]<\/strong><\/span><\/p>\n<p style=\"text-align: center;\"><span style=\"color: #003300; font-size: 24pt;\"><strong>Th\u00e1ng 09\/2024<\/strong><\/span><\/p>\n<p><img loading=\"lazy\" decoding=\"async\" class=\"size-full wp-image-2192 aligncenter\" src=\"https:\/\/lululolashow.com\/wp-content\/uploads\/2024\/08\/LICH-DIEN-LULULOLA-Thang-9.jpg\" alt=\"L\u1ecaCH DI\u1ec4N LULULOLA - Th\u00e1ng 9\" width=\"1447\" height=\"2048\" \/><\/p>\n<p><span style=\"color: #003300;\"><strong><span style=\"font-size: 18pt;\">\u2666TH\u00c1NG 09\/2024<\/span><\/strong><\/span><\/p>\n<hr \/>\n<p><span style=\"font-size: 14pt; color: #000000;\">\u03bf 01\/09\/2024 | Th\u00f9y Chi \u2022 V\u01b0\u01a1ng Anh T\u00fa &#8211; LululoLa Show | H\u1ebeT TH\u01af\u01a0NG C\u1ea0N NH\u1eda<\/span><\/p>\n<p><a href=\"https:\/\/lululolashow.com\/thuy-chi-vuong-anh-tu-01-09.html\" rel=\"noopener\">https:\/\/lululolashow.com\/thuy-chi-vuong-anh-tu-01-09.html<\/a><\/p>\n<p><span style=\"font-size: 14pt; color: #000000;\">\u03bf 05\/10\/2024 | H\u01b0\u01a1ng Tr\u00e0m &#8211; LululoLa Show | V\u1edaI EM L\u00c0 M\u00c3I M\u00c3I<\/span><\/p>\n<p><a href=\"https:\/\/lululolashow.com\/huong-tram-voi-em-la-mai-mai-05-10.html\" rel=\"noopener\">https:\/\/lululolashow.com\/huong-tram-voi-em-la-mai-mai-05-10.html<\/a><\/p>\n<p><span style=\"font-size: 14pt; color: #000000;\">\u03bf 26\/10\/2024 | V\u0169 C\u00e1t T\u01b0\u1eddng &#8211; LululoLa Show | T\u1eeaNG L\u00c0<\/span><\/p>\n<p><a href=\"https:\/\/lululolashow.com\/vu-cat-tuong-tung-la-26-10.html\" rel=\"noopener\">https:\/\/lululolashow.com\/vu-cat-tuong-tung-la-26-10.html<\/a><\/p>\n<div dir=\"auto\">\u2014\u2014\u2014\u2014\u2014\u2014\u2014\u2014\u2014\u2014\u2014\u2014\u2014\u2014\u2014\u2014\u2014<\/div>\n<div dir=\"auto\"><strong><span style=\"font-size: 14pt;\">Lululola Show \u0110\u00e0 L\u1ea1t<\/span><\/strong><\/div>\n<div dir=\"auto\"><strong><span style=\"font-size: 14pt;\">Add: \u0110\u1ea7u \u0111\u00e8o Prenn, \u0110\u01b0\u1eddng 3\/4, Ph\u01b0\u1eddng 3, Tp \u0110\u00e0 L\u1ea1t<\/span><\/strong><\/div>\n<div dir=\"auto\"><img loading=\"lazy\" decoding=\"async\" class=\"alignnone size-full wp-image-1637\" src=\"https:\/\/lululolashow.com\/wp-content\/uploads\/2024\/04\/434188937_729002356052389_1384191032085770_n.jpg\" alt=\"Lululola Show\" width=\"2048\" height=\"1366\" \/><\/div>\n<div dir=\"auto\">\n<p><span style=\"font-size: 18pt; color: #800000;\"><b>(*)Ghi ch\u00fa:<\/b><\/span><\/p>\n<p><span style=\"font-weight: 400; font-size: 14pt;\">Ch\u1ed7 ng\u01b0\u1eddi l\u1edbn tr\u00ean 12 tu\u1ed5i \u0111\u01b0\u1ee3c t\u00ednh b\u1eb1ng 100% gi\u00e1 ph\u1ee5 thu.<\/span><\/p>\n<p><span style=\"font-weight: 400; font-size: 14pt;\">Ch\u1ed7 tr\u1ebb em t\u1eeb 6 \u0111\u1ebfn 12 tu\u1ed5i \u0111\u01b0\u1ee3c t\u00ednh b\u1eb1ng 50% gi\u00e1 ph\u1ee5 thu.<\/span><\/p>\n<p><span style=\"font-weight: 400; font-size: 14pt;\">Tr\u1ebb em d\u01b0\u1edbi 6 tu\u1ed5i \u0111\u01b0\u1ee3c mi\u1ec5n ph\u00ed (ng\u1ed3i c\u00f9ng ng\u01b0\u1eddi l\u1edbn v\u00e0 kh\u00f4ng c\u00f3 gh\u1ebf ri\u00eang)<\/span><\/p>\n<p><span style=\"font-weight: 400; font-size: 14pt;\">Qu\u00fd kh\u00e1ch vui l\u00f2ng thanh to\u00e1n chuy\u1ec3n kho\u1ea3n tr\u01b0\u1edbc 12h \u0111\u1ec3 gi\u1eef \u0111\u1eb7t ch\u1ed7.(t\u00ednh t\u1eeb th\u1eddi \u0111i\u1ec3m \u0111\u1eb7t ch\u1ed7)<\/span><\/p>\n<p><span style=\"font-weight: 400; font-size: 14pt;\">C\u00e1c \u0110\u1eb7t ch\u1ed7 kh\u00f4ng th\u1ef1c hi\u1ec7n \u0111\u00fang v\u00e0 \u0111\u1ee7 c\u00e1c b\u01b0\u1edbc v\u00e0 \u0111\u1ea3m b\u1ea3o th\u1eddi gian theo quy \u0111\u1ecbnh s\u1ebd t\u1ef1 \u0111\u1ed3ng b\u1ecb h\u1ee7y m\u00e0 kh\u00f4ng c\u1ea7n th\u00f4ng b\u00e1o tr\u01b0\u1edbc.<\/span><\/p>\n<p><span style=\"font-size: 18pt; color: #800000;\"><b>(*)Ch\u00ednh s\u00e1ch ho\u00e0n v\u00e9, hu\u1ef7 v\u00e9 v\u00e0 b\u1ea3o l\u01b0u.<\/b><\/span><\/p>\n<p><strong><span style=\"font-size: 14pt;\">1. Hu\u1ef7 V\u00e9 v\u00e0 B\u1ea3o L\u01b0u V\u00e9:<\/span><\/strong><\/p>\n<p><span style=\"font-weight: 400; font-size: 14pt;\">\u2013 Y\u00eau c\u1ea7u hu\u1ef7 v\u00e9 v\u00e0 b\u1ea3o l\u01b0u tr\u01b0\u1edbc gi\u1edd show h\u01a1n 48h . Lululola b\u1ea3o l\u01b0u 70% gi\u00e1 tr\u1ecb v\u00e9.<\/span><\/p>\n<p><span style=\"font-weight: 400; font-size: 14pt;\">\u2013 Y\u00eau c\u1ea7u hu\u1ef7 v\u00e9 v\u00e0 b\u1ea3o l\u01b0u tr\u01b0\u1edbc gi\u1edd show trong v\u00f2ng 12-48h. Lululola b\u1ea3o l\u01b0u 50% gi\u00e1 tr\u1ecb v\u00e9.<\/span><\/p>\n<p><span style=\"font-weight: 400; font-size: 14pt;\">\u2013 Y\u00eau c\u1ea7u hu\u1ef7 v\u00e9 v\u00e0 b\u1ea3o l\u01b0u tr\u01b0\u1edbc gi\u1edd show d\u01b0\u1edbi 12h. Lululola kh\u00f4ng b\u1ea3o l\u01b0u v\u00e9.<\/span><\/p>\n<p><span style=\"font-size: 14pt; color: #003300;\"><b>* Gi\u00e1 tr\u1ecb b\u1ea3o l\u01b0u c\u00f3 th\u1eddi h\u1ea1n 90 ng\u00e0y cho nh\u1eefng show sau.<\/b><\/span><\/p>\n<p><strong><span style=\"font-size: 14pt;\">2. Hu\u1ef7 V\u00e9 v\u00e0 Ho\u00e0n Ti\u1ec1n<\/span><\/strong><\/p>\n<p><span style=\"font-weight: 400; font-size: 14pt;\">\u2013 Y\u00eau c\u1ea7u hu\u1ef7 v\u00e9 v\u00e0 ho\u00e0n ti\u1ec1n tr\u01b0\u1edbc gi\u1edd show h\u01a1n 48h . Ho\u00e0n 50% gi\u00e1 Tr\u1ecb v\u00e9<\/span><\/p>\n<p><span style=\"font-weight: 400; font-size: 14pt;\">\u2013 Y\u00eau c\u1ea7u hu\u1ef7 v\u00e9 v\u00e0 ho\u00e0n ti\u1ec1n tr\u01b0\u1edbc gi\u1edd show trong v\u00f2ng 12-48h. Ho\u00e0n 30% gi\u00e1 Tr\u1ecb v\u00e9<\/span><\/p>\n<p><span style=\"font-weight: 400; font-size: 14pt;\">\u2013 Y\u00eau c\u1ea7u hu\u1ef7 v\u00e9 v\u00e0 ho\u00e0n ti\u1ec1n tr\u01b0\u1edbc gi\u1edd show d\u01b0\u1edbi 12h. Kh\u00f4ng ho\u00e0n ti\u1ec1n<\/span><\/p>\n<p><img loading=\"lazy\" decoding=\"async\" class=\"size-full wp-image-1641 aligncenter\" src=\"https:\/\/lululolashow.com\/wp-content\/uploads\/2024\/04\/Lululola-Show-2.jpg\" alt=\"S\u00e2n Kh\u1ea5u Lululola Show\" width=\"2000\" height=\"1600\" \/><\/p>\n<p><img loading=\"lazy\" decoding=\"async\" class=\"alignnone size-full wp-image-1640\" src=\"https:\/\/lululolashow.com\/wp-content\/uploads\/2024\/04\/Lululola-Show-3.jpg\" alt=\"S\u00e2n Kh\u1ea5u Lululola Show\" width=\"2000\" height=\"1600\" \/> <img loading=\"lazy\" decoding=\"async\" class=\"size-full wp-image-1642 aligncenter\" src=\"https:\/\/lululolashow.com\/wp-content\/uploads\/2024\/04\/Lululola-Show-4.jpg\" alt=\"S\u00e2n Kh\u1ea5u Lululola Show\" width=\"2000\" height=\"1600\" \/><\/p>\n<h2 id=\"lien-he-book-ve\"><span style=\"color: #800000;\"><b>Li\u00ean H\u1ec7 Book V\u00e9\u00a0<\/b><\/span><\/h2>\n<p><span style=\"color: #003300; font-size: 14pt;\"><b>Hotline\/Zalo: 0988 249 297<\/b><\/span><\/p>\n<p><span style=\"font-size: 14pt;\"><span style=\"font-weight: 400;\">Fanpage booking: <\/span><a href=\"https:\/\/www.facebook.com\/liveshowdalat\/\" rel=\"noopener\"><span style=\"font-weight: 400;\">Lululola Coffee+<\/span><\/a><\/span><\/p>\n<p><span style=\"font-size: 14pt;\"><span style=\"font-weight: 400;\">Xem th\u00eam b\u00e0i vi\u1ebft kh\u00e1c t\u1ea1i: <a href=\"https:\/\/lululolashow.com\/\" rel=\"noopener\">Lululola Show<\/a><\/span><\/span><\/p>\n<\/div>\n<div dir=\"auto\">\u00a0<\/div>","protected":false},"excerpt":{"rendered":"<p>Danh m\u1ee5c ch\u00ednh L\u1ecaCH DI\u1ec4N LULULOLA TH\u00c1NG 9\/2024 Li\u00ean H\u1ec7 Book V\u00e9\u00a0 L\u1ecaCH DI\u1ec4N LULULOLA TH\u00c1NG 9\/2024 Lululola Show &#8211; H\u01a1n c\u1ea3 \u00e2m nh\u1ea1c, kh\u00f4ng gian mang d\u1ea5u \u1ea5n r\u1ea5t ri\u00eang m\u1ed7i n\u01a1i m\u00e0 Lululola \u0111\u1ebfn s\u1ebd gi\u00fap b\u1ea1n c\u00f3 nh\u1eefng tr\u1ea3i nghi\u1ec7m \u00e2m nh\u1ea1c \u0111\u1eb7c bi\u1ec7t khi th\u01b0\u1edfng th\u1ee9c nh\u1eefng \u0111\u00eam nh\u1ea1c t\u1ea1i Lululola. [&hellip;]<\/p>","protected":false},"featured_media":44755,"comment_status":"open","ping_status":"closed","template":"","meta":[],"product_cat":[31,2560,50],"product_tag":[],"_links":{"self":[{"href":"https:\/\/liveshowdalat.vn\/en\/wp-json\/wp\/v2\/product\/2191"}],"collection":[{"href":"https:\/\/liveshowdalat.vn\/en\/wp-json\/wp\/v2\/product"}],"about":[{"href":"https:\/\/liveshowdalat.vn\/en\/wp-json\/wp\/v2\/types\/product"}],"replies":[{"embeddable":true,"href":"https:\/\/liveshowdalat.vn\/en\/wp-json\/wp\/v2\/comments?post=2191"}],"wp:featuredmedia":[{"embeddable":true,"href":"https:\/\/liveshowdalat.vn\/en\/wp-json\/wp\/v2\/media\/44755"}],"wp:attachment":[{"href":"https:\/\/liveshowdalat.vn\/en\/wp-json\/wp\/v2\/media?parent=2191"}],"wp:term":[{"taxonomy":"product_cat","embeddable":true,"href":"https:\/\/liveshowdalat.vn\/en\/wp-json\/wp\/v2\/product_cat?post=2191"},{"taxonomy":"product_tag","embeddable":true,"href":"https:\/\/liveshowdalat.vn\/en\/wp-json\/wp\/v2\/product_tag?post=2191"}],"curies":[{"name":"wp","href":"https:\/\/api.w.org\/{rel}","templated":true}]}}