{"id":2177,"date":"2023-11-25T11:04:16","date_gmt":"2023-11-25T04:04:16","guid":{"rendered":"https:\/\/maylangthangshow.com\/?p=2177"},"modified":"2024-07-14T01:16:54","modified_gmt":"2024-07-13T18:16:54","slug":"lich-dien-thang-12-01-2024","status":"publish","type":"product","link":"https:\/\/liveshowdalat.vn\/en\/lich-dien-thang-12-01-2024.html","title":{"rendered":"L\u1ecaCH DI\u1ec4N TH\u00c1NG 12 &#038; 01\/2024"},"content":{"rendered":"<nav class=\"vietrick-auto-toc\">\n<div class=\"box-title\">\n<h3 class=\"toc-title\" id=\"select-menu\">Danh m\u1ee5c ch\u00ednh<\/h3>\n<div><ion-icon name=\"chevron-up-outline\"><\/ion-icon><\/div>\n<\/div>\n<ul class=\"toc-list\">\n<li><a href='https:\/\/liveshowdalat.vn\/en#lich-dien-thang-12-01-2024-may-lang-thang-da-lat' class='heading-h2 toc-link smooth-scroll'>L\u1ecaCH DI\u1ec4N TH\u00c1NG 12 &amp; 01\/2024 M\u00c2Y LANG THANG \u0110\u00c0 L\u1ea0T<\/a>\n<li><a href='https:\/\/liveshowdalat.vn\/en#lien-he-book-ve' class='heading-h2 toc-link smooth-scroll'>Li\u00ean H\u1ec7 Book V\u00e9\u00a0<\/a><\/ul>\n<\/ul>\n<\/li>\n<\/ul>\n<\/nav>\n<h2 style=\"text-align: center;\" id=\"lich-dien-thang-12-01-2024-may-lang-thang-da-lat\"><span style=\"font-size: 24pt; color: #003300;\"><b>L\u1ecaCH DI\u1ec4N TH\u00c1NG 12 &amp; 01\/2024 M\u00c2Y LANG THANG \u0110\u00c0 L\u1ea0T<\/b><\/span><\/h2>\n<p><span style=\"font-size: 18pt; color: #000080;\"><b>L\u1ecaCH DI\u1ec4N TR\u00caN M\u00c2Y TH\u00c1NG 11 &amp; 12<\/b><\/span><\/p>\n<p><strong><span style=\"font-family: 'comic sans ms', sans-serif;\"><em><span style=\"font-size: 14pt;\">&#8220;Ch\u00e0o m\u00f9a \u0111\u00f4ng, tr\u1eddi v\u1eabn \u0111\u1ed5 m\u01b0a ng\u00e2u, nh\u01b0 l\u01b0u luy\u1ebfn nh\u1eefng \u0111i\u1ec1u g\u00ec qu\u00e1 \u0111\u1ed7i. Nh\u1eefng c\u01a1n m\u01b0a th\u00e1ng t\u00e1m ch\u1eb3ng v\u1ed9i v\u00e3, c\u1ee9 ch\u1ea7m ch\u1eadm, l\u1eb7ng l\u1ebd m\u00e0 dai d\u1eb3ng nh\u01b0 g\u1eedi v\u00e0o \u0111\u00f3 nh\u1eefng y\u00eau th\u01b0\u01a1ng nhung nh\u1edb c\u1ee7a nh\u1eefng ng\u00e0y xa c\u00e1ch, \u0111\u1ee3i ch\u1edd v\u00e0 l\u1ea1i chia tay. Thu v\u1ec1, m\u00f9a c\u1ee7a nh\u1eefng n\u1ed7i nh\u1edb!&#8221;<\/span><\/em><\/span><\/strong><\/p>\n<p><span style=\"font-size: 14pt;\"><span style=\"font-weight: 400;\">H\u00e0ng lo\u1ea1t sao Vi\u1ec7t \u0111\u1ed5 b\u1ed9, s\u1eb5n s\u00e0ng cho nh\u1eefng \u0111\u00eam di\u1ec5n c\u1ee7a c\u1ea3m x\u00fac, h\u00e3y \u0111\u1ec3 M\u00e2y c\u00f9ng giai \u0111i\u1ec7u \u00e2m nh\u1ea1c xua tan phi\u1ec1n mu\u1ed9n v\u00e0 ch\u1eefa l\u00e0nh nh\u1eefng v\u1ebft th\u01b0\u01a1ng trong t\u00e2m h\u1ed3n\u2026<\/span><\/span><\/p>\n<p><span style=\"font-size: 18pt; color: #000080;\"><b>M\u00c2Y \u0110\u00c0 L\u1ea0T<\/b><\/span><\/p>\n<p><strong><em><span style=\"font-size: 14pt; font-family: 'book antiqua', palatino, serif;\">S\u00e2n kh\u1ea5u M\u00e2y Lang Thang Food &amp; Music (S\u1ed1 4 Tr\u1ea7n Quang Di\u1ec7u, ph\u01b0\u1eddng 10, \u0110\u00e0 L\u1ea1t)<\/span><\/em><\/strong><\/p>\n<ul>\n<li style=\"font-weight: 400;\" aria-level=\"1\"><span style=\"font-weight: 400; font-size: 14pt;\">BBQ H\u00e0n Qu\u1ed1c ngo\u00e0i tr\u1eddi \u201cbao ngon \u2013 bao no\u201d v\u1edbi menu \u0111a d\u1ea1ng &amp; h\u1ea5p d\u1eabn<\/span><\/li>\n<li style=\"font-weight: 400;\" aria-level=\"1\"><span style=\"font-weight: 400; font-size: 14pt;\">Acoustic Live Band t\u1eeb 19:30 \u0111\u1ebfn 21:30 t\u1ea5t c\u1ea3 c\u00e1c ng\u00e0y trong tu\u1ea7n<\/span><\/li>\n<li style=\"font-weight: 400;\" aria-level=\"1\"><span style=\"font-weight: 400; font-size: 14pt;\">Kh\u00f4ng gian l\u00e3ng m\u1ea1n \u0111\u00f3n ho\u00e0ng h\u00f4n v\u00e0 t\u1eadn h\u01b0\u1edfng kh\u00f4ng kh\u00ed v\u1ec1 \u0111\u00eam c\u1ee7a \u0110\u00e0 L\u1ea1t<\/span><\/li>\n<\/ul>\n<p><strong><em><span style=\"font-size: 14pt; font-family: 'book antiqua', palatino, serif;\">S\u00e2n kh\u1ea5u Chi\u1ec1u Nh\u1ea1c Tr\u00ean M\u00e2y (M\u00e2y in The Nest, 519 th\u00f4n M\u0103ng Lin) di\u1ec5n 05:00 &#8211; 07:00 pm<\/span><\/em><\/strong><\/p>\n<p><span style=\"font-weight: 400;\"> <img loading=\"lazy\" decoding=\"async\" class=\"wp-image-2178 size-medium aligncenter\" src=\"https:\/\/liveshowdalat.vn\/wp-content\/uploads\/2023\/11\/lich-dien-1-240x300.jpg\" alt=\"l\u1ecbch di\u1ec5n\" width=\"240\" height=\"300\" srcset=\"https:\/\/liveshowdalat.vn\/wp-content\/uploads\/2023\/11\/lich-dien-1-240x300.jpg 240w, https:\/\/liveshowdalat.vn\/wp-content\/uploads\/2023\/11\/lich-dien-1-819x1024.jpg 819w, https:\/\/liveshowdalat.vn\/wp-content\/uploads\/2023\/11\/lich-dien-1-768x960.jpg 768w, https:\/\/liveshowdalat.vn\/wp-content\/uploads\/2023\/11\/lich-dien-1-1229x1536.jpg 1229w, https:\/\/liveshowdalat.vn\/wp-content\/uploads\/2023\/11\/lich-dien-1-600x750.jpg 600w, https:\/\/liveshowdalat.vn\/wp-content\/uploads\/2023\/11\/lich-dien-1.jpg 1440w\" sizes=\"(max-width: 240px) 100vw, 240px\" \/><\/span><\/p>\n<p><img loading=\"lazy\" decoding=\"async\" class=\"alignnone size-full wp-image-2388\" src=\"https:\/\/liveshowdalat.vn\/wp-content\/uploads\/2023\/12\/may-lang-thang.jpg\" alt=\"m\u00e2y lang thang\" width=\"1140\" height=\"1425\" srcset=\"https:\/\/liveshowdalat.vn\/wp-content\/uploads\/2023\/12\/may-lang-thang.jpg 1140w, https:\/\/liveshowdalat.vn\/wp-content\/uploads\/2023\/12\/may-lang-thang-240x300.jpg 240w, https:\/\/liveshowdalat.vn\/wp-content\/uploads\/2023\/12\/may-lang-thang-819x1024.jpg 819w, https:\/\/liveshowdalat.vn\/wp-content\/uploads\/2023\/12\/may-lang-thang-768x960.jpg 768w, https:\/\/liveshowdalat.vn\/wp-content\/uploads\/2023\/12\/may-lang-thang-600x750.jpg 600w\" sizes=\"(max-width: 1140px) 100vw, 1140px\" \/><\/p>\n<p><span style=\"font-size: 18pt; color: #000080;\"><b>TH\u00c1NG 12\u00a0<\/b><\/span><\/p>\n<hr \/>\n<p><span style=\"font-weight: 400; font-size: 18pt;\"><strong>\u00a001.12<\/strong> <\/span><\/p>\n<p><span style=\"font-weight: 400; font-size: 14pt;\">NGUY\u00caN H\u00c0 &#8211; D\u01af\u01a0NG EDWARD &amp; KM: MINH KHA<\/span><\/p>\n<p><span style=\"font-size: 18pt;\"><strong>\u00a002.12<\/strong><\/span><\/p>\n<p><span style=\"font-size: 14pt;\">H\u00c0 TR\u1ea6N &#8211; ORANGE<\/span><\/p>\n<p><span style=\"font-size: 18pt;\"><strong>\u00a008.12<\/strong><\/span><\/p>\n<p><span style=\"font-size: 14pt;\">V\u0102N MAI H\u01af\u01a0NG &#8211; L\u00c2N NH\u00c3<\/span><\/p>\n<p><span style=\"font-size: 18pt;\"><strong>\u00a009.12<\/strong><\/span><\/p>\n<p><span style=\"font-size: 14pt;\">V\u0168 C\u00c1T T\u01af\u1edcNG<\/span><\/p>\n<p><span style=\"font-size: 18pt;\"><strong>\u00a010.12<\/strong><\/span><\/p>\n<p><span style=\"font-size: 14pt;\">QU\u1ed0C THI\u00caN &#8211; PH\u1ea0M QU\u1ef2NH ANH<\/span><\/p>\n<p><span style=\"font-size: 18pt;\"><strong>\u00a016.12<\/strong><\/span><\/p>\n<p><span style=\"font-size: 14pt;\">T\u0102NG PH\u00daC &amp; KM: PH\u01af\u01a0NG ANH IDOL<\/span><\/p>\n<p><span style=\"font-size: 18pt;\"><strong>\u00a017.12<\/strong><\/span><\/p>\n<p><span style=\"font-size: 14pt;\">MYRA TR\u1ea6N<\/span><\/p>\n<p><span style=\"font-size: 18pt;\"><strong>\u00a022.12<\/strong><\/span><\/p>\n<p><span style=\"font-size: 14pt;\">QUANG VINH &#8211; L\u01af\u01a0NG B\u00cdCH H\u1eeeU<\/span><\/p>\n<div dir=\"auto\"><span style=\"font-size: 18pt;\"><strong>\u00a023.12<\/strong><\/span><\/div>\n<div dir=\"auto\">\n<p><span style=\"font-size: 14pt;\"><em>\u201cGi\u00e1ng sinh c\u00f9ng L\u1eef Gia\u201d<\/em>: TU\u1ea4N NG\u1eccC &#8211; KH\u00c1NH H\u00c0 &#8211; THU\u00dd ANH &#8211; L\u01afU B\u00cdCH &#8211; T\u00d4 CH\u1ea4N PHONG <\/span><\/p>\n<\/div>\n<p><span style=\"font-size: 14pt;\">TR\u01af\u01a0NG TH\u1ea2O NHI &#8211; HAKOOTA D\u0168NG H\u00c0<\/span><\/p>\n<div dir=\"auto\"><span style=\"font-size: 14pt;\"><strong>\u00a0<span style=\"font-size: 18pt;\">29.12<\/span><\/strong><\/span><\/div>\n<div dir=\"auto\"><span style=\"font-size: 14pt;\">PHAN M\u1ea0NH QU\u1ef2NH<\/span><\/div>\n<div dir=\"auto\">\u00a0<\/div>\n<div dir=\"auto\">\n<div dir=\"auto\"><span style=\"font-size: 18pt;\"><strong>\u00a030.12<\/strong><\/span><\/div>\n<p><span style=\"font-size: 14pt;\">B\u1eb0NG KI\u1ec0U<\/span><\/p>\n<p><span style=\"font-size: 14pt;\">PH\u1ea0M KH\u00c1NH H\u01afNG &#8211; TR\u01af\u01a0NG TH\u1ea2O NHI<\/span><\/p>\n<div dir=\"auto\">\n<div dir=\"auto\"><span style=\"font-size: 18pt;\"><strong>\u00a031.12<\/strong><\/span><\/div>\n<p><span style=\"font-size: 14pt;\">H\u00c0 NHI<\/span><\/p>\n<p><span style=\"font-size: 14pt;\">TU\u1ea4N NG\u1eccC &#8211; TH\u00daY ANH<\/span><\/p>\n<\/div>\n<\/div>\n<p><span style=\"font-size: 18pt; color: #000080;\"><b>TH\u00c1NG 01.2024\u00a0<\/b><\/span><\/p>\n<hr \/>\n<p><span style=\"font-size: 18pt;\"><strong>\u00a001.01<\/strong><\/span><\/p>\n<p>H\u1ed2 V\u0102N C\u01af\u1edcNG<\/p>\n<p><span style=\"font-size: 14pt;\"><strong>\u00a0<span style=\"font-size: 18pt;\">06.01<\/span><\/strong><\/span><\/p>\n<p><span style=\"font-size: 14pt;\">L\u1ec6 QUY\u00caN &amp; KM: M\u1ea0NH \u0110\u1ed2NG<\/span><\/p>\n<p><span style=\"font-size: 14pt;\"><strong>\u00a0<span style=\"font-size: 18pt;\">12.01<\/span><\/strong><\/span><\/p>\n<p><span style=\"font-size: 14pt;\">T\u00d4 CH\u1ea4N PHONG &#8211; NGUY\u00caN H\u00c0<\/span><\/p>\n<p><span style=\"font-size: 14pt;\"><strong>\u00a0<span style=\"font-size: 18pt;\">13.01<\/span><\/strong><\/span><\/p>\n<p><span style=\"font-size: 14pt;\">KH\u00c1NH H\u00c0 &#8211; L\u00ca HI\u1ebeU<\/span><\/p>\n<p><span style=\"font-size: 14pt;\"><strong>\u00a0<span style=\"font-size: 18pt;\">19.01<\/span><\/strong><\/span><\/p>\n<p><span style=\"font-size: 14pt;\">PHAN M\u1ea0NH QU\u1ef2NH<\/span><\/p>\n<div dir=\"auto\"><span style=\"font-size: 14pt;\"><strong>\u00a0<span style=\"font-size: 18pt;\">20.01<\/span><\/strong><\/span><\/div>\n<p><span style=\"font-size: 14pt;\">T\u0102NG PH\u00daC<\/span><\/p>\n<p><span style=\"font-size: 14pt;\">PH\u01af\u01a0NG ANH &#8211; PH\u01af\u01a0NG \u00dd<\/span><\/p>\n<div dir=\"auto\"><span style=\"font-size: 18pt;\"><strong>27.01<\/strong><\/span><\/div>\n<div dir=\"auto\"><span style=\"font-size: 14pt;\">L\u00ca HI\u1ebeU &#8211; HO\u00c0NG H\u1ea2I<\/span><\/div>\n<div dir=\"auto\">\u00a0<\/div>\n<div dir=\"auto\"><img loading=\"lazy\" decoding=\"async\" class=\"alignnone size-full wp-image-2393\" src=\"https:\/\/liveshowdalat.vn\/wp-content\/uploads\/2023\/12\/405727564_729289342566940_4519281054611966771_n.jpg\" alt=\"m\u00e2y lang thang\" width=\"2048\" height=\"1366\" srcset=\"https:\/\/liveshowdalat.vn\/wp-content\/uploads\/2023\/12\/405727564_729289342566940_4519281054611966771_n.jpg 2048w, https:\/\/liveshowdalat.vn\/wp-content\/uploads\/2023\/12\/405727564_729289342566940_4519281054611966771_n-300x200.jpg 300w, https:\/\/liveshowdalat.vn\/wp-content\/uploads\/2023\/12\/405727564_729289342566940_4519281054611966771_n-1024x683.jpg 1024w, https:\/\/liveshowdalat.vn\/wp-content\/uploads\/2023\/12\/405727564_729289342566940_4519281054611966771_n-768x512.jpg 768w, https:\/\/liveshowdalat.vn\/wp-content\/uploads\/2023\/12\/405727564_729289342566940_4519281054611966771_n-1536x1025.jpg 1536w, https:\/\/liveshowdalat.vn\/wp-content\/uploads\/2023\/12\/405727564_729289342566940_4519281054611966771_n-600x400.jpg 600w\" sizes=\"(max-width: 2048px) 100vw, 2048px\" \/><\/div>\n<div dir=\"auto\"><img loading=\"lazy\" decoding=\"async\" class=\"alignnone size-full wp-image-2387\" src=\"https:\/\/liveshowdalat.vn\/wp-content\/uploads\/2023\/12\/404689776_729289595900248_3654353145822699423_n.jpg\" alt=\"\" width=\"2048\" height=\"1366\" srcset=\"https:\/\/liveshowdalat.vn\/wp-content\/uploads\/2023\/12\/404689776_729289595900248_3654353145822699423_n.jpg 2048w, https:\/\/liveshowdalat.vn\/wp-content\/uploads\/2023\/12\/404689776_729289595900248_3654353145822699423_n-300x200.jpg 300w, https:\/\/liveshowdalat.vn\/wp-content\/uploads\/2023\/12\/404689776_729289595900248_3654353145822699423_n-1024x683.jpg 1024w, https:\/\/liveshowdalat.vn\/wp-content\/uploads\/2023\/12\/404689776_729289595900248_3654353145822699423_n-768x512.jpg 768w, https:\/\/liveshowdalat.vn\/wp-content\/uploads\/2023\/12\/404689776_729289595900248_3654353145822699423_n-1536x1025.jpg 1536w, https:\/\/liveshowdalat.vn\/wp-content\/uploads\/2023\/12\/404689776_729289595900248_3654353145822699423_n-600x400.jpg 600w\" sizes=\"(max-width: 2048px) 100vw, 2048px\" \/><\/div>\n<div dir=\"auto\"><img loading=\"lazy\" decoding=\"async\" class=\"alignnone size-full wp-image-2386\" src=\"https:\/\/liveshowdalat.vn\/wp-content\/uploads\/2023\/12\/404689900_729289619233579_8845745901215740979_n.jpg\" alt=\"m\u00e2y lang thang\" width=\"2048\" height=\"1366\" srcset=\"https:\/\/liveshowdalat.vn\/wp-content\/uploads\/2023\/12\/404689900_729289619233579_8845745901215740979_n.jpg 2048w, https:\/\/liveshowdalat.vn\/wp-content\/uploads\/2023\/12\/404689900_729289619233579_8845745901215740979_n-300x200.jpg 300w, https:\/\/liveshowdalat.vn\/wp-content\/uploads\/2023\/12\/404689900_729289619233579_8845745901215740979_n-1024x683.jpg 1024w, https:\/\/liveshowdalat.vn\/wp-content\/uploads\/2023\/12\/404689900_729289619233579_8845745901215740979_n-768x512.jpg 768w, https:\/\/liveshowdalat.vn\/wp-content\/uploads\/2023\/12\/404689900_729289619233579_8845745901215740979_n-1536x1025.jpg 1536w, https:\/\/liveshowdalat.vn\/wp-content\/uploads\/2023\/12\/404689900_729289619233579_8845745901215740979_n-600x400.jpg 600w\" sizes=\"(max-width: 2048px) 100vw, 2048px\" \/><em><span style=\"color: #003300;\"><strong><span style=\"font-size: 18pt;\">Ch\u00ednh s\u00e1ch tr\u1ebb em b\u00ean M\u00e2y Lang Thang:<\/span><\/strong><\/span><\/em><\/div>\n<p><span style=\"font-weight: 400; font-size: 14pt;\">\u2013 Mi\u1ec5n ph\u00ed cho b\u00e9 d\u01b0\u1edbi 3 tu\u1ed5i ( ng\u1ed3i chung gh\u1ebf v\u1edbi b\u1ed1 m\u1eb9 su\u1ed1t bu\u1ed5i di\u1ec5n )<\/span><\/p>\n<p><span style=\"font-weight: 400; font-size: 14pt;\">\u2013 N\u1ebfu b\u00e9 tr\u00ean 3 tu\u1ed5i, d\u01b0\u1edbi 1m2 gi\u1ea3m 30% ( c\u00f3 gh\u1ebf ri\u00eang ), ho\u00e0n tr\u1ef1c ti\u1ebfp t\u1ea1i show<\/span><\/p>\n<p><span style=\"font-weight: 400; font-size: 14pt;\">\u2013 Tr\u00ean 1m2 v\u1eabn t\u00ednh v\u00e9 nh\u01b0 ng\u01b0\u1eddi l\u1edbn.<\/span><\/p>\n<p><span style=\"color: #003300;\"><strong><span style=\"font-size: 18pt;\">L\u01afU \u00dd<\/span><\/strong><\/span><\/p>\n<p><span style=\"font-weight: 400; font-size: 14pt;\">\u2013 BTC kh\u00f4ng h\u1ed7 tr\u1ee3 ho\u00e0n v\u00e9 d\u01b0\u1edbi m\u1ecdi h\u00ecnh th\u1ee9c<\/span><\/p>\n<p><span style=\"font-weight: 400; font-size: 14pt;\">\u2013 Vui l\u00f2ng kh\u00f4ng mang \u0111\u1ed3 \u0103n n\u01b0\u1edbc u\u1ed1ng b\u00ean ngo\u00e0i v\u00e0o khu v\u1ef1c bi\u1ec3u di\u1ec5n<\/span><\/p>\n<p><span style=\"font-weight: 400; font-size: 14pt;\">\u2013 Tr\u01b0\u1eddng h\u1ee3p h\u1ee7y v\u00e9 v\u00e0 b\u1ea3o l\u01b0u v\u00e9 c\u1ea7n th\u00f4ng b\u00e1o t\u1edbi BTC tr\u01b0\u1edbc 24 gi\u1edd, sau kho\u1ea3ng th\u1eddi gian tr\u00ean s\u1ebd kh\u00f4ng \u0111\u01b0\u1ee3c h\u1ed7 tr\u1ee3<\/span><\/p>\n<p><span style=\"color: #003300;\"><strong><span style=\"font-size: 18pt;\"><i>B\u1ea1n l\u01b0u \u00fd th\u00f4ng tin b\u1ea3o l\u01b0u sau:<\/i><\/span><\/strong><\/span><\/p>\n<p><span style=\"font-weight: 400; font-size: 14pt;\">\u2013 Th\u1eddi h\u1ea1n b\u1ea3o l\u01b0u l\u00e0 trong v\u00f2ng m\u1ed9t n\u0103m t\u00ednh theo ng\u00e0y x\u00e1c nh\u1eadn b\u1ea3o l\u01b0u.<\/span><\/p>\n<p><span style=\"font-weight: 400; font-size: 14pt;\">\u2013 B\u1ea3o l\u01b0u ch\u1ec9 c\u00f3 hi\u1ec7u l\u1ef1c c\u00f9ng khu v\u1ef1c \u0111\u00e3 \u0111\u1eb7t<\/span><\/p>\n<p><span style=\"font-weight: 400; font-size: 14pt;\">\u2013 M\u00e2y ch\u1ec9 h\u1ed7 tr\u1ee3 b\u1ea3o l\u01b0u c\u00f9ng h\u1ea1ng gi\u00e1, v\u1edbi gi\u00e1 v\u00e9 cao h\u01a1n (vui l\u00f2ng b\u00f9 ph\u1ea7n ch\u00eanh l\u1ec7ch gi\u00fap M\u00e2y).<\/span><\/p>\n<p><span style=\"font-weight: 400; font-size: 14pt;\">Trong tr\u01b0\u1eddng h\u1ee3p h\u1ea1ng v\u00e9 th\u1ea5p s\u1ed1 ti\u1ec1n \u0111\u00e3 b\u1ea3o l\u01b0u, M\u00e2y kh\u00f4ng h\u1ed7 tr\u1ee3 ho\u00e0n ti\u1ec1n.<\/span><\/p>\n<p><img loading=\"lazy\" decoding=\"async\" class=\"alignnone size-full wp-image-2044\" src=\"https:\/\/liveshowdalat.vn\/wp-content\/uploads\/2023\/11\/z4761080474588_1398bc24a52545a097f4052e30c410c8-1.jpg\" alt=\"m\u00e2y in the nest\" width=\"1280\" height=\"904\" srcset=\"https:\/\/liveshowdalat.vn\/wp-content\/uploads\/2023\/11\/z4761080474588_1398bc24a52545a097f4052e30c410c8-1.jpg 1280w, https:\/\/liveshowdalat.vn\/wp-content\/uploads\/2023\/11\/z4761080474588_1398bc24a52545a097f4052e30c410c8-1-300x212.jpg 300w, https:\/\/liveshowdalat.vn\/wp-content\/uploads\/2023\/11\/z4761080474588_1398bc24a52545a097f4052e30c410c8-1-1024x723.jpg 1024w, https:\/\/liveshowdalat.vn\/wp-content\/uploads\/2023\/11\/z4761080474588_1398bc24a52545a097f4052e30c410c8-1-768x542.jpg 768w, https:\/\/liveshowdalat.vn\/wp-content\/uploads\/2023\/11\/z4761080474588_1398bc24a52545a097f4052e30c410c8-1-600x424.jpg 600w\" sizes=\"(max-width: 1280px) 100vw, 1280px\" \/><\/p>\n<p><img loading=\"lazy\" decoding=\"async\" class=\"alignnone size-full wp-image-2087\" src=\"https:\/\/liveshowdalat.vn\/wp-content\/uploads\/2023\/11\/358588763_10159182133710059_4869021154132542802_n.jpg\" alt=\"\" width=\"1364\" height=\"908\" srcset=\"https:\/\/liveshowdalat.vn\/wp-content\/uploads\/2023\/11\/358588763_10159182133710059_4869021154132542802_n.jpg 1364w, https:\/\/liveshowdalat.vn\/wp-content\/uploads\/2023\/11\/358588763_10159182133710059_4869021154132542802_n-300x200.jpg 300w, https:\/\/liveshowdalat.vn\/wp-content\/uploads\/2023\/11\/358588763_10159182133710059_4869021154132542802_n-1024x682.jpg 1024w, https:\/\/liveshowdalat.vn\/wp-content\/uploads\/2023\/11\/358588763_10159182133710059_4869021154132542802_n-768x511.jpg 768w, https:\/\/liveshowdalat.vn\/wp-content\/uploads\/2023\/11\/358588763_10159182133710059_4869021154132542802_n-600x399.jpg 600w\" sizes=\"(max-width: 1364px) 100vw, 1364px\" \/><\/p>\n<p><img loading=\"lazy\" decoding=\"async\" class=\"alignnone size-full wp-image-2149\" src=\"https:\/\/liveshowdalat.vn\/wp-content\/uploads\/2023\/11\/may-lang-thang.jpg\" alt=\"m\u00e2y lang thang\" width=\"2000\" height=\"1600\" srcset=\"https:\/\/liveshowdalat.vn\/wp-content\/uploads\/2023\/11\/may-lang-thang.jpg 2000w, https:\/\/liveshowdalat.vn\/wp-content\/uploads\/2023\/11\/may-lang-thang-300x240.jpg 300w, https:\/\/liveshowdalat.vn\/wp-content\/uploads\/2023\/11\/may-lang-thang-1024x819.jpg 1024w, https:\/\/liveshowdalat.vn\/wp-content\/uploads\/2023\/11\/may-lang-thang-768x614.jpg 768w, https:\/\/liveshowdalat.vn\/wp-content\/uploads\/2023\/11\/may-lang-thang-1536x1229.jpg 1536w, https:\/\/liveshowdalat.vn\/wp-content\/uploads\/2023\/11\/may-lang-thang-600x480.jpg 600w\" sizes=\"(max-width: 2000px) 100vw, 2000px\" \/><\/p>\n<h2 id=\"lien-he-book-ve\"><span style=\"color: #003300;\"><b>Li\u00ean H\u1ec7 Book V\u00e9\u00a0<\/b><\/span><\/h2>\n<p><span style=\"font-weight: 400; font-size: 14pt;\">Hotline\/Zalo: 0988 249 297<\/span><\/p>\n<p><span style=\"font-size: 14pt;\"><span style=\"font-weight: 400;\">Fanpage booking: <\/span><a href=\"https:\/\/www.facebook.com\/liveshowdalat\/\" rel=\"noopener\"><span style=\"font-weight: 400;\">M\u00e2y Lang Thang<\/span><\/a><\/span><\/p>\n<p><span style=\"font-size: 14pt;\"><span style=\"font-weight: 400;\">Xem th\u00eam b\u00e0i vi\u1ebft kh\u00e1c t\u1ea1i: <\/span><a href=\"https:\/\/maylangthangshow.com\/\" rel=\"noopener\"><span style=\"font-weight: 400;\">Cloud Wandered Show\u00a0<\/span><\/a><\/span><\/p>","protected":false},"excerpt":{"rendered":"<p>Danh m\u1ee5c ch\u00ednh L\u1ecaCH DI\u1ec4N TH\u00c1NG 12 &amp; 01\/2024 M\u00c2Y LANG THANG \u0110\u00c0 L\u1ea0T Li\u00ean H\u1ec7 Book V\u00e9\u00a0 L\u1ecaCH DI\u1ec4N TH\u00c1NG 12 &amp; 01\/2024 M\u00c2Y LANG THANG \u0110\u00c0 L\u1ea0T L\u1ecaCH DI\u1ec4N TR\u00caN M\u00c2Y TH\u00c1NG 11 &amp; 12 &#8220;Ch\u00e0o m\u00f9a \u0111\u00f4ng, tr\u1eddi v\u1eabn \u0111\u1ed5 m\u01b0a ng\u00e2u, nh\u01b0 l\u01b0u luy\u1ebfn nh\u1eefng \u0111i\u1ec1u g\u00ec qu\u00e1 \u0111\u1ed7i. Nh\u1eefng c\u01a1n [&hellip;]<\/p>","protected":false},"featured_media":2388,"comment_status":"open","ping_status":"closed","template":"","meta":[],"product_cat":[2420,31],"product_tag":[],"_links":{"self":[{"href":"https:\/\/liveshowdalat.vn\/en\/wp-json\/wp\/v2\/product\/2177"}],"collection":[{"href":"https:\/\/liveshowdalat.vn\/en\/wp-json\/wp\/v2\/product"}],"about":[{"href":"https:\/\/liveshowdalat.vn\/en\/wp-json\/wp\/v2\/types\/product"}],"replies":[{"embeddable":true,"href":"https:\/\/liveshowdalat.vn\/en\/wp-json\/wp\/v2\/comments?post=2177"}],"wp:featuredmedia":[{"embeddable":true,"href":"https:\/\/liveshowdalat.vn\/en\/wp-json\/wp\/v2\/media\/2388"}],"wp:attachment":[{"href":"https:\/\/liveshowdalat.vn\/en\/wp-json\/wp\/v2\/media?parent=2177"}],"wp:term":[{"taxonomy":"product_cat","embeddable":true,"href":"https:\/\/liveshowdalat.vn\/en\/wp-json\/wp\/v2\/product_cat?post=2177"},{"taxonomy":"product_tag","embeddable":true,"href":"https:\/\/liveshowdalat.vn\/en\/wp-json\/wp\/v2\/product_tag?post=2177"}],"curies":[{"name":"wp","href":"https:\/\/api.w.org\/{rel}","templated":true}]}}