{"id":2062,"date":"2024-07-10T14:29:30","date_gmt":"2024-07-10T07:29:30","guid":{"rendered":"https:\/\/lululolashow.com\/?p=2062"},"modified":"2024-11-08T16:18:17","modified_gmt":"2024-11-08T09:18:17","slug":"live-show-huong-tram-km-hoang-hai-hoang-phuong-28-07-2","status":"publish","type":"product","link":"https:\/\/liveshowdalat.vn\/en\/live-show-huong-tram-km-hoang-hai-hoang-phuong-28-07-2.html","title":{"rendered":"LIVE SHOW H\u01af\u01a0NG TR\u00c0M &#8211; KM: HO\u00c0NG H\u1ea2I &#038; HO\u00c0NG PH\u01af\u01a0NG 28.07"},"content":{"rendered":"<nav class=\"vietrick-auto-toc\">\n<div class=\"box-title\">\n<h3 class=\"toc-title\" id=\"select-menu\">Danh m\u1ee5c ch\u00ednh<\/h3>\n<div><ion-icon name=\"chevron-up-outline\"><\/ion-icon><\/div>\n<\/div>\n<ul class=\"toc-list\">\n<li><a href='https:\/\/liveshowdalat.vn\/en#live-show-huong-tram-km-hoang-hai-hoang-phuong-sweet-home' class='heading-h2 toc-link smooth-scroll'>LIVE SHOW H\u01af\u01a0NG TR\u00c0M &#8211; KM: HO\u00c0NG H\u1ea2I &amp; HO\u00c0NG PH\u01af\u01a0NG | SWEET HOME<\/a>\n<li><a href='https:\/\/liveshowdalat.vn\/en#lien-he-book-ve' class='heading-h2 toc-link smooth-scroll'>Li\u00ean H\u1ec7 Book V\u00e9\u00a0<\/a><\/ul>\n<\/ul>\n<\/li>\n<\/ul>\n<\/nav>\n<h2 style=\"text-align: center;\" id=\"live-show-huong-tram-km-hoang-hai-hoang-phuong-sweet-home\"><span style=\"color: #800000;\"><strong><span style=\"font-size: 24pt;\">LIVE SHOW H\u01af\u01a0NG TR\u00c0M &#8211; KM: HO\u00c0NG H\u1ea2I &amp; HO\u00c0NG PH\u01af\u01a0NG | SWEET HOME<\/span><\/strong><\/span><\/h2>\n<p><img loading=\"lazy\" decoding=\"async\" class=\"aligncenter wp-image-2059 size-large\" src=\"https:\/\/lululolashow.com\/wp-content\/uploads\/2024\/07\/Lululola-Show-Thang-7-819x1024.jpg\" alt=\"Lululola Show - Th\u00e1ng 7\" width=\"819\" height=\"1024\" \/><\/p>\n<p><span style=\"font-size: 18pt; color: #993300;\"><strong>Ng\u00e0y di\u1ec5n: 28.07.2024\u00a0<\/strong><\/span><\/p>\n<p><span style=\"font-size: 14pt;\"><strong>CHECK IN T\u1eea:<\/strong> 17:30<\/span><\/p>\n<p><span style=\"font-size: 18.6667px;\"><b>SHOWTIME: <\/b>19:30 PM<\/span><\/p>\n<p><span style=\"font-size: 14pt; font-family: georgia, palatino, serif;\"><em>Lululola Show S\u00e0i G\u00f2n \u2013 H\u01a1n c\u1ea3 \u00e2m nh\u1ea1c, kh\u00f4ng gian c\u1ef1c chill s\u1ebd gi\u00fap b\u1ea1n th\u0103ng hoa khi th\u01b0\u1edfng th\u1ee9c \u0111\u00eam nh\u1ea1c t\u1ea1i Lululola<\/em><\/span><\/p>\n<p><span style=\"font-size: 18.6667px;\">\u0110\u1ebfn v\u1edbi Lululola S\u00e0i G\u00f2n b\u1ea1n s\u1ebd \u0111\u01b0\u1ee3c ch\u00ecm \u0111\u1eafm trong kh\u00f4ng gian \u00e2m nh\u1ea1c \u0111\u1ea7y c\u1ea3m x\u00fac c\u00f9ng v\u1edbi nh\u1eefng b\u1ea3n t\u00ecnh ca b\u1ea5t h\u1eefu du d\u01b0\u01a1ng, \u00eam \u00e1i. Gi\u1eefa l\u00f2ng th\u00e0nh ph\u1ed1 b\u1ed9n b\u1ec1 t\u1ea5p n\u1eadp v\u1eabn lu\u00f4n c\u00f3 Lululola v\u1ed7 v\u1ec1 v\u00e0 n\u00e2ng niu t\u1eebng cung b\u1eadc c\u1ea3m x\u00fac c\u1ee7a b\u1ea1n. <\/span><\/p>\n<p><span style=\"font-size: 18.6667px;\">M\u1ed9t kh\u00f4ng gian d\u00e0nh ri\u00eang cho ng\u01b0\u1eddi y\u00eau nh\u1ea1c!<\/span><\/p>\n<p><img loading=\"lazy\" decoding=\"async\" class=\"size-full wp-image-2063 aligncenter\" src=\"https:\/\/lululolashow.com\/wp-content\/uploads\/2024\/07\/placeMapSGN.jpg\" alt=\"S\u01a1 \u0110\u1ed3 Lalaland S\u00e0i G\u00f2n\" width=\"2560\" height=\"1811\" \/><\/p>\n<p><span style=\"font-size: 18pt; color: #003300;\"><b>GI\u00c1 V\u00c9:\u00a0<\/b><\/span><\/p>\n<p><span style=\"font-size: 18pt;\"><span style=\"color: #800000;\"><strong>\u2234VVIP:<\/strong><\/span><strong> 1.900K<\/strong><\/span><\/p>\n<p><strong><span style=\"font-size: 18pt;\"><span style=\"color: #800000;\">\u2234VIP: <\/span>1.600K <\/span><\/strong><\/p>\n<p><strong><span style=\"font-size: 18pt;\"><span style=\"color: #800000;\">\u2234DELUXE:<\/span> 1.300K <\/span><\/strong><\/p>\n<p><strong><span style=\"font-size: 18pt;\"><span style=\"color: #800000;\">\u2234STANDARD:<\/span> 1.000K <\/span><\/strong><\/p>\n<p><strong><span style=\"font-size: 18pt;\"><span style=\"color: #800000;\">\u2234ECONOMY:<\/span> 700K<\/span><\/strong><\/p>\n<p><img loading=\"lazy\" decoding=\"async\" class=\"size-full wp-image-2063 aligncenter\" src=\"https:\/\/lululolashow.com\/wp-content\/uploads\/2024\/07\/placeMapSGN.jpg\" alt=\"S\u01a1 \u0110\u1ed3 Lalaland S\u00e0i G\u00f2n\" width=\"2560\" height=\"1811\" \/><\/p>\n<p><span style=\"font-size: 18pt; color: #800000;\"><b>(*)Ghi ch\u00fa:<\/b><\/span><\/p>\n<p><span style=\"font-size: 14pt;\">Ch\u1ed7 ng\u01b0\u1eddi l\u1edbn tr\u00ean 12 tu\u1ed5i \u0111\u01b0\u1ee3c t\u00ednh b\u1eb1ng 100% gi\u00e1 ph\u1ee5 thu.<\/span><\/p>\n<p><span style=\"font-size: 14pt;\">Ch\u1ed7 tr\u1ebb em t\u1eeb 6 \u0111\u1ebfn 12 tu\u1ed5i \u0111\u01b0\u1ee3c t\u00ednh b\u1eb1ng 50% gi\u00e1 ph\u1ee5 thu.<\/span><\/p>\n<p><span style=\"font-size: 14pt;\">Tr\u1ebb em d\u01b0\u1edbi 6 tu\u1ed5i \u0111\u01b0\u1ee3c mi\u1ec5n ph\u00ed (ng\u1ed3i c\u00f9ng ng\u01b0\u1eddi l\u1edbn v\u00e0 kh\u00f4ng c\u00f3 gh\u1ebf ri\u00eang)<\/span><\/p>\n<p><span style=\"font-size: 14pt;\">Qu\u00fd kh\u00e1ch vui l\u00f2ng thanh to\u00e1n chuy\u1ec3n kho\u1ea3n tr\u01b0\u1edbc 12h \u0111\u1ec3 gi\u1eef \u0111\u1eb7t ch\u1ed7.(t\u00ednh t\u1eeb th\u1eddi \u0111i\u1ec3m \u0111\u1eb7t ch\u1ed7)<\/span><\/p>\n<p><span style=\"font-size: 14pt;\">C\u00e1c \u0110\u1eb7t ch\u1ed7 kh\u00f4ng th\u1ef1c hi\u1ec7n \u0111\u00fang v\u00e0 \u0111\u1ee7 c\u00e1c b\u01b0\u1edbc v\u00e0 \u0111\u1ea3m b\u1ea3o th\u1eddi gian theo quy \u0111\u1ecbnh s\u1ebd t\u1ef1 \u0111\u1ed3ng b\u1ecb h\u1ee7y m\u00e0 kh\u00f4ng c\u1ea7n th\u00f4ng b\u00e1o tr\u01b0\u1edbc.<\/span><\/p>\n<p>&nbsp;<\/p>\n<p><span style=\"font-size: 18pt; color: #800000;\"><b>(*)Ch\u00ednh s\u00e1ch qu\u00e0 t\u1eb7ng cho v\u00e9 tr\u1ebb em.<\/b><\/span><\/p>\n<p><span style=\"font-size: 14pt;\"> \u2013 2 v\u00e9 tr\u1ebb em: 1 qu\u00e0 h\u1ea1ng v\u00e9 t\u01b0\u01a1ng \u1ee9ng. <\/span><\/p>\n<p><span style=\"font-size: 14pt;\">\u2013 1 v\u00e9 tr\u1ebb em: Ph\u1ee5 thu 100.000 VND cho qu\u00e0 h\u1ea1ng v\u00e9 t\u01b0\u01a1ng \u1ee9ng. (Kh\u00f4ng b\u1eaft bu\u1ed9c).<\/span><\/p>\n<p><span style=\"font-size: 18pt; color: #800000;\"><b>(*)Ch\u00ednh s\u00e1ch ho\u00e0n v\u00e9, hu\u1ef7 v\u00e9 v\u00e0 b\u1ea3o l\u01b0u.<\/b><\/span><\/p>\n<p><span style=\"font-size: 14pt; color: #003300;\"><strong>1. Hu\u1ef7 V\u00e9 v\u00e0 B\u1ea3o L\u01b0u V\u00e9:<\/strong><\/span><\/p>\n<p><span style=\"font-size: 14pt;\">\u2013 Y\u00eau c\u1ea7u hu\u1ef7 v\u00e9 v\u00e0 b\u1ea3o l\u01b0u tr\u01b0\u1edbc gi\u1edd show h\u01a1n 48h . Lululola b\u1ea3o l\u01b0u 70% gi\u00e1 tr\u1ecb v\u00e9.<\/span><\/p>\n<p><span style=\"font-size: 14pt;\">\u2013 Y\u00eau c\u1ea7u hu\u1ef7 v\u00e9 v\u00e0 b\u1ea3o l\u01b0u tr\u01b0\u1edbc gi\u1edd show trong v\u00f2ng 12-48h. Lululola b\u1ea3o l\u01b0u 50% gi\u00e1 tr\u1ecb v\u00e9.<\/span><\/p>\n<p><span style=\"font-size: 14pt;\">\u2013 Y\u00eau c\u1ea7u hu\u1ef7 v\u00e9 v\u00e0 b\u1ea3o l\u01b0u tr\u01b0\u1edbc gi\u1edd show d\u01b0\u1edbi 12h. Lululola kh\u00f4ng b\u1ea3o l\u01b0u v\u00e9.<\/span><\/p>\n<p><em><span style=\"font-size: 14pt;\"><b>* Gi\u00e1 tr\u1ecb b\u1ea3o l\u01b0u c\u00f3 th\u1eddi h\u1ea1n 90 ng\u00e0y cho nh\u1eefng show sau.<\/b><\/span><\/em><\/p>\n<p><span style=\"font-size: 14pt; color: #003300;\"><strong>2. Hu\u1ef7 V\u00e9 v\u00e0 Ho\u00e0n Ti\u1ec1n<\/strong><\/span><\/p>\n<p><span style=\"font-size: 14pt;\">\u2013 Y\u00eau c\u1ea7u hu\u1ef7 v\u00e9 v\u00e0 ho\u00e0n ti\u1ec1n tr\u01b0\u1edbc gi\u1edd show h\u01a1n 48h . Ho\u00e0n 50% gi\u00e1 Tr\u1ecb v\u00e9<\/span><\/p>\n<p><span style=\"font-size: 14pt;\">\u2013 Y\u00eau c\u1ea7u hu\u1ef7 v\u00e9 v\u00e0 ho\u00e0n ti\u1ec1n tr\u01b0\u1edbc gi\u1edd show trong v\u00f2ng 12-48h. Ho\u00e0n 30% gi\u00e1 Tr\u1ecb v\u00e9<\/span><\/p>\n<p><span style=\"font-size: 14pt;\">\u2013 Y\u00eau c\u1ea7u hu\u1ef7 v\u00e9 v\u00e0 ho\u00e0n ti\u1ec1n tr\u01b0\u1edbc gi\u1edd show d\u01b0\u1edbi 12h. Kh\u00f4ng ho\u00e0n ti\u1ec1n<\/span><\/p>\n<p><img loading=\"lazy\" decoding=\"async\" class=\"size-full wp-image-2063 aligncenter\" src=\"https:\/\/lululolashow.com\/wp-content\/uploads\/2024\/07\/placeMapSGN.jpg\" alt=\"S\u01a1 \u0110\u1ed3 Lalaland S\u00e0i G\u00f2n\" width=\"2560\" height=\"1811\" \/><\/p>\n<h2 id=\"lien-he-book-ve\"><span style=\"color: #800000; font-size: 24pt;\"><b>Li\u00ean H\u1ec7 Book V\u00e9\u00a0<\/b><\/span><\/h2>\n<p><span style=\"font-size: 14pt;\"><strong>Hotline\/Zalo:\u00a0<span style=\"font-family: arial, helvetica, sans-serif; color: #003300;\">0988 249 297<\/span><\/strong><\/span><\/p>\n<p><span style=\"font-size: 14pt; font-family: arial, helvetica, sans-serif;\">Fanpage booking:\u00a0<a href=\"https:\/\/www.facebook.com\/liveshowdalat\/\" target=\"_blank\" rel=\"noopener\">Lululola Coffee+<\/a><\/span><\/p>\n<p><span style=\"font-size: 14pt;\">Xem th\u00eam b\u00e0i vi\u1ebft kh\u00e1c t\u1ea1i: <a href=\"https:\/\/lululolashow.com\/\" rel=\"noopener\">Lululola Show<\/a><\/span><\/p>","protected":false},"excerpt":{"rendered":"<p>Danh m\u1ee5c ch\u00ednh LIVE SHOW H\u01af\u01a0NG TR\u00c0M &#8211; KM: HO\u00c0NG H\u1ea2I &amp; HO\u00c0NG PH\u01af\u01a0NG | SWEET HOME Li\u00ean H\u1ec7 Book V\u00e9\u00a0 LIVE SHOW H\u01af\u01a0NG TR\u00c0M &#8211; KM: HO\u00c0NG H\u1ea2I &amp; HO\u00c0NG PH\u01af\u01a0NG | SWEET HOME Ng\u00e0y di\u1ec5n: 28.07.2024\u00a0 CHECK IN T\u1eea: 17:30 SHOWTIME: 19:30 PM Lululola Show S\u00e0i G\u00f2n \u2013 H\u01a1n c\u1ea3 \u00e2m nh\u1ea1c, kh\u00f4ng [&hellip;]<\/p>","protected":false},"featured_media":44798,"comment_status":"open","ping_status":"closed","template":"","meta":[],"product_cat":[31,2558,50],"product_tag":[],"_links":{"self":[{"href":"https:\/\/liveshowdalat.vn\/en\/wp-json\/wp\/v2\/product\/2062"}],"collection":[{"href":"https:\/\/liveshowdalat.vn\/en\/wp-json\/wp\/v2\/product"}],"about":[{"href":"https:\/\/liveshowdalat.vn\/en\/wp-json\/wp\/v2\/types\/product"}],"replies":[{"embeddable":true,"href":"https:\/\/liveshowdalat.vn\/en\/wp-json\/wp\/v2\/comments?post=2062"}],"wp:featuredmedia":[{"embeddable":true,"href":"https:\/\/liveshowdalat.vn\/en\/wp-json\/wp\/v2\/media\/44798"}],"wp:attachment":[{"href":"https:\/\/liveshowdalat.vn\/en\/wp-json\/wp\/v2\/media?parent=2062"}],"wp:term":[{"taxonomy":"product_cat","embeddable":true,"href":"https:\/\/liveshowdalat.vn\/en\/wp-json\/wp\/v2\/product_cat?post=2062"},{"taxonomy":"product_tag","embeddable":true,"href":"https:\/\/liveshowdalat.vn\/en\/wp-json\/wp\/v2\/product_tag?post=2062"}],"curies":[{"name":"wp","href":"https:\/\/api.w.org\/{rel}","templated":true}]}}