{"id":1988,"date":"2024-06-18T12:27:36","date_gmt":"2024-06-18T05:27:36","guid":{"rendered":"https:\/\/lululolashow.com\/?p=1988"},"modified":"2024-11-09T08:56:12","modified_gmt":"2024-11-09T01:56:12","slug":"lich-dien-lululola-thang-8-2024-2","status":"publish","type":"product","link":"https:\/\/liveshowdalat.vn\/en\/lich-dien-lululola-thang-8-2024-2.html","title":{"rendered":"L\u1ecaCH DI\u1ec4N LULULOLA TH\u00c1NG 8\/2024"},"content":{"rendered":"<nav class=\"vietrick-auto-toc\">\n<div class=\"box-title\">\n<h3 class=\"toc-title\" id=\"select-menu\">Danh m\u1ee5c ch\u00ednh<\/h3>\n<div><ion-icon name=\"chevron-up-outline\"><\/ion-icon><\/div>\n<\/div>\n<ul class=\"toc-list\">\n<li><a href='https:\/\/liveshowdalat.vn\/en#lich-dien-lululola-thang-8-2024' class='heading-h2 toc-link smooth-scroll'>L\u1ecaCH DI\u1ec4N LULULOLA TH\u00c1NG 8\/2024<\/a>\n<li><a href='https:\/\/liveshowdalat.vn\/en#lien-he-book-ve' class='heading-h2 toc-link smooth-scroll'>Li\u00ean H\u1ec7 Book V\u00e9\u00a0<\/a><\/ul>\n<\/ul>\n<\/li>\n<\/ul>\n<\/nav>\n<h2 style=\"text-align: center;\" id=\"lich-dien-lululola-thang-8-2024\"><span style=\"font-size: 24pt; color: #800000;\"><b>L\u1ecaCH DI\u1ec4N <\/b><\/span><span style=\"font-size: 24pt; color: #800000;\"><b>LULULOLA <\/b><\/span><span style=\"font-size: 24pt; color: #800000;\"><b>TH\u00c1NG 8\/2024<\/b><\/span><\/h2>\n<p style=\"text-align: center;\"><span style=\"font-family: tahoma, arial, helvetica, sans-serif; color: #000080;\"><span style=\"font-size: 14pt;\">[\u0110\u00e3 C\u1eadp Nh\u1eadt]<\/span><\/span><\/p>\n<p style=\"text-align: center;\"><span style=\"color: #003300;\"><strong><span style=\"font-size: 18pt;\">B\u1ea2N TIN D\u1ef0 B\u00c1O HO\u00c0NG H\u00d4N \u2666 LULULOLA SHOW \u2666 \u0110\u00c0 L\u1ea0T \u2666<\/span><\/strong><\/span><\/p>\n<p style=\"text-align: center;\"><span style=\"color: #003300; font-size: 24pt;\"><strong>Th\u00e1ng 08\/2024<\/strong><\/span><\/p>\n<p><img loading=\"lazy\" decoding=\"async\" class=\"size-full wp-image-2170 aligncenter\" src=\"https:\/\/lululolashow.com\/wp-content\/uploads\/2024\/06\/Lich-dien-Lululola-Show.jpg\" alt=\"L\u1ecbch di\u1ec5n Lululola Show\" width=\"1447\" height=\"1580\" \/><\/p>\n<p><strong style=\"color: #800000; font-size: 18pt;\">L\u1ecaCH SHOW CA S\u0128<\/strong><\/p>\n<p><span style=\"color: #003300;\"><strong><span style=\"font-size: 18pt;\">\u2666TH\u00c1NG 08\/2024<\/span><\/strong><\/span><\/p>\n<hr \/>\n<p><span style=\"font-size: 14pt; color: #000000;\">\u03bf <strong>02\/08\/2024<\/strong> | Phan M\u1ea1nh Qu\u1ef3nh &amp; Kh\u00e1ch m\u1eddi &#8211; LululoLa Show | BI\u1ebeT \u01a0N B\u1edeI \u0110ANG \u1ede L\u1ea0I<\/span><\/p>\n<p><a href=\"https:\/\/lululolashow.com\/phan-manh-quynh-02-08.html\" rel=\"noopener\">https:\/\/lululolashow.com\/phan-manh-quynh-02-08.html<\/a><\/p>\n<p><span style=\"font-size: 14pt; color: #000000;\">\u03bf <strong>10\/08\/2024<\/strong> | V\u0169 C\u00e1t T\u01b0\u1eddng &#8211; LululoLa Show | NG\u01af\u1edcI B\u00ccNH TH\u01af\u1edcNG<\/span><\/p>\n<p><a href=\"https:\/\/lululolashow.com\/vu-cat-tuong-nguoi-binh-thuong-10-08.html\" rel=\"noopener\">https:\/\/lululolashow.com\/vu-cat-tuong-nguoi-binh-thuong-10-08.html<\/a><\/p>\n<p><span style=\"font-size: 14pt; color: #000000;\">\u03bf <strong>18\/08\/2024<\/strong> | V\u0102N MAI H\u01af\u01a0NG &#8211; Lululola Show | C\u01a0N M\u01afA R\u00c0O<\/span><\/p>\n<p><a href=\"https:\/\/lululolashow.com\/van-mai-huong-lululola-show-18-08.html\" rel=\"noopener\">https:\/\/lululolashow.com\/van-mai-huong-lululola-show-18-08.html<\/a><\/p>\n<p><span style=\"font-size: 14pt; color: #000000;\">\u03bf <strong>24\/08\/2024<\/strong>| H\u00c0 NHI &amp; PH\u1ea0M ANH DUY &#8211; Lululola Show | CH\u01afA QU\u00caN NG\u01af\u1edcI Y\u00caU C\u0168\u00a0<\/span><\/p>\n<p><a href=\"https:\/\/lululolashow.com\/ha-nhi-pham-anh-duy-chua-quen-nguoi-yeu-cu-24-08.html\" rel=\"noopener\">https:\/\/lululolashow.com\/ha-nhi-pham-anh-duy-chua-quen-nguoi-yeu-cu-24-08.html<\/a><\/p>\n<p><span style=\"font-size: 14pt; color: #000000;\">\u03bf <strong>31\/08\/2024<\/strong>| H\u1ed2 NG\u1eccC H\u00c0\u00a0&#8211; Lululola Show | C\u00d4 \u0110\u01a0N TR\u00caN SOFA<\/span><\/p>\n<p><a href=\"https:\/\/lululolashow.com\/ho-ngoc-ha-co-don-tren-sofa-31-08.html\" rel=\"noopener\">https:\/\/lululolashow.com\/ho-ngoc-ha-co-don-tren-sofa-31-08.html<\/a><\/p>\n<p><span style=\"font-size: 14pt; color: #000000;\">\u03bf <strong>01\/09\/2024<\/strong>| TH\u00d9Y CHI &amp; V\u01af\u01a0NG ANH T\u00da &#8211; Lululola Show | H\u1ebeT TH\u01af\u01a0NG C\u1ea0N NH\u1eda<\/span><\/p>\n<p><a href=\"https:\/\/lululolashow.com\/thuy-chi-vuong-anh-tu-01-09.html\" rel=\"noopener\">https:\/\/lululolashow.com\/thuy-chi-vuong-anh-tu-01-09.html<\/a><\/p>\n<p><span style=\"font-size: 14pt; color: #000000;\">\u03bf<strong> 02\/09\/2024<\/strong>| MYRA TR\u1ea6N &#8211; Lululola Show | C\u1ea6U V\u1ed2NG L\u1ea4P L\u00c1NH<\/span><\/p>\n<p><a href=\"https:\/\/lululolashow.com\/myra-tran-cau-vong-lap-lanh-31-08.html\" rel=\"noopener\">https:\/\/lululolashow.com\/myra-tran-cau-vong-lap-lanh-31-08.html<\/a><\/p>\n<div dir=\"auto\">\u2014\u2014\u2014\u2014\u2014\u2014\u2014\u2014\u2014\u2014\u2014\u2014\u2014\u2014\u2014\u2014\u2014<\/div>\n<div dir=\"auto\"><strong><span style=\"font-size: 14pt;\">Lululola Show \u0110\u00e0 L\u1ea1t<\/span><\/strong><\/div>\n<div dir=\"auto\"><strong><span style=\"font-size: 14pt;\">Add: \u0110\u1ea7u \u0111\u00e8o Prenn, \u0110\u01b0\u1eddng 3\/4, Ph\u01b0\u1eddng 3, Tp \u0110\u00e0 L\u1ea1t<\/span><\/strong><\/div>\n<div dir=\"auto\"><img loading=\"lazy\" decoding=\"async\" class=\"size-full wp-image-1615 aligncenter\" src=\"https:\/\/lululolashow.com\/wp-content\/uploads\/2024\/04\/422957527_698452822440676_8959604941780402964_n.jpg\" alt=\"Lululola Show\" width=\"2048\" height=\"1366\" \/><\/div>\n<div dir=\"auto\">\n<p><span style=\"font-size: 18pt; color: #800000;\"><b>(*)Ghi ch\u00fa:<\/b><\/span><\/p>\n<p><span style=\"font-weight: 400; font-size: 14pt;\">Ch\u1ed7 ng\u01b0\u1eddi l\u1edbn tr\u00ean 12 tu\u1ed5i \u0111\u01b0\u1ee3c t\u00ednh b\u1eb1ng 100% gi\u00e1 ph\u1ee5 thu.<\/span><\/p>\n<p><span style=\"font-weight: 400; font-size: 14pt;\">Ch\u1ed7 tr\u1ebb em t\u1eeb 6 \u0111\u1ebfn 12 tu\u1ed5i \u0111\u01b0\u1ee3c t\u00ednh b\u1eb1ng 50% gi\u00e1 ph\u1ee5 thu.<\/span><\/p>\n<p><span style=\"font-weight: 400; font-size: 14pt;\">Tr\u1ebb em d\u01b0\u1edbi 6 tu\u1ed5i \u0111\u01b0\u1ee3c mi\u1ec5n ph\u00ed (ng\u1ed3i c\u00f9ng ng\u01b0\u1eddi l\u1edbn v\u00e0 kh\u00f4ng c\u00f3 gh\u1ebf ri\u00eang)<\/span><\/p>\n<p><span style=\"font-weight: 400; font-size: 14pt;\">Qu\u00fd kh\u00e1ch vui l\u00f2ng thanh to\u00e1n chuy\u1ec3n kho\u1ea3n tr\u01b0\u1edbc 12h \u0111\u1ec3 gi\u1eef \u0111\u1eb7t ch\u1ed7.(t\u00ednh t\u1eeb th\u1eddi \u0111i\u1ec3m \u0111\u1eb7t ch\u1ed7)<\/span><\/p>\n<p><span style=\"font-weight: 400; font-size: 14pt;\">C\u00e1c \u0110\u1eb7t ch\u1ed7 kh\u00f4ng th\u1ef1c hi\u1ec7n \u0111\u00fang v\u00e0 \u0111\u1ee7 c\u00e1c b\u01b0\u1edbc v\u00e0 \u0111\u1ea3m b\u1ea3o th\u1eddi gian theo quy \u0111\u1ecbnh s\u1ebd t\u1ef1 \u0111\u1ed3ng b\u1ecb h\u1ee7y m\u00e0 kh\u00f4ng c\u1ea7n th\u00f4ng b\u00e1o tr\u01b0\u1edbc.<\/span><\/p>\n<p><span style=\"font-size: 18pt; color: #800000;\"><b>(*)Ch\u00ednh s\u00e1ch ho\u00e0n v\u00e9, hu\u1ef7 v\u00e9 v\u00e0 b\u1ea3o l\u01b0u.<\/b><\/span><\/p>\n<p><strong><span style=\"font-size: 14pt;\">1. Hu\u1ef7 V\u00e9 v\u00e0 B\u1ea3o L\u01b0u V\u00e9:<\/span><\/strong><\/p>\n<p><span style=\"font-weight: 400; font-size: 14pt;\">\u2013 Y\u00eau c\u1ea7u hu\u1ef7 v\u00e9 v\u00e0 b\u1ea3o l\u01b0u tr\u01b0\u1edbc gi\u1edd show h\u01a1n 48h . Lululola b\u1ea3o l\u01b0u 70% gi\u00e1 tr\u1ecb v\u00e9.<\/span><\/p>\n<p><span style=\"font-weight: 400; font-size: 14pt;\">\u2013 Y\u00eau c\u1ea7u hu\u1ef7 v\u00e9 v\u00e0 b\u1ea3o l\u01b0u tr\u01b0\u1edbc gi\u1edd show trong v\u00f2ng 12-48h. Lululola b\u1ea3o l\u01b0u 50% gi\u00e1 tr\u1ecb v\u00e9.<\/span><\/p>\n<p><span style=\"font-weight: 400; font-size: 14pt;\">\u2013 Y\u00eau c\u1ea7u hu\u1ef7 v\u00e9 v\u00e0 b\u1ea3o l\u01b0u tr\u01b0\u1edbc gi\u1edd show d\u01b0\u1edbi 12h. Lululola kh\u00f4ng b\u1ea3o l\u01b0u v\u00e9.<\/span><\/p>\n<p><span style=\"font-size: 14pt; color: #003300;\"><b>* Gi\u00e1 tr\u1ecb b\u1ea3o l\u01b0u c\u00f3 th\u1eddi h\u1ea1n 90 ng\u00e0y cho nh\u1eefng show sau.<\/b><\/span><\/p>\n<p><strong><span style=\"font-size: 14pt;\">2. Hu\u1ef7 V\u00e9 v\u00e0 Ho\u00e0n Ti\u1ec1n<\/span><\/strong><\/p>\n<p><span style=\"font-weight: 400; font-size: 14pt;\">\u2013 Y\u00eau c\u1ea7u hu\u1ef7 v\u00e9 v\u00e0 ho\u00e0n ti\u1ec1n tr\u01b0\u1edbc gi\u1edd show h\u01a1n 48h . Ho\u00e0n 50% gi\u00e1 Tr\u1ecb v\u00e9<\/span><\/p>\n<p><span style=\"font-weight: 400; font-size: 14pt;\">\u2013 Y\u00eau c\u1ea7u hu\u1ef7 v\u00e9 v\u00e0 ho\u00e0n ti\u1ec1n tr\u01b0\u1edbc gi\u1edd show trong v\u00f2ng 12-48h. Ho\u00e0n 30% gi\u00e1 Tr\u1ecb v\u00e9<\/span><\/p>\n<p><span style=\"font-weight: 400; font-size: 14pt;\">\u2013 Y\u00eau c\u1ea7u hu\u1ef7 v\u00e9 v\u00e0 ho\u00e0n ti\u1ec1n tr\u01b0\u1edbc gi\u1edd show d\u01b0\u1edbi 12h. Kh\u00f4ng ho\u00e0n ti\u1ec1n<\/span><\/p>\n<p><img loading=\"lazy\" decoding=\"async\" class=\"size-full wp-image-1641 aligncenter\" src=\"https:\/\/lululolashow.com\/wp-content\/uploads\/2024\/04\/Lululola-Show-2.jpg\" alt=\"S\u00e2n Kh\u1ea5u Lululola Show\" width=\"2000\" height=\"1600\" \/><\/p>\n<p><img loading=\"lazy\" decoding=\"async\" class=\"size-full wp-image-1640 aligncenter\" src=\"https:\/\/lululolashow.com\/wp-content\/uploads\/2024\/04\/Lululola-Show-3.jpg\" alt=\"S\u00e2n Kh\u1ea5u Lululola Show\" width=\"2000\" height=\"1600\" \/><\/p>\n<p><img loading=\"lazy\" decoding=\"async\" class=\"size-full wp-image-1642 aligncenter\" src=\"https:\/\/lululolashow.com\/wp-content\/uploads\/2024\/04\/Lululola-Show-4.jpg\" alt=\"S\u00e2n Kh\u1ea5u Lululola Show\" width=\"2000\" height=\"1600\" \/><\/p>\n<h2 id=\"lien-he-book-ve\"><span style=\"color: #800000;\"><b>Li\u00ean H\u1ec7 Book V\u00e9\u00a0<\/b><\/span><\/h2>\n<p><span style=\"color: #003300; font-size: 14pt;\"><b>Hotline\/Zalo: 0988 249 297<\/b><\/span><\/p>\n<p><span style=\"font-size: 14pt;\"><span style=\"font-weight: 400;\">Fanpage booking: <\/span><a href=\"https:\/\/www.facebook.com\/liveshowdalat\/\" rel=\"noopener\"><span style=\"font-weight: 400;\">Lululola Coffee+<\/span><\/a><\/span><\/p>\n<p><span style=\"font-size: 14pt;\"><span style=\"font-weight: 400;\">Xem th\u00eam b\u00e0i vi\u1ebft kh\u00e1c t\u1ea1i: <a href=\"https:\/\/lululolashow.com\/\" rel=\"noopener\">Lululola Show<\/a><\/span><\/span><\/p>\n<\/div>\n<p>&nbsp;<\/p>","protected":false},"excerpt":{"rendered":"<p>Danh m\u1ee5c ch\u00ednh L\u1ecaCH DI\u1ec4N LULULOLA TH\u00c1NG 8\/2024 Li\u00ean H\u1ec7 Book V\u00e9\u00a0 L\u1ecaCH DI\u1ec4N LULULOLA TH\u00c1NG 8\/2024 [\u0110\u00e3 C\u1eadp Nh\u1eadt] B\u1ea2N TIN D\u1ef0 B\u00c1O HO\u00c0NG H\u00d4N \u2666 LULULOLA SHOW \u2666 \u0110\u00c0 L\u1ea0T \u2666 Th\u00e1ng 08\/2024 L\u1ecaCH SHOW CA S\u0128 \u2666TH\u00c1NG 08\/2024 \u03bf 02\/08\/2024 | Phan M\u1ea1nh Qu\u1ef3nh &amp; Kh\u00e1ch m\u1eddi &#8211; LululoLa Show | BI\u1ebeT [&hellip;]<\/p>","protected":false},"featured_media":44804,"comment_status":"open","ping_status":"closed","template":"","meta":[],"product_cat":[31,2559,50],"product_tag":[],"_links":{"self":[{"href":"https:\/\/liveshowdalat.vn\/en\/wp-json\/wp\/v2\/product\/1988"}],"collection":[{"href":"https:\/\/liveshowdalat.vn\/en\/wp-json\/wp\/v2\/product"}],"about":[{"href":"https:\/\/liveshowdalat.vn\/en\/wp-json\/wp\/v2\/types\/product"}],"replies":[{"embeddable":true,"href":"https:\/\/liveshowdalat.vn\/en\/wp-json\/wp\/v2\/comments?post=1988"}],"wp:featuredmedia":[{"embeddable":true,"href":"https:\/\/liveshowdalat.vn\/en\/wp-json\/wp\/v2\/media\/44804"}],"wp:attachment":[{"href":"https:\/\/liveshowdalat.vn\/en\/wp-json\/wp\/v2\/media?parent=1988"}],"wp:term":[{"taxonomy":"product_cat","embeddable":true,"href":"https:\/\/liveshowdalat.vn\/en\/wp-json\/wp\/v2\/product_cat?post=1988"},{"taxonomy":"product_tag","embeddable":true,"href":"https:\/\/liveshowdalat.vn\/en\/wp-json\/wp\/v2\/product_tag?post=1988"}],"curies":[{"name":"wp","href":"https:\/\/api.w.org\/{rel}","templated":true}]}}