{"id":1978,"date":"2023-11-03T15:36:09","date_gmt":"2023-11-03T08:36:09","guid":{"rendered":"https:\/\/maylangthangshow.com\/?p=1978"},"modified":"2025-05-25T07:10:55","modified_gmt":"2025-05-25T00:10:55","slug":"lich-dien-thang-11-12-2023-may-lang-thang-da-lat","status":"publish","type":"product","link":"https:\/\/liveshowdalat.vn\/en\/lich-dien-thang-11-12-2023-may-lang-thang-da-lat.html","title":{"rendered":"L\u1ecaCH DI\u1ec4N TH\u00c1NG 11 &#038; 12\/2023 M\u00c2Y LANG THANG \u0110\u00c0 L\u1ea0T"},"content":{"rendered":"<nav class=\"vietrick-auto-toc\">\n<div class=\"box-title\">\n<h3 class=\"toc-title\" id=\"select-menu\">Danh m\u1ee5c ch\u00ednh<\/h3>\n<div><ion-icon name=\"chevron-up-outline\"><\/ion-icon><\/div>\n<\/div>\n<ul class=\"toc-list\">\n<li><a href='https:\/\/liveshowdalat.vn\/en#lich-dien-thang-11-12-2023-may-lang-thang-da-lat' class='heading-h2 toc-link smooth-scroll'>L\u1ecaCH DI\u1ec4N TH\u00c1NG 11 &amp; 12\/2023 M\u00c2Y LANG THANG \u0110\u00c0 L\u1ea0T<\/a>\n<li><a href='https:\/\/liveshowdalat.vn\/en#lien-he-book-ve' class='heading-h2 toc-link smooth-scroll'>Li\u00ean H\u1ec7 Book V\u00e9\u00a0<\/a><\/ul>\n<\/ul>\n<\/li>\n<\/ul>\n<\/nav>\n<h2 style=\"text-align: center;\" id=\"lich-dien-thang-11-12-2023-may-lang-thang-da-lat\"><span style=\"font-size: 24pt; color: #003300;\">L\u1ecaCH DI\u1ec4N TH\u00c1NG 11 &amp; 12\/2023 M\u00c2Y LANG THANG \u0110\u00c0 L\u1ea0T<\/span><\/h2>\n<p><span style=\"color: #003366;\"><strong><span style=\"font-size: 18pt;\">L\u1ecaCH DI\u1ec4N TR\u00caN M\u00c2Y TH\u00c1NG 11 &amp; 12<\/span><\/strong><\/span><\/p>\n<p><strong><span style=\"font-family: 'comic sans ms', sans-serif;\"><em><span style=\"font-size: 14pt;\">&#8220;Ch\u00e0o m\u00f9a \u0111\u00f4ng, tr\u1eddi v\u1eabn \u0111\u1ed5 m\u01b0a ng\u00e2u, nh\u01b0 l\u01b0u luy\u1ebfn nh\u1eefng \u0111i\u1ec1u g\u00ec qu\u00e1 \u0111\u1ed7i. Nh\u1eefng c\u01a1n m\u01b0a th\u00e1ng t\u00e1m ch\u1eb3ng v\u1ed9i v\u00e3, c\u1ee9 ch\u1ea7m ch\u1eadm, l\u1eb7ng l\u1ebd m\u00e0 dai d\u1eb3ng nh\u01b0 g\u1eedi v\u00e0o \u0111\u00f3 nh\u1eefng y\u00eau th\u01b0\u01a1ng nhung nh\u1edb c\u1ee7a nh\u1eefng ng\u00e0y xa c\u00e1ch, \u0111\u1ee3i ch\u1edd v\u00e0 l\u1ea1i chia tay. Thu v\u1ec1, m\u00f9a c\u1ee7a nh\u1eefng n\u1ed7i nh\u1edb!&#8221;<\/span><\/em><\/span><\/strong><\/p>\n<p><span style=\"font-size: 14pt;\">H\u00e0ng lo\u1ea1t sao Vi\u1ec7t \u0111\u1ed5 b\u1ed9, s\u1eb5n s\u00e0ng cho nh\u1eefng \u0111\u00eam di\u1ec5n c\u1ee7a c\u1ea3m x\u00fac, h\u00e3y \u0111\u1ec3 M\u00e2y c\u00f9ng giai \u0111i\u1ec7u \u00e2m nh\u1ea1c xua tan phi\u1ec1n mu\u1ed9n v\u00e0 ch\u1eefa l\u00e0nh nh\u1eefng v\u1ebft th\u01b0\u01a1ng trong t\u00e2m h\u1ed3n\u2026<\/span><\/p>\n<p><span style=\"color: #003366;\"><strong><span style=\"font-size: 18pt;\">M\u00c2Y \u0110\u00c0 L\u1ea0T<\/span><\/strong><\/span><\/p>\n<p><strong><em><span style=\"font-size: 14pt; font-family: 'book antiqua', palatino, serif;\">S\u00e2n kh\u1ea5u M\u00e2y Lang Thang Food &amp; Music (S\u1ed1 4 Tr\u1ea7n Quang Di\u1ec7u, ph\u01b0\u1eddng 10, \u0110\u00e0 L\u1ea1t)<\/span><\/em><\/strong><\/p>\n<ul>\n<li aria-level=\"1\"><span style=\"font-size: 14pt;\">BBQ H\u00e0n Qu\u1ed1c ngo\u00e0i tr\u1eddi \u201cbao ngon \u2013 bao no\u201d v\u1edbi menu \u0111a d\u1ea1ng &amp; h\u1ea5p d\u1eabn<\/span><\/li>\n<li aria-level=\"1\"><span style=\"font-size: 14pt;\">Acoustic Live Band t\u1eeb 19:30 \u0111\u1ebfn 21:30 t\u1ea5t c\u1ea3 c\u00e1c ng\u00e0y trong tu\u1ea7n<\/span><\/li>\n<li aria-level=\"1\"><span style=\"font-size: 14pt;\">Kh\u00f4ng gian l\u00e3ng m\u1ea1n \u0111\u00f3n ho\u00e0ng h\u00f4n v\u00e0 t\u1eadn h\u01b0\u1edfng kh\u00f4ng kh\u00ed v\u1ec1 \u0111\u00eam c\u1ee7a \u0110\u00e0 L\u1ea1t<\/span><\/li>\n<\/ul>\n<p><strong><em><span style=\"font-size: 14pt; font-family: 'book antiqua', palatino, serif;\">S\u00e2n kh\u1ea5u Chi\u1ec1u Nh\u1ea1c Tr\u00ean M\u00e2y (M\u00e2y in The Nest, 519 th\u00f4n M\u0103ng Lin) di\u1ec5n 05:00 &#8211; 07:00 pm<\/span><\/em><\/strong><\/p>\n<p><img loading=\"lazy\" decoding=\"async\" class=\"alignnone size-full wp-image-1979\" src=\"https:\/\/liveshowdalat.vn\/wp-content\/uploads\/2023\/11\/398894954_715612533934621_7061556293121627883_n.jpg\" alt=\"L\u1ecbch di\u1ec5n th\u00e1ng 11 &amp; 12\" width=\"988\" height=\"1777\" srcset=\"https:\/\/liveshowdalat.vn\/wp-content\/uploads\/2023\/11\/398894954_715612533934621_7061556293121627883_n.jpg 988w, https:\/\/liveshowdalat.vn\/wp-content\/uploads\/2023\/11\/398894954_715612533934621_7061556293121627883_n-167x300.jpg 167w, https:\/\/liveshowdalat.vn\/wp-content\/uploads\/2023\/11\/398894954_715612533934621_7061556293121627883_n-569x1024.jpg 569w, https:\/\/liveshowdalat.vn\/wp-content\/uploads\/2023\/11\/398894954_715612533934621_7061556293121627883_n-768x1381.jpg 768w, https:\/\/liveshowdalat.vn\/wp-content\/uploads\/2023\/11\/398894954_715612533934621_7061556293121627883_n-854x1536.jpg 854w, https:\/\/liveshowdalat.vn\/wp-content\/uploads\/2023\/11\/398894954_715612533934621_7061556293121627883_n-600x1079.jpg 600w\" sizes=\"(max-width: 988px) 100vw, 988px\" \/><\/p>\n<p><span style=\"font-size: 24pt;\"><b><span style=\"color: #000080;\">TH\u00c1NG 11<\/span><\/b><\/span><\/p>\n<hr \/>\n<p><span style=\"font-size: 18pt;\"><b>04.11<\/b><\/span><\/p>\n<p><span style=\"font-weight: 400; font-size: 14pt;\">B\u1eb0NG KI\u1ec0U \u2013 MINH TUY\u1ebeT<\/span><\/p>\n<p><span style=\"font-size: 18pt;\"><b>11.11<\/b><\/span><\/p>\n<p><span style=\"font-weight: 400; font-size: 14pt;\">T\u0102NG PH\u00daC<\/span><\/p>\n<p><span style=\"font-size: 18pt;\"><b>18.11<\/b><\/span><\/p>\n<p><span style=\"font-weight: 400; font-size: 14pt;\">LAM ANH \u2013 MAI TI\u1ebeN D\u0168NG<\/span><\/p>\n<p><span style=\"font-size: 18pt;\"><b>24.11<\/b><\/span><\/p>\n<p><span style=\"font-weight: 400; font-size: 14pt;\">QU\u1ed0C THI\u00caN<\/span><\/p>\n<p><span style=\"font-size: 18pt;\"><b>25.11<\/b><\/span><\/p>\n<p><span style=\"font-weight: 400; font-size: 14pt;\">PHAN M\u1ea0NH QU\u1ef2NH<\/span><\/p>\n<p><span style=\"font-size: 24pt;\"><b><span style=\"color: #000080;\">TH\u00c1NG 12<\/span><\/b><\/span><\/p>\n<hr \/>\n<p><span style=\"font-size: 18pt;\"><b>01.12<\/b><\/span><\/p>\n<p><span style=\"font-weight: 400; font-size: 14pt;\">NGUY\u00caN H\u00c0 &#8211; D\u01af\u01a0NG EDWARD &#8211; KM: MINH KHA<\/span><\/p>\n<p><span style=\"font-size: 18pt;\"><b>02.12<\/b><\/span><\/p>\n<p><span style=\"font-weight: 400; font-size: 14pt;\">H\u00c0 TR\u1ea6N &#8211; ORANGE<\/span><\/p>\n<p><span style=\"font-size: 18pt;\"><b>08.12<\/b><\/span><\/p>\n<p><span style=\"font-weight: 400; font-size: 14pt;\">L\u00ca HI\u1ebeU &#8211; TH\u00daY ANH<\/span><\/p>\n<p><span style=\"font-size: 18pt;\"><b>09.12<\/b><\/span><\/p>\n<p><span style=\"font-weight: 400; font-size: 14pt;\">V\u0168 C\u00c1T T\u01af\u1edcNG<\/span><\/p>\n<p><span style=\"font-size: 18pt;\"><b>16.12<\/b><\/span><\/p>\n<p><span style=\"font-weight: 400; font-size: 14pt;\">T\u0102NG PH\u00daC<\/span><\/p>\n<p><span style=\"font-size: 18pt;\"><b>17.12<\/b><\/span><\/p>\n<p><span style=\"font-weight: 400; font-size: 14pt;\">MYRA TR\u1ea6N &#8211; KM: NGUY\u1ec4N NG\u1eccC LINH TRANG<\/span><\/p>\n<p><span style=\"font-size: 18pt;\"><b>22.12<\/b><\/span><\/p>\n<p><span style=\"font-weight: 400; font-size: 14pt;\">QUANG VINH &#8211; L\u01af\u01a0NG B\u00cdCH H\u1eeeU<\/span><\/p>\n<p><span style=\"font-size: 18pt;\"><b>23.12<\/b><\/span><\/p>\n<p><span style=\"font-weight: 400; font-size: 14pt;\">TU\u1ea4N NG\u1eccC &#8211; KH\u00c1NH H\u00c0 &#8211; T\u00d4 CH\u1ea4N PHONG &#8211; TH\u00daY ANH &#8211; L\u01afU B\u00cdCH<\/span><\/p>\n<p><span style=\"font-size: 18pt;\"><b>29.12<\/b><\/span><\/p>\n<p><span style=\"font-weight: 400; font-size: 14pt;\">PHAN M\u1ea0NH QU\u1ef2NH<\/span><\/p>\n<p><span style=\"font-size: 18pt;\"><b>30.12<\/b><\/span><\/p>\n<p><span style=\"font-weight: 400; font-size: 14pt;\">B\u1eb0NG KI\u1ec0U<\/span><\/p>\n<p><span style=\"font-size: 18pt;\"><b>31.12<\/b><\/span><\/p>\n<p><span style=\"font-weight: 400; font-size: 14pt;\">H\u1ed2 V\u0102N C\u01af\u1edcNG<\/span><\/p>\n<p>&nbsp;<\/p>\n<p>&nbsp;<\/p>\n<p><img loading=\"lazy\" decoding=\"async\" class=\"alignnone size-full wp-image-2415\" src=\"https:\/\/liveshowdalat.vn\/wp-content\/uploads\/2023\/12\/MAY-LANG-THANG-1-1.jpg\" alt=\"m\u00e2y lang thang\" width=\"2000\" height=\"1600\" srcset=\"https:\/\/liveshowdalat.vn\/wp-content\/uploads\/2023\/12\/MAY-LANG-THANG-1-1.jpg 2000w, https:\/\/liveshowdalat.vn\/wp-content\/uploads\/2023\/12\/MAY-LANG-THANG-1-1-300x240.jpg 300w, https:\/\/liveshowdalat.vn\/wp-content\/uploads\/2023\/12\/MAY-LANG-THANG-1-1-1024x819.jpg 1024w, https:\/\/liveshowdalat.vn\/wp-content\/uploads\/2023\/12\/MAY-LANG-THANG-1-1-768x614.jpg 768w, https:\/\/liveshowdalat.vn\/wp-content\/uploads\/2023\/12\/MAY-LANG-THANG-1-1-1536x1229.jpg 1536w, https:\/\/liveshowdalat.vn\/wp-content\/uploads\/2023\/12\/MAY-LANG-THANG-1-1-600x480.jpg 600w\" sizes=\"(max-width: 2000px) 100vw, 2000px\" \/><\/p>\n<p><span style=\"color: #003300;\"><strong><span style=\"font-size: 18pt;\">Ch\u00ednh s\u00e1ch tr\u1ebb em b\u00ean M\u00e2y Lang Thang:<\/span><\/strong><\/span><\/p>\n<p><span style=\"font-weight: 400; font-size: 14pt;\">\u2013 Mi\u1ec5n ph\u00ed cho b\u00e9 d\u01b0\u1edbi 3 tu\u1ed5i ( ng\u1ed3i chung gh\u1ebf v\u1edbi b\u1ed1 m\u1eb9 su\u1ed1t bu\u1ed5i di\u1ec5n )<\/span><\/p>\n<p><span style=\"font-weight: 400; font-size: 14pt;\">\u2013 N\u1ebfu b\u00e9 tr\u00ean 3 tu\u1ed5i, d\u01b0\u1edbi 1m2 gi\u1ea3m 30% ( c\u00f3 gh\u1ebf ri\u00eang ), ho\u00e0n tr\u1ef1c ti\u1ebfp t\u1ea1i show<\/span><\/p>\n<p><span style=\"font-weight: 400; font-size: 14pt;\">\u2013 Tr\u00ean 1m2 v\u1eabn t\u00ednh v\u00e9 nh\u01b0 ng\u01b0\u1eddi l\u1edbn.<\/span><\/p>\n<p><strong><span style=\"font-size: 18pt; color: #003300;\">L\u01afU \u00dd<\/span><\/strong><\/p>\n<p><span style=\"font-weight: 400; font-size: 14pt;\">\u2013 BTC kh\u00f4ng h\u1ed7 tr\u1ee3 ho\u00e0n v\u00e9 d\u01b0\u1edbi m\u1ecdi h\u00ecnh th\u1ee9c<\/span><\/p>\n<p><span style=\"font-weight: 400; font-size: 14pt;\">\u2013 Vui l\u00f2ng kh\u00f4ng mang \u0111\u1ed3 \u0103n n\u01b0\u1edbc u\u1ed1ng b\u00ean ngo\u00e0i v\u00e0o khu v\u1ef1c bi\u1ec3u di\u1ec5n<\/span><\/p>\n<p><span style=\"font-weight: 400; font-size: 14pt;\">\u2013 Tr\u01b0\u1eddng h\u1ee3p h\u1ee7y v\u00e9 v\u00e0 b\u1ea3o l\u01b0u v\u00e9 c\u1ea7n th\u00f4ng b\u00e1o t\u1edbi BTC tr\u01b0\u1edbc 24 gi\u1edd, sau kho\u1ea3ng th\u1eddi gian tr\u00ean s\u1ebd kh\u00f4ng \u0111\u01b0\u1ee3c h\u1ed7 tr\u1ee3<\/span><\/p>\n<p><span style=\"color: #003300;\"><strong><span style=\"font-size: 18pt;\"><i>B\u1ea1n l\u01b0u \u00fd th\u00f4ng tin b\u1ea3o l\u01b0u sau:<\/i><\/span><\/strong><\/span><\/p>\n<p><span style=\"font-weight: 400; font-size: 14pt;\">\u2013 Th\u1eddi h\u1ea1n b\u1ea3o l\u01b0u l\u00e0 trong v\u00f2ng m\u1ed9t n\u0103m t\u00ednh theo ng\u00e0y x\u00e1c nh\u1eadn b\u1ea3o l\u01b0u.<\/span><\/p>\n<p><span style=\"font-weight: 400; font-size: 14pt;\">\u2013 B\u1ea3o l\u01b0u ch\u1ec9 c\u00f3 hi\u1ec7u l\u1ef1c c\u00f9ng khu v\u1ef1c \u0111\u00e3 \u0111\u1eb7t<\/span><\/p>\n<p><span style=\"font-weight: 400; font-size: 14pt;\">\u2013 M\u00e2y ch\u1ec9 h\u1ed7 tr\u1ee3 b\u1ea3o l\u01b0u c\u00f9ng h\u1ea1ng gi\u00e1, v\u1edbi gi\u00e1 v\u00e9 cao h\u01a1n (vui l\u00f2ng b\u00f9 ph\u1ea7n ch\u00eanh l\u1ec7ch gi\u00fap M\u00e2y).<\/span><\/p>\n<p><span style=\"font-weight: 400; font-size: 14pt;\">Trong tr\u01b0\u1eddng h\u1ee3p h\u1ea1ng v\u00e9 th\u1ea5p s\u1ed1 ti\u1ec1n \u0111\u00e3 b\u1ea3o l\u01b0u, M\u00e2y kh\u00f4ng h\u1ed7 tr\u1ee3 ho\u00e0n ti\u1ec1n.<\/span><\/p>\n<p><img loading=\"lazy\" decoding=\"async\" class=\"size-full wp-image-1600 aligncenter\" src=\"https:\/\/liveshowdalat.vn\/wp-content\/uploads\/2023\/10\/z4761080474588_1398bc24a52545a097f4052e30c410c8-1.jpg\" alt=\"M\u00c2Y LANG THANG\" width=\"1280\" height=\"904\" srcset=\"https:\/\/liveshowdalat.vn\/wp-content\/uploads\/2023\/10\/z4761080474588_1398bc24a52545a097f4052e30c410c8-1.jpg 1280w, https:\/\/liveshowdalat.vn\/wp-content\/uploads\/2023\/10\/z4761080474588_1398bc24a52545a097f4052e30c410c8-1-300x212.jpg 300w, https:\/\/liveshowdalat.vn\/wp-content\/uploads\/2023\/10\/z4761080474588_1398bc24a52545a097f4052e30c410c8-1-1024x723.jpg 1024w, https:\/\/liveshowdalat.vn\/wp-content\/uploads\/2023\/10\/z4761080474588_1398bc24a52545a097f4052e30c410c8-1-768x542.jpg 768w, https:\/\/liveshowdalat.vn\/wp-content\/uploads\/2023\/10\/z4761080474588_1398bc24a52545a097f4052e30c410c8-1-600x424.jpg 600w\" sizes=\"(max-width: 1280px) 100vw, 1280px\" \/><\/p>\n<p>&nbsp;<\/p>\n<p><img loading=\"lazy\" decoding=\"async\" class=\"aligncenter wp-image-1336 size-full\" src=\"https:\/\/liveshowdalat.vn\/wp-content\/uploads\/2023\/08\/San-khau-chieu-nhac-tren-May-3.jpg\" alt=\"\" width=\"2560\" height=\"1920\" srcset=\"https:\/\/liveshowdalat.vn\/wp-content\/uploads\/2023\/08\/San-khau-chieu-nhac-tren-May-3.jpg 2560w, https:\/\/liveshowdalat.vn\/wp-content\/uploads\/2023\/08\/San-khau-chieu-nhac-tren-May-3-300x225.jpg 300w, https:\/\/liveshowdalat.vn\/wp-content\/uploads\/2023\/08\/San-khau-chieu-nhac-tren-May-3-1024x768.jpg 1024w, https:\/\/liveshowdalat.vn\/wp-content\/uploads\/2023\/08\/San-khau-chieu-nhac-tren-May-3-768x576.jpg 768w, https:\/\/liveshowdalat.vn\/wp-content\/uploads\/2023\/08\/San-khau-chieu-nhac-tren-May-3-1536x1152.jpg 1536w, https:\/\/liveshowdalat.vn\/wp-content\/uploads\/2023\/08\/San-khau-chieu-nhac-tren-May-3-2048x1536.jpg 2048w, https:\/\/liveshowdalat.vn\/wp-content\/uploads\/2023\/08\/San-khau-chieu-nhac-tren-May-3-600x450.jpg 600w\" sizes=\"(max-width: 2560px) 100vw, 2560px\" \/><\/p>\n<p>&nbsp;<\/p>\n<p><img loading=\"lazy\" decoding=\"async\" class=\"aligncenter wp-image-1796 size-full\" src=\"https:\/\/liveshowdalat.vn\/wp-content\/uploads\/2023\/10\/so-do-cho-ngoi-may-in-the-nest-1.jpg\" alt=\"s\u01a1 \u0111\u1ed3 ch\u1ed7 ng\u1ed3i m\u00e2y in the nest\" width=\"2000\" height=\"1600\" srcset=\"https:\/\/liveshowdalat.vn\/wp-content\/uploads\/2023\/10\/so-do-cho-ngoi-may-in-the-nest-1.jpg 2000w, https:\/\/liveshowdalat.vn\/wp-content\/uploads\/2023\/10\/so-do-cho-ngoi-may-in-the-nest-1-300x240.jpg 300w, https:\/\/liveshowdalat.vn\/wp-content\/uploads\/2023\/10\/so-do-cho-ngoi-may-in-the-nest-1-1024x819.jpg 1024w, https:\/\/liveshowdalat.vn\/wp-content\/uploads\/2023\/10\/so-do-cho-ngoi-may-in-the-nest-1-768x614.jpg 768w, https:\/\/liveshowdalat.vn\/wp-content\/uploads\/2023\/10\/so-do-cho-ngoi-may-in-the-nest-1-1536x1229.jpg 1536w, https:\/\/liveshowdalat.vn\/wp-content\/uploads\/2023\/10\/so-do-cho-ngoi-may-in-the-nest-1-600x480.jpg 600w\" sizes=\"(max-width: 2000px) 100vw, 2000px\" \/><\/p>\n<p><img loading=\"lazy\" decoding=\"async\" class=\"aligncenter wp-image-1556\" src=\"https:\/\/liveshowdalat.vn\/wp-content\/uploads\/2023\/10\/Snapinsta.app_349744256_1869114946797026_6365385873281305955_n_1080-1.jpg\" alt=\"M\u00e2y Lang Thang - Phan M\u1ea1nh Qu\u1ef3nh\" width=\"2133\" height=\"1600\" srcset=\"https:\/\/liveshowdalat.vn\/wp-content\/uploads\/2023\/10\/Snapinsta.app_349744256_1869114946797026_6365385873281305955_n_1080-1.jpg 1080w, https:\/\/liveshowdalat.vn\/wp-content\/uploads\/2023\/10\/Snapinsta.app_349744256_1869114946797026_6365385873281305955_n_1080-1-300x225.jpg 300w, https:\/\/liveshowdalat.vn\/wp-content\/uploads\/2023\/10\/Snapinsta.app_349744256_1869114946797026_6365385873281305955_n_1080-1-1024x768.jpg 1024w, https:\/\/liveshowdalat.vn\/wp-content\/uploads\/2023\/10\/Snapinsta.app_349744256_1869114946797026_6365385873281305955_n_1080-1-768x576.jpg 768w, https:\/\/liveshowdalat.vn\/wp-content\/uploads\/2023\/10\/Snapinsta.app_349744256_1869114946797026_6365385873281305955_n_1080-1-600x450.jpg 600w\" sizes=\"(max-width: 2133px) 100vw, 2133px\" \/><\/p>\n<h2 id=\"lien-he-book-ve\"><span style=\"color: #003300;\"><b>Li\u00ean H\u1ec7 Book V\u00e9\u00a0<\/b><\/span><\/h2>\n<p><span style=\"color: #003366;\"><strong><span style=\"font-size: 14pt;\">Hotline\/Zalo: 0988 249 297<\/span><\/strong><\/span><\/p>\n<p><span style=\"font-size: 14pt;\"><span style=\"font-weight: 400;\">Fanpage booking: <\/span><a href=\"https:\/\/www.facebook.com\/liveshowdalat\/\" rel=\"noopener\"><span style=\"font-weight: 400;\">M\u00e2y Lang Thang<\/span><\/a><\/span><\/p>\n<p><span style=\"font-size: 14pt;\"><span style=\"font-weight: 400;\">Xem th\u00eam b\u00e0i vi\u1ebft kh\u00e1c t\u1ea1i: <\/span><a href=\"https:\/\/maylangthangshow.com\/\" rel=\"noopener\"><span style=\"font-weight: 400;\">Cloud Wandered Show <\/span><\/a><\/span><\/p>\n<p>&nbsp;<\/p>","protected":false},"excerpt":{"rendered":"<p>Danh m\u1ee5c ch\u00ednh L\u1ecaCH DI\u1ec4N TH\u00c1NG 11 &amp; 12\/2023 M\u00c2Y LANG THANG \u0110\u00c0 L\u1ea0T Li\u00ean H\u1ec7 Book V\u00e9\u00a0 L\u1ecaCH DI\u1ec4N TH\u00c1NG 11 &amp; 12\/2023 M\u00c2Y LANG THANG \u0110\u00c0 L\u1ea0T L\u1ecaCH DI\u1ec4N TR\u00caN M\u00c2Y TH\u00c1NG 11 &amp; 12 &#8220;Ch\u00e0o m\u00f9a \u0111\u00f4ng, tr\u1eddi v\u1eabn \u0111\u1ed5 m\u01b0a ng\u00e2u, nh\u01b0 l\u01b0u luy\u1ebfn nh\u1eefng \u0111i\u1ec1u g\u00ec qu\u00e1 \u0111\u1ed7i. Nh\u1eefng c\u01a1n [&hellip;]<\/p>","protected":false},"featured_media":1979,"comment_status":"open","ping_status":"closed","template":"","meta":[],"product_cat":[2420,31],"product_tag":[],"_links":{"self":[{"href":"https:\/\/liveshowdalat.vn\/en\/wp-json\/wp\/v2\/product\/1978"}],"collection":[{"href":"https:\/\/liveshowdalat.vn\/en\/wp-json\/wp\/v2\/product"}],"about":[{"href":"https:\/\/liveshowdalat.vn\/en\/wp-json\/wp\/v2\/types\/product"}],"replies":[{"embeddable":true,"href":"https:\/\/liveshowdalat.vn\/en\/wp-json\/wp\/v2\/comments?post=1978"}],"wp:featuredmedia":[{"embeddable":true,"href":"https:\/\/liveshowdalat.vn\/en\/wp-json\/wp\/v2\/media\/1979"}],"wp:attachment":[{"href":"https:\/\/liveshowdalat.vn\/en\/wp-json\/wp\/v2\/media?parent=1978"}],"wp:term":[{"taxonomy":"product_cat","embeddable":true,"href":"https:\/\/liveshowdalat.vn\/en\/wp-json\/wp\/v2\/product_cat?post=1978"},{"taxonomy":"product_tag","embeddable":true,"href":"https:\/\/liveshowdalat.vn\/en\/wp-json\/wp\/v2\/product_tag?post=1978"}],"curies":[{"name":"wp","href":"https:\/\/api.w.org\/{rel}","templated":true}]}}