{"id":1904,"date":"2024-06-05T19:08:38","date_gmt":"2024-06-05T12:08:38","guid":{"rendered":"https:\/\/lululolashow.com\/?p=1904"},"modified":"2024-11-09T09:18:36","modified_gmt":"2024-11-09T02:18:36","slug":"phuong-linh-hien-thuc-15-06","status":"publish","type":"product","link":"https:\/\/liveshowdalat.vn\/en\/phuong-linh-hien-thuc-15-06.html","title":{"rendered":"PH\u01af\u01a0NG LINH &#8211; HI\u1ec0N TH\u1ee4C | GI\u1ea4C M\u01a0 C\u00d3 TH\u1eacT, V\u1eaaN CH\u1edc ANH 15.06"},"content":{"rendered":"<nav class=\"vietrick-auto-toc\">\n<div class=\"box-title\">\n<h3 class=\"toc-title\" id=\"select-menu\">Danh m\u1ee5c ch\u00ednh<\/h3>\n<div><ion-icon name=\"chevron-up-outline\"><\/ion-icon><\/div>\n<\/div>\n<ul class=\"toc-list\">\n<li><a href='https:\/\/liveshowdalat.vn\/en#phuong-linh-hien-thuc-giac-mo-co-that-van-cho-anh' class='heading-h2 toc-link smooth-scroll'>PH\u01af\u01a0NG LINH &#8211; HI\u1ec0N TH\u1ee4C | GI\u1ea4C M\u01a0 C\u00d3 TH\u1eacT, V\u1eaaN CH\u1edc ANH<\/a>\n<li><a href='https:\/\/liveshowdalat.vn\/en#lien-he-book-ve' class='heading-h2 toc-link smooth-scroll'>Li\u00ean H\u1ec7 Book V\u00e9\u00a0<\/a><\/ul>\n<\/ul>\n<\/li>\n<\/ul>\n<\/nav>\n<h2 style=\"text-align: center;\" id=\"phuong-linh-hien-thuc-giac-mo-co-that-van-cho-anh\"><span style=\"color: #800000;\"><strong><span style=\"font-size: 24pt;\">PH\u01af\u01a0NG LINH &#8211; HI\u1ec0N TH\u1ee4C | GI\u1ea4C M\u01a0 C\u00d3 TH\u1eacT, V\u1eaaN CH\u1edc ANH<\/span><\/strong><\/span><\/h2>\n<p><img loading=\"lazy\" decoding=\"async\" class=\"aligncenter wp-image-1908 size-large\" src=\"https:\/\/lululolashow.com\/wp-content\/uploads\/2024\/06\/LULULOLA-Thang-6--724x1024.jpg\" alt=\"LULULOLA - Th\u00e1ng 6\" width=\"724\" height=\"1024\" \/><\/p>\n<p><span style=\"font-size: 18pt; color: #993300;\"><strong>Ng\u00e0y di\u1ec5n: 15.06.2024\u00a0<\/strong><\/span><\/p>\n<p><span style=\"font-size: 14pt;\"><strong>CHECK IN T\u1eea:<\/strong>\u00a016:00<\/span><\/p>\n<p><span style=\"font-size: 14pt;\"><strong>KHUNG GI\u1edc DI\u1ec4N:\u00a0<\/strong> 19:30 &#8211; 21:30<\/span><\/p>\n<p><span style=\"font-size: 14pt; font-family: georgia, palatino, serif;\"><em>Lululola Show Phan Thiet \u2013 H\u01a1n c\u1ea3 \u00e2m nh\u1ea1c, kh\u00f4ng gian c\u1ef1c chill s\u1ebd gi\u00fap b\u1ea1n th\u0103ng hoa khi th\u01b0\u1edfng th\u1ee9c \u0111\u00eam nh\u1ea1c t\u1ea1i Lululola<\/em><\/span><\/p>\n<p><img loading=\"lazy\" decoding=\"async\" class=\"size-full wp-image-1907 aligncenter\" src=\"https:\/\/lululolashow.com\/wp-content\/uploads\/2024\/06\/445450452_770986538520637_7607448481273242010_n.jpg\" alt=\"LULULOLA PHAN THI\u1ebeT - Wonder Hill\" width=\"1265\" height=\"712\" \/><\/p>\n<p><span style=\"font-size: 18pt; color: #003300;\"><b>GI\u00c1 V\u00c9: Gi\u00e1 \u0111\u00e3 bao g\u1ed3m \u0111\u1ed3 u\u1ed1ng.<\/b><\/span><\/p>\n<p><span style=\"font-size: 18pt;\"><span style=\"color: #993300;\"><strong>\u2234 VVIP: <span style=\"color: #333333;\">1.200K <\/span><\/strong><\/span><\/span><\/p>\n<p><span style=\"font-size: 18pt;\"><span style=\"color: #993300;\"><strong>\u2234 VIP: <span style=\"color: #333333;\">1.000K <\/span><\/strong><\/span><\/span><\/p>\n<p><span style=\"font-size: 18pt;\"><span style=\"color: #993300;\"><strong>\u2234 DELUXE: <span style=\"color: #333333;\">750K <\/span><\/strong><\/span><\/span><\/p>\n<p><span style=\"font-size: 18pt;\"><span style=\"color: #993300;\"><strong>\u2234 STANDARD: <span style=\"color: #333333;\">550K <\/span><\/strong><\/span><\/span><\/p>\n<p><span style=\"font-size: 18pt;\"><span style=\"color: #993300;\"><strong>\u2234 ECONOMY: <span style=\"color: #333333;\">400K<\/span><\/strong><\/span><\/span><\/p>\n<p><img loading=\"lazy\" decoding=\"async\" class=\"size-full wp-image-1906 aligncenter\" src=\"https:\/\/lululolashow.com\/wp-content\/uploads\/2024\/06\/447634396_770986848520606_3844723249559977280_n.jpg\" alt=\"LULULOLA PHAN THI\u1ebeT - Wonder Hill\" width=\"1276\" height=\"956\" \/><\/p>\n<p><span style=\"font-size: 18pt; color: #800000;\"><b>(*)Ghi ch\u00fa:<\/b><\/span><\/p>\n<p><span style=\"font-size: 14pt;\">Ch\u1ed7 ng\u01b0\u1eddi l\u1edbn tr\u00ean 12 tu\u1ed5i \u0111\u01b0\u1ee3c t\u00ednh b\u1eb1ng 100% gi\u00e1 ph\u1ee5 thu.<\/span><\/p>\n<p><span style=\"font-size: 14pt;\">Ch\u1ed7 tr\u1ebb em t\u1eeb 6 \u0111\u1ebfn 12 tu\u1ed5i \u0111\u01b0\u1ee3c t\u00ednh b\u1eb1ng 50% gi\u00e1 ph\u1ee5 thu.<\/span><\/p>\n<p><span style=\"font-size: 14pt;\">Tr\u1ebb em d\u01b0\u1edbi 6 tu\u1ed5i \u0111\u01b0\u1ee3c mi\u1ec5n ph\u00ed (ng\u1ed3i c\u00f9ng ng\u01b0\u1eddi l\u1edbn v\u00e0 kh\u00f4ng c\u00f3 gh\u1ebf ri\u00eang)<\/span><\/p>\n<p><span style=\"font-size: 14pt;\">Qu\u00fd kh\u00e1ch vui l\u00f2ng thanh to\u00e1n chuy\u1ec3n kho\u1ea3n tr\u01b0\u1edbc 12h \u0111\u1ec3 gi\u1eef \u0111\u1eb7t ch\u1ed7.(t\u00ednh t\u1eeb th\u1eddi \u0111i\u1ec3m \u0111\u1eb7t ch\u1ed7)<\/span><\/p>\n<p><span style=\"font-size: 14pt;\">C\u00e1c \u0110\u1eb7t ch\u1ed7 kh\u00f4ng th\u1ef1c hi\u1ec7n \u0111\u00fang v\u00e0 \u0111\u1ee7 c\u00e1c b\u01b0\u1edbc v\u00e0 \u0111\u1ea3m b\u1ea3o th\u1eddi gian theo quy \u0111\u1ecbnh s\u1ebd t\u1ef1 \u0111\u1ed3ng b\u1ecb h\u1ee7y m\u00e0 kh\u00f4ng c\u1ea7n th\u00f4ng b\u00e1o tr\u01b0\u1edbc.<\/span><\/p>\n<p>&nbsp;<\/p>\n<p><span style=\"font-size: 18pt; color: #800000;\"><b>(*)Ch\u00ednh s\u00e1ch ho\u00e0n v\u00e9, hu\u1ef7 v\u00e9 v\u00e0 b\u1ea3o l\u01b0u.<\/b><\/span><\/p>\n<p><span style=\"font-size: 14pt; color: #003300;\"><strong>1. Hu\u1ef7 V\u00e9 v\u00e0 B\u1ea3o L\u01b0u V\u00e9:<\/strong><\/span><\/p>\n<p><span style=\"font-size: 14pt;\">\u2013 Y\u00eau c\u1ea7u hu\u1ef7 v\u00e9 v\u00e0 b\u1ea3o l\u01b0u tr\u01b0\u1edbc gi\u1edd show h\u01a1n 48h . Lululola b\u1ea3o l\u01b0u 70% gi\u00e1 tr\u1ecb v\u00e9.<\/span><\/p>\n<p><span style=\"font-size: 14pt;\">\u2013 Y\u00eau c\u1ea7u hu\u1ef7 v\u00e9 v\u00e0 b\u1ea3o l\u01b0u tr\u01b0\u1edbc gi\u1edd show trong v\u00f2ng 12-48h. Lululola b\u1ea3o l\u01b0u 50% gi\u00e1 tr\u1ecb v\u00e9.<\/span><\/p>\n<p><span style=\"font-size: 14pt;\">\u2013 Y\u00eau c\u1ea7u hu\u1ef7 v\u00e9 v\u00e0 b\u1ea3o l\u01b0u tr\u01b0\u1edbc gi\u1edd show d\u01b0\u1edbi 12h. Lululola kh\u00f4ng b\u1ea3o l\u01b0u v\u00e9.<\/span><\/p>\n<p><em><span style=\"font-size: 14pt;\"><b>* Gi\u00e1 tr\u1ecb b\u1ea3o l\u01b0u c\u00f3 th\u1eddi h\u1ea1n 90 ng\u00e0y cho nh\u1eefng show sau.<\/b><\/span><\/em><\/p>\n<p><span style=\"font-size: 14pt; color: #003300;\"><strong>2. Hu\u1ef7 V\u00e9 v\u00e0 Ho\u00e0n Ti\u1ec1n<\/strong><\/span><\/p>\n<p><span style=\"font-size: 14pt;\">\u2013 Y\u00eau c\u1ea7u hu\u1ef7 v\u00e9 v\u00e0 ho\u00e0n ti\u1ec1n tr\u01b0\u1edbc gi\u1edd show h\u01a1n 48h . Ho\u00e0n 50% gi\u00e1 Tr\u1ecb v\u00e9<\/span><\/p>\n<p><span style=\"font-size: 14pt;\">\u2013 Y\u00eau c\u1ea7u hu\u1ef7 v\u00e9 v\u00e0 ho\u00e0n ti\u1ec1n tr\u01b0\u1edbc gi\u1edd show trong v\u00f2ng 12-48h. Ho\u00e0n 30% gi\u00e1 Tr\u1ecb v\u00e9<\/span><\/p>\n<p><span style=\"font-size: 14pt;\">\u2013 Y\u00eau c\u1ea7u hu\u1ef7 v\u00e9 v\u00e0 ho\u00e0n ti\u1ec1n tr\u01b0\u1edbc gi\u1edd show d\u01b0\u1edbi 12h. Kh\u00f4ng ho\u00e0n ti\u1ec1n<\/span><\/p>\n<p><img loading=\"lazy\" decoding=\"async\" class=\"size-full wp-image-1905 aligncenter\" src=\"https:\/\/lululolashow.com\/wp-content\/uploads\/2024\/06\/447774383_770986978520593_7425235256987222453_n.jpg\" alt=\"LULULOLA PHAN THI\u1ebeT - Wonder Hill\" width=\"960\" height=\"1280\" \/><\/p>\n<h2 id=\"lien-he-book-ve\"><span style=\"color: #800000; font-size: 24pt;\"><b>Li\u00ean H\u1ec7 Book V\u00e9\u00a0<\/b><\/span><\/h2>\n<p><span style=\"font-size: 14pt;\"><strong>Hotline\/Zalo:\u00a0<span style=\"font-family: arial, helvetica, sans-serif; color: #003300;\">0988 249 297<\/span><\/strong><\/span><\/p>\n<p><span style=\"font-size: 14pt; font-family: arial, helvetica, sans-serif;\">Fanpage booking:\u00a0<a href=\"https:\/\/www.facebook.com\/liveshowdalat\/\" target=\"_blank\" rel=\"noopener\">Lululola Coffee+<\/a><\/span><\/p>\n<p><span style=\"font-size: 14pt;\">Xem th\u00eam b\u00e0i vi\u1ebft kh\u00e1c t\u1ea1i: <a href=\"https:\/\/lululolashow.com\/\" rel=\"noopener\">Lululola Show<\/a><\/span><\/p>","protected":false},"excerpt":{"rendered":"<p>Danh m\u1ee5c ch\u00ednh PH\u01af\u01a0NG LINH &#8211; HI\u1ec0N TH\u1ee4C | GI\u1ea4C M\u01a0 C\u00d3 TH\u1eacT, V\u1eaaN CH\u1edc ANH Li\u00ean H\u1ec7 Book V\u00e9\u00a0 PH\u01af\u01a0NG LINH &#8211; HI\u1ec0N TH\u1ee4C | GI\u1ea4C M\u01a0 C\u00d3 TH\u1eacT, V\u1eaaN CH\u1edc ANH Ng\u00e0y di\u1ec5n: 15.06.2024\u00a0 CHECK IN T\u1eea:\u00a016:00 KHUNG GI\u1edc DI\u1ec4N:\u00a0 19:30 &#8211; 21:30 Lululola Show Phan Thiet \u2013 H\u01a1n c\u1ea3 \u00e2m nh\u1ea1c, kh\u00f4ng [&hellip;]<\/p>","protected":false},"featured_media":44811,"comment_status":"open","ping_status":"closed","template":"","meta":[],"product_cat":[31,2557,50],"product_tag":[],"_links":{"self":[{"href":"https:\/\/liveshowdalat.vn\/en\/wp-json\/wp\/v2\/product\/1904"}],"collection":[{"href":"https:\/\/liveshowdalat.vn\/en\/wp-json\/wp\/v2\/product"}],"about":[{"href":"https:\/\/liveshowdalat.vn\/en\/wp-json\/wp\/v2\/types\/product"}],"replies":[{"embeddable":true,"href":"https:\/\/liveshowdalat.vn\/en\/wp-json\/wp\/v2\/comments?post=1904"}],"wp:featuredmedia":[{"embeddable":true,"href":"https:\/\/liveshowdalat.vn\/en\/wp-json\/wp\/v2\/media\/44811"}],"wp:attachment":[{"href":"https:\/\/liveshowdalat.vn\/en\/wp-json\/wp\/v2\/media?parent=1904"}],"wp:term":[{"taxonomy":"product_cat","embeddable":true,"href":"https:\/\/liveshowdalat.vn\/en\/wp-json\/wp\/v2\/product_cat?post=1904"},{"taxonomy":"product_tag","embeddable":true,"href":"https:\/\/liveshowdalat.vn\/en\/wp-json\/wp\/v2\/product_tag?post=1904"}],"curies":[{"name":"wp","href":"https:\/\/api.w.org\/{rel}","templated":true}]}}