{"id":1870,"date":"2024-05-31T00:15:12","date_gmt":"2024-05-30T17:15:12","guid":{"rendered":"https:\/\/lululolashow.com\/?p=1870"},"modified":"2024-11-09T09:27:51","modified_gmt":"2024-11-09T02:27:51","slug":"lich-dien-lululola-thang-7-2024-lululola","status":"publish","type":"product","link":"https:\/\/liveshowdalat.vn\/en\/lich-dien-lululola-thang-7-2024-lululola.html","title":{"rendered":"L\u1ecaCH DI\u1ec4N LULULOLA TH\u00c1NG 7\/2024"},"content":{"rendered":"<nav class=\"vietrick-auto-toc\">\n<div class=\"box-title\">\n<h3 class=\"toc-title\" id=\"select-menu\">Danh m\u1ee5c ch\u00ednh<\/h3>\n<div><ion-icon name=\"chevron-up-outline\"><\/ion-icon><\/div>\n<\/div>\n<ul class=\"toc-list\">\n<li><a href='https:\/\/liveshowdalat.vn\/en#lich-dien-lululola-thang-7-2024' class='heading-h2 toc-link smooth-scroll'>L\u1ecaCH DI\u1ec4N LULULOLA TH\u00c1NG 7\/2024<\/a>\n<li><a href='https:\/\/liveshowdalat.vn\/en#lien-he-book-ve' class='heading-h2 toc-link smooth-scroll'>Li\u00ean H\u1ec7 Book V\u00e9\u00a0<\/a><\/ul>\n<\/ul>\n<\/li>\n<\/ul>\n<\/nav>\n<h2 style=\"text-align: center;\" id=\"lich-dien-lululola-thang-7-2024\"><span style=\"font-size: 24pt; color: #800000;\"><b>L\u1ecaCH DI\u1ec4N <\/b><\/span><span style=\"font-size: 24pt; color: #800000;\"><b>LULULOLA <\/b><\/span><span style=\"font-size: 24pt; color: #800000;\"><b>TH\u00c1NG 7\/2024<\/b><\/span><\/h2>\n<p style=\"text-align: center;\"><span style=\"color: #003300;\"><strong><span style=\"font-size: 18pt;\">B\u1ea2N TIN D\u1ef0 B\u00c1O HO\u00c0NG H\u00d4N \u2666 LULULOLA SHOW \u2666 \u0110\u00c0 L\u1ea0T \u2666<\/span><\/strong><\/span><\/p>\n<p style=\"text-align: center;\"><span style=\"color: #003300; font-size: 24pt;\"><strong>Th\u00e1ng 07\/2024<\/strong><\/span><\/p>\n<p><img loading=\"lazy\" decoding=\"async\" class=\"size-full wp-image-1856 aligncenter\" src=\"https:\/\/lululolashow.com\/wp-content\/uploads\/2024\/05\/Lich-dien-thang-6-7-LULULOLA.jpg\" alt=\"L\u1ecbch di\u1ec5n th\u00e1ng 6 &amp; 7 LULULOLA\" width=\"1448\" height=\"2048\" \/><\/p>\n<p><strong style=\"color: #800000; font-size: 18pt;\">L\u1ecaCH SHOW CA S\u0128<\/strong><\/p>\n<p><span style=\"color: #003300;\"><strong><span style=\"font-size: 18pt;\">\u2666TH\u00c1NG 07\/2024<\/span><\/strong><\/span><\/p>\n<hr \/>\n<p><span style=\"font-size: 14pt; color: #000000;\">\u03bf <strong>06\/07\/2024<\/strong> | \u01afng Ho\u00e0ng Ph\u00fac &#8211; KM Nguy\u1ec5n Ki\u1ec1u Oanh | N\u1ebeU TA C\u00d2N Y\u00caU NHAU<\/span><\/p>\n<p><a href=\"https:\/\/lululolashow.com\/ung-hoang-phuc-km-nguyen-kieu-oanh-06-07.html\" rel=\"noopener\">https:\/\/lululolashow.com\/ung-hoang-phuc-km-nguyen-kieu-oanh-06-07.html<\/a><\/p>\n<p><span style=\"font-size: 14pt; color: #000000;\">\u03bf <strong>07\/07\/2024<\/strong> | Ho\u00e0ng H\u1ea3i &#8211; Th\u00f9y Chi &#8211; LululoLa Show | NH\u1eaeN GI\u00d3 M\u00c2Y R\u1eb0NG ANH Y\u00caU EM<\/span><\/p>\n<p><a href=\"https:\/\/lululolashow.com\/hoang-hai-thuy-chi-lululola.html\" rel=\"noopener\">https:\/\/lululolashow.com\/hoang-hai-thuy-chi-lululola.html<\/a><\/p>\n<p><span style=\"font-size: 14pt; color: #000000;\">\u03bf <strong>13\/07\/2024<\/strong> | L\u00e2n Nh\u00e3 &#8211; KM B\u00f9i Lan H\u01b0\u01a1ng &#8211; LululoLa Show | CU\u1ed0I C\u00d9NG CHO M\u1ed8T T\u00ccNH Y\u00caU<\/span><\/p>\n<p><a href=\"https:\/\/lululolashow.com\/lan-nha-khach-moi-cuoi-cung-cho-mot-tinh-yeu-13-07.html\" rel=\"noopener\">https:\/\/lululolashow.com\/lan-nha-khach-moi-cuoi-cung-cho-mot-tinh-yeu-13-07.html<\/a><\/p>\n<p><span style=\"font-size: 14pt; color: #000000;\">\u03bf <strong>19\/07\/2024<\/strong> | HO\u00c0NG D\u0168NG \u2013 L\u00c2M PH\u00daC | \u0110\u00d4I L\u1edcI T\u00ccNH CA<\/span><\/p>\n<p><a href=\"https:\/\/lululolashow.com\/hoang-dung-lam-phuc-doi-loi-tinh-ca-19-07.html\" rel=\"noopener\">https:\/\/lululolashow.com\/hoang-dung-lam-phuc-doi-loi-tinh-ca-19-07.html<\/a><\/p>\n<p><span style=\"font-size: 14pt; color: #000000;\">\u03bf <strong>20\/07\/2024<\/strong> | Nguy\u1ec5n Tr\u1ea7n Trung Qu\u00e2n &#8211; Minh Su &#8211; Nh\u1eadt Ph\u00e1t &#8211; Quinzel &#8211; Noah Qu\u1ed1c Anh &#8211; LululoLa Show | C\u00c2U TR\u1ea2 L\u1edcI L\u00c0 BU\u00d4NG TAY<\/span><\/p>\n<p><a href=\"https:\/\/lululolashow.com\/nguyen-tran-trung-quan-khach-moi-20-07-lululola.html\" rel=\"noopener\">https:\/\/lululolashow.com\/nguyen-tran-trung-quan-khach-moi-20-07-lululola.html<\/a><\/p>\n<p><span style=\"font-size: 14pt; color: #000000;\">\u03bf <strong>26\/07\/2024 <\/strong>| PH\u01af\u01a0NG LINH \u2013 B\u1ea0CH C\u00d4NG KHANH | XU\u00c2N TH\u00cc\u00a0<\/span><\/p>\n<p><a href=\"https:\/\/lululolashow.com\/phuong-linh-bach-cong-khanh-xuan-thi-26-07.html\" rel=\"noopener\">https:\/\/lululolashow.com\/phuong-linh-bach-cong-khanh-xuan-thi-26-07.html<\/a><\/p>\n<p><span style=\"font-size: 14pt; color: #000000;\">\u03bf <strong>27\/07\/2024 <\/strong>| TH\u00d9Y CHI \u2013 MAI TI\u1ebeN D\u0168NG | NG\u01af\u1edcI NH\u01af ANH H\u01a0N EM CH\u1ed6 N\u00c0O<\/span><\/p>\n<p><a href=\"https:\/\/lululolashow.com\/thuy-chi-mai-tien-dung-27-07.html\" rel=\"noopener\">https:\/\/lululolashow.com\/thuy-chi-mai-tien-dung-27-07.html<\/a><\/p>\n<p><span style=\"font-size: 14pt; color: #000000;\">\u03bf <strong>28\/07\/2024 <\/strong>| LIVE SHOW H\u01af\u01a0NG TR\u00c0M \u2013 KM: HO\u00c0NG H\u1ea2I &amp; HO\u00c0NG PH\u01af\u01a0NG\u00a0<\/span><\/p>\n<p><a href=\"https:\/\/lululolashow.com\/live-show-huong-tram-km-hoang-hai-hoang-phuong-28-07.html\" rel=\"noopener\">https:\/\/lululolashow.com\/live-show-huong-tram-km-hoang-hai-hoang-phuong-28-07.html<\/a><\/p>\n<div dir=\"auto\">\u2014\u2014\u2014\u2014\u2014\u2014\u2014\u2014\u2014\u2014\u2014\u2014\u2014\u2014\u2014\u2014\u2014<\/div>\n<div dir=\"auto\"><strong><span style=\"font-size: 14pt;\">Lululola Show \u0110\u00e0 L\u1ea1t<\/span><\/strong><\/div>\n<div dir=\"auto\"><strong><span style=\"font-size: 14pt;\">Add: \u0110\u1ea7u \u0111\u00e8o Prenn, \u0110\u01b0\u1eddng 3\/4, Ph\u01b0\u1eddng 3, Tp \u0110\u00e0 L\u1ea1t<\/span><\/strong><\/div>\n<div dir=\"auto\"><img loading=\"lazy\" decoding=\"async\" class=\"size-full wp-image-1634 aligncenter\" src=\"https:\/\/lululolashow.com\/wp-content\/uploads\/2024\/04\/431845568_725143439771614_9114298150940533693_n.jpg\" alt=\"Lululola Show\" width=\"2048\" height=\"1365\" \/><\/div>\n<div dir=\"auto\">\n<p><span style=\"font-size: 18pt; color: #800000;\"><b>(*)Ghi ch\u00fa:<\/b><\/span><\/p>\n<p><span style=\"font-weight: 400; font-size: 14pt;\">Ch\u1ed7 ng\u01b0\u1eddi l\u1edbn tr\u00ean 12 tu\u1ed5i \u0111\u01b0\u1ee3c t\u00ednh b\u1eb1ng 100% gi\u00e1 ph\u1ee5 thu.<\/span><\/p>\n<p><span style=\"font-weight: 400; font-size: 14pt;\">Ch\u1ed7 tr\u1ebb em t\u1eeb 6 \u0111\u1ebfn 12 tu\u1ed5i \u0111\u01b0\u1ee3c t\u00ednh b\u1eb1ng 50% gi\u00e1 ph\u1ee5 thu.<\/span><\/p>\n<p><span style=\"font-weight: 400; font-size: 14pt;\">Tr\u1ebb em d\u01b0\u1edbi 6 tu\u1ed5i \u0111\u01b0\u1ee3c mi\u1ec5n ph\u00ed (ng\u1ed3i c\u00f9ng ng\u01b0\u1eddi l\u1edbn v\u00e0 kh\u00f4ng c\u00f3 gh\u1ebf ri\u00eang)<\/span><\/p>\n<p><span style=\"font-weight: 400; font-size: 14pt;\">Qu\u00fd kh\u00e1ch vui l\u00f2ng thanh to\u00e1n chuy\u1ec3n kho\u1ea3n tr\u01b0\u1edbc 12h \u0111\u1ec3 gi\u1eef \u0111\u1eb7t ch\u1ed7.(t\u00ednh t\u1eeb th\u1eddi \u0111i\u1ec3m \u0111\u1eb7t ch\u1ed7)<\/span><\/p>\n<p><span style=\"font-weight: 400; font-size: 14pt;\">C\u00e1c \u0110\u1eb7t ch\u1ed7 kh\u00f4ng th\u1ef1c hi\u1ec7n \u0111\u00fang v\u00e0 \u0111\u1ee7 c\u00e1c b\u01b0\u1edbc v\u00e0 \u0111\u1ea3m b\u1ea3o th\u1eddi gian theo quy \u0111\u1ecbnh s\u1ebd t\u1ef1 \u0111\u1ed3ng b\u1ecb h\u1ee7y m\u00e0 kh\u00f4ng c\u1ea7n th\u00f4ng b\u00e1o tr\u01b0\u1edbc.<\/span><\/p>\n<p><span style=\"font-size: 18pt; color: #800000;\"><b>(*)Ch\u00ednh s\u00e1ch ho\u00e0n v\u00e9, hu\u1ef7 v\u00e9 v\u00e0 b\u1ea3o l\u01b0u.<\/b><\/span><\/p>\n<p><strong><span style=\"font-size: 14pt;\">1. Hu\u1ef7 V\u00e9 v\u00e0 B\u1ea3o L\u01b0u V\u00e9:<\/span><\/strong><\/p>\n<p><span style=\"font-weight: 400; font-size: 14pt;\">\u2013 Y\u00eau c\u1ea7u hu\u1ef7 v\u00e9 v\u00e0 b\u1ea3o l\u01b0u tr\u01b0\u1edbc gi\u1edd show h\u01a1n 48h . Lululola b\u1ea3o l\u01b0u 70% gi\u00e1 tr\u1ecb v\u00e9.<\/span><\/p>\n<p><span style=\"font-weight: 400; font-size: 14pt;\">\u2013 Y\u00eau c\u1ea7u hu\u1ef7 v\u00e9 v\u00e0 b\u1ea3o l\u01b0u tr\u01b0\u1edbc gi\u1edd show trong v\u00f2ng 12-48h. Lululola b\u1ea3o l\u01b0u 50% gi\u00e1 tr\u1ecb v\u00e9.<\/span><\/p>\n<p><span style=\"font-weight: 400; font-size: 14pt;\">\u2013 Y\u00eau c\u1ea7u hu\u1ef7 v\u00e9 v\u00e0 b\u1ea3o l\u01b0u tr\u01b0\u1edbc gi\u1edd show d\u01b0\u1edbi 12h. Lululola kh\u00f4ng b\u1ea3o l\u01b0u v\u00e9.<\/span><\/p>\n<p><span style=\"font-size: 14pt; color: #003300;\"><b>* Gi\u00e1 tr\u1ecb b\u1ea3o l\u01b0u c\u00f3 th\u1eddi h\u1ea1n 90 ng\u00e0y cho nh\u1eefng show sau.<\/b><\/span><\/p>\n<p><strong><span style=\"font-size: 14pt;\">2. Hu\u1ef7 V\u00e9 v\u00e0 Ho\u00e0n Ti\u1ec1n<\/span><\/strong><\/p>\n<p><span style=\"font-weight: 400; font-size: 14pt;\">\u2013 Y\u00eau c\u1ea7u hu\u1ef7 v\u00e9 v\u00e0 ho\u00e0n ti\u1ec1n tr\u01b0\u1edbc gi\u1edd show h\u01a1n 48h . Ho\u00e0n 50% gi\u00e1 Tr\u1ecb v\u00e9<\/span><\/p>\n<p><span style=\"font-weight: 400; font-size: 14pt;\">\u2013 Y\u00eau c\u1ea7u hu\u1ef7 v\u00e9 v\u00e0 ho\u00e0n ti\u1ec1n tr\u01b0\u1edbc gi\u1edd show trong v\u00f2ng 12-48h. Ho\u00e0n 30% gi\u00e1 Tr\u1ecb v\u00e9<\/span><\/p>\n<p><span style=\"font-weight: 400; font-size: 14pt;\">\u2013 Y\u00eau c\u1ea7u hu\u1ef7 v\u00e9 v\u00e0 ho\u00e0n ti\u1ec1n tr\u01b0\u1edbc gi\u1edd show d\u01b0\u1edbi 12h. Kh\u00f4ng ho\u00e0n ti\u1ec1n<\/span><\/p>\n<p><img loading=\"lazy\" decoding=\"async\" class=\"size-full wp-image-1641 aligncenter\" src=\"https:\/\/lululolashow.com\/wp-content\/uploads\/2024\/04\/Lululola-Show-2.jpg\" alt=\"S\u00e2n Kh\u1ea5u Lululola Show\" width=\"2000\" height=\"1600\" \/><\/p>\n<p><img loading=\"lazy\" decoding=\"async\" class=\"size-full wp-image-1640 aligncenter\" src=\"https:\/\/lululolashow.com\/wp-content\/uploads\/2024\/04\/Lululola-Show-3.jpg\" alt=\"S\u00e2n Kh\u1ea5u Lululola Show\" width=\"2000\" height=\"1600\" \/><\/p>\n<p><img loading=\"lazy\" decoding=\"async\" class=\"size-full wp-image-1642 aligncenter\" src=\"https:\/\/lululolashow.com\/wp-content\/uploads\/2024\/04\/Lululola-Show-4.jpg\" alt=\"S\u00e2n Kh\u1ea5u Lululola Show\" width=\"2000\" height=\"1600\" \/><\/p>\n<h2 id=\"lien-he-book-ve\"><span style=\"color: #800000;\"><b>Li\u00ean H\u1ec7 Book V\u00e9\u00a0<\/b><\/span><\/h2>\n<p><span style=\"color: #003300; font-size: 14pt;\"><b>Hotline\/Zalo: 0988 249 297<\/b><\/span><\/p>\n<p><span style=\"font-size: 14pt;\"><span style=\"font-weight: 400;\">Fanpage booking: <\/span><a href=\"https:\/\/www.facebook.com\/liveshowdalat\/\" rel=\"noopener\"><span style=\"font-weight: 400;\">Lululola Coffee+<\/span><\/a><\/span><\/p>\n<p><span style=\"font-size: 14pt;\"><span style=\"font-weight: 400;\">Xem th\u00eam b\u00e0i vi\u1ebft kh\u00e1c t\u1ea1i: <a href=\"https:\/\/lululolashow.com\/\" rel=\"noopener\">Lululola Show<\/a><\/span><\/span><\/p>\n<\/div>","protected":false},"excerpt":{"rendered":"<p>Danh m\u1ee5c ch\u00ednh L\u1ecaCH DI\u1ec4N LULULOLA TH\u00c1NG 7\/2024 Li\u00ean H\u1ec7 Book V\u00e9\u00a0 L\u1ecaCH DI\u1ec4N LULULOLA TH\u00c1NG 7\/2024 B\u1ea2N TIN D\u1ef0 B\u00c1O HO\u00c0NG H\u00d4N \u2666 LULULOLA SHOW \u2666 \u0110\u00c0 L\u1ea0T \u2666 Th\u00e1ng 07\/2024 L\u1ecaCH SHOW CA S\u0128 \u2666TH\u00c1NG 07\/2024 \u03bf 06\/07\/2024 | \u01afng Ho\u00e0ng Ph\u00fac &#8211; KM Nguy\u1ec5n Ki\u1ec1u Oanh | N\u1ebeU TA C\u00d2N Y\u00caU NHAU [&hellip;]<\/p>","protected":false},"featured_media":44815,"comment_status":"open","ping_status":"closed","template":"","meta":[],"product_cat":[31,2558,50],"product_tag":[],"_links":{"self":[{"href":"https:\/\/liveshowdalat.vn\/en\/wp-json\/wp\/v2\/product\/1870"}],"collection":[{"href":"https:\/\/liveshowdalat.vn\/en\/wp-json\/wp\/v2\/product"}],"about":[{"href":"https:\/\/liveshowdalat.vn\/en\/wp-json\/wp\/v2\/types\/product"}],"replies":[{"embeddable":true,"href":"https:\/\/liveshowdalat.vn\/en\/wp-json\/wp\/v2\/comments?post=1870"}],"wp:featuredmedia":[{"embeddable":true,"href":"https:\/\/liveshowdalat.vn\/en\/wp-json\/wp\/v2\/media\/44815"}],"wp:attachment":[{"href":"https:\/\/liveshowdalat.vn\/en\/wp-json\/wp\/v2\/media?parent=1870"}],"wp:term":[{"taxonomy":"product_cat","embeddable":true,"href":"https:\/\/liveshowdalat.vn\/en\/wp-json\/wp\/v2\/product_cat?post=1870"},{"taxonomy":"product_tag","embeddable":true,"href":"https:\/\/liveshowdalat.vn\/en\/wp-json\/wp\/v2\/product_tag?post=1870"}],"curies":[{"name":"wp","href":"https:\/\/api.w.org\/{rel}","templated":true}]}}