{"id":1830,"date":"2023-10-29T15:08:36","date_gmt":"2023-10-29T08:08:36","guid":{"rendered":"https:\/\/maylangthangshow.com\/?p=1830"},"modified":"2024-07-15T16:01:14","modified_gmt":"2024-07-15T09:01:14","slug":"le-hieu-nguyen-ha-17-11","status":"publish","type":"product","link":"https:\/\/liveshowdalat.vn\/en\/le-hieu-nguyen-ha-17-11.html","title":{"rendered":"L\u00ca HI\u1ebeU &#8211; NGUY\u00caN H\u00c0 17.11"},"content":{"rendered":"<nav class=\"vietrick-auto-toc\">\n<div class=\"box-title\">\n<h3 class=\"toc-title\" id=\"select-menu\">Danh m\u1ee5c ch\u00ednh<\/h3>\n<div><ion-icon name=\"chevron-up-outline\"><\/ion-icon><\/div>\n<\/div>\n<ul class=\"toc-list\">\n<li><a href='https:\/\/liveshowdalat.vn\/en#le-hieu-nguyen-ha-17-11' class='heading-h2 toc-link smooth-scroll'>L\u00ca HI\u1ebeU &#8211; NGUY\u00caN H\u00c0 17.11<\/a>\n<li><a href='https:\/\/liveshowdalat.vn\/en#lien-he-book-ve' class='heading-h2 toc-link smooth-scroll'>Li\u00ean H\u1ec7 Book V\u00e9\u00a0<\/a><\/ul>\n<\/ul>\n<\/li>\n<\/ul>\n<\/nav>\n<h2 style=\"text-align: center;\" id=\"le-hieu-nguyen-ha-17-11\"><span style=\"font-size: 24pt; color: #003300;\">L\u00ca HI\u1ebeU &#8211; NGUY\u00caN H\u00c0 17.11<\/span><\/h2>\n<p><img loading=\"lazy\" decoding=\"async\" class=\"aligncenter wp-image-2348 size-large\" src=\"https:\/\/liveshowdalat.vn\/wp-content\/uploads\/2023\/10\/may-lang-thang-4-819x1024.jpg\" alt=\"\" width=\"819\" height=\"1024\" srcset=\"https:\/\/liveshowdalat.vn\/wp-content\/uploads\/2023\/10\/may-lang-thang-4-819x1024.jpg 819w, https:\/\/liveshowdalat.vn\/wp-content\/uploads\/2023\/10\/may-lang-thang-4-240x300.jpg 240w, https:\/\/liveshowdalat.vn\/wp-content\/uploads\/2023\/10\/may-lang-thang-4-768x960.jpg 768w, https:\/\/liveshowdalat.vn\/wp-content\/uploads\/2023\/10\/may-lang-thang-4-1229x1536.jpg 1229w, https:\/\/liveshowdalat.vn\/wp-content\/uploads\/2023\/10\/may-lang-thang-4-600x750.jpg 600w, https:\/\/liveshowdalat.vn\/wp-content\/uploads\/2023\/10\/may-lang-thang-4.jpg 1638w\" sizes=\"(max-width: 819px) 100vw, 819px\" \/><\/p>\n<p><span style=\"font-size: 14pt;\"><span style=\"font-size: 18pt; color: #003300;\"><b>Ch\u00ednh s\u00e1ch tr\u1ebb em b\u00ean M\u00e2y Lang Thang:<\/b><\/span><b><br \/>\n<\/b><span style=\"font-weight: 400;\">\u2013 Mi\u1ec5n ph\u00ed cho b\u00e9 d\u01b0\u1edbi 3 tu\u1ed5i ( ng\u1ed3i chung gh\u1ebf v\u1edbi b\u1ed1 m\u1eb9 su\u1ed1t bu\u1ed5i di\u1ec5n )<\/span><span style=\"font-weight: 400;\"><br \/>\n<\/span><span style=\"font-weight: 400;\">\u2013 N\u1ebfu b\u00e9 tr\u00ean 3 tu\u1ed5i, d\u01b0\u1edbi 1m2 gi\u1ea3m 30% ( c\u00f3 gh\u1ebf ri\u00eang ), ho\u00e0n tr\u1ef1c ti\u1ebfp t\u1ea1i show<\/span><span style=\"font-weight: 400;\"><br \/>\n<\/span><span style=\"font-weight: 400;\">\u2013 Tr\u00ean 1m2 v\u1eabn t\u00ednh v\u00e9 nh\u01b0 ng\u01b0\u1eddi l\u1edbn.<\/span><span style=\"font-weight: 400;\"><br \/>\n<\/span><span style=\"font-weight: 400;\">***<\/span><span style=\"font-weight: 400;\"><br \/>\n<\/span><span style=\"font-weight: 400;\">\u2013 \u0110\u1ecba ch\u1ec9: M\u00e2y In The Nest Dalat, 519 Th\u00f4n M\u0103ng Lin, Ph\u01b0\u1eddng 7, \u0110\u00e0 L\u1ea1t.<\/span><span style=\"font-weight: 400;\"><br \/>\n<\/span><span style=\"font-weight: 400;\">\u2013 \u0110\u1ecba \u0111i\u1ec3m t\u1ed5 ch\u1ee9c c\u00e1ch trung t\u00e2m th\u00e0nh ph\u1ed1 12km, qu\u00fd kh\u00e1ch l\u01b0u \u00fd t\u1ed5 ch\u1ee9c \u0111\u1ecba \u0111i\u1ec3m \u0111\u1ec3 s\u1eafp x\u1ebfp th\u1eddi gian v\u00e0 ph\u01b0\u01a1ng ti\u1ec7n di chuy\u1ec3n ph\u00f9 h\u1ee3p.<\/span><span style=\"font-weight: 400;\"><br \/>\n<\/span><span style=\"font-weight: 400;\">\u2013 BTC c\u00f3 h\u1ed7 tr\u1ee3 xe trung chuy\u1ec3n mi\u1ec5n ph\u00ed, qu\u00fd kh\u00e1ch c\u00f3 nhu c\u1ea7u vui l\u00f2ng b\u00e1o v\u1edbi nh\u00e2n vi\u00ean t\u01b0 v\u1ea5n theo s\u1ed1 hotline b\u00ean d\u01b0\u1edbi.<\/span><\/span><\/p>\n<p><img loading=\"lazy\" decoding=\"async\" class=\"alignnone size-full wp-image-1600\" src=\"https:\/\/liveshowdalat.vn\/wp-content\/uploads\/2023\/10\/z4761080474588_1398bc24a52545a097f4052e30c410c8-1.jpg\" alt=\"M\u00c2Y LANG THANG\" width=\"1280\" height=\"904\" srcset=\"https:\/\/liveshowdalat.vn\/wp-content\/uploads\/2023\/10\/z4761080474588_1398bc24a52545a097f4052e30c410c8-1.jpg 1280w, https:\/\/liveshowdalat.vn\/wp-content\/uploads\/2023\/10\/z4761080474588_1398bc24a52545a097f4052e30c410c8-1-300x212.jpg 300w, https:\/\/liveshowdalat.vn\/wp-content\/uploads\/2023\/10\/z4761080474588_1398bc24a52545a097f4052e30c410c8-1-1024x723.jpg 1024w, https:\/\/liveshowdalat.vn\/wp-content\/uploads\/2023\/10\/z4761080474588_1398bc24a52545a097f4052e30c410c8-1-768x542.jpg 768w, https:\/\/liveshowdalat.vn\/wp-content\/uploads\/2023\/10\/z4761080474588_1398bc24a52545a097f4052e30c410c8-1-600x424.jpg 600w\" sizes=\"(max-width: 1280px) 100vw, 1280px\" \/><\/p>\n<p><img loading=\"lazy\" decoding=\"async\" class=\"aligncenter wp-image-1791\" src=\"https:\/\/liveshowdalat.vn\/wp-content\/uploads\/2023\/10\/Screenshot-2023-10-25-094042.png\" alt=\"m\u00e2y in the nest\" width=\"999\" height=\"753\" \/><\/p>\n<p><span style=\"font-size: 18pt; color: #003300;\"><b>L\u01afU \u00dd<\/b><\/span><\/p>\n<p><span style=\"font-weight: 400; font-size: 14pt;\">\u2013 BTC kh\u00f4ng h\u1ed7 tr\u1ee3 ho\u00e0n v\u00e9 d\u01b0\u1edbi m\u1ecdi h\u00ecnh th\u1ee9c<\/span><\/p>\n<p><span style=\"font-weight: 400; font-size: 14pt;\">\u2013 Vui l\u00f2ng kh\u00f4ng mang \u0111\u1ed3 \u0103n n\u01b0\u1edbc u\u1ed1ng b\u00ean ngo\u00e0i v\u00e0o khu v\u1ef1c bi\u1ec3u di\u1ec5n<\/span><\/p>\n<p><span style=\"font-weight: 400; font-size: 14pt;\">\u2013 Tr\u01b0\u1eddng h\u1ee3p h\u1ee7y v\u00e9 v\u00e0 b\u1ea3o l\u01b0u v\u00e9 c\u1ea7n th\u00f4ng b\u00e1o t\u1edbi BTC tr\u01b0\u1edbc 24 gi\u1edd, sau kho\u1ea3ng th\u1eddi gian tr\u00ean s\u1ebd kh\u00f4ng \u0111\u01b0\u1ee3c h\u1ed7 tr\u1ee3<\/span><\/p>\n<p><span style=\"font-size: 18pt; color: #003300;\"><b><i>B\u1ea1n l\u01b0u \u00fd th\u00f4ng tin b\u1ea3o l\u01b0u sau:<\/i><\/b><\/span><\/p>\n<p><span style=\"font-weight: 400; font-size: 14pt;\">\u2013 Th\u1eddi h\u1ea1n b\u1ea3o l\u01b0u l\u00e0 trong v\u00f2ng m\u1ed9t n\u0103m t\u00ednh theo ng\u00e0y x\u00e1c nh\u1eadn b\u1ea3o l\u01b0u.<\/span><\/p>\n<p><span style=\"font-weight: 400; font-size: 14pt;\">\u2013 B\u1ea3o l\u01b0u ch\u1ec9 c\u00f3 hi\u1ec7u l\u1ef1c c\u00f9ng khu v\u1ef1c \u0111\u00e3 \u0111\u1eb7t<\/span><\/p>\n<p><span style=\"font-weight: 400; font-size: 14pt;\">\u2013 M\u00e2y ch\u1ec9 h\u1ed7 tr\u1ee3 b\u1ea3o l\u01b0u c\u00f9ng h\u1ea1ng gi\u00e1, v\u1edbi gi\u00e1 v\u00e9 cao h\u01a1n (vui l\u00f2ng b\u00f9 ph\u1ea7n ch\u00eanh l\u1ec7ch gi\u00fap M\u00e2y).<\/span><\/p>\n<p><span style=\"font-weight: 400; font-size: 14pt;\">Trong tr\u01b0\u1eddng h\u1ee3p h\u1ea1ng v\u00e9 th\u1ea5p s\u1ed1 ti\u1ec1n \u0111\u00e3 b\u1ea3o l\u01b0u, M\u00e2y kh\u00f4ng h\u1ed7 tr\u1ee3 ho\u00e0n ti\u1ec1n.<\/span><\/p>\n<p>&nbsp;<\/p>\n<p><img loading=\"lazy\" decoding=\"async\" class=\"wp-image-1792 aligncenter\" src=\"https:\/\/liveshowdalat.vn\/wp-content\/uploads\/2023\/10\/Screenshot-2023-10-25-094054.png\" alt=\"May In The Next\" width=\"991\" height=\"748\" \/><\/p>\n<p><img loading=\"lazy\" decoding=\"async\" class=\"alignnone size-full wp-image-1763\" src=\"https:\/\/liveshowdalat.vn\/wp-content\/uploads\/2023\/10\/Hong-va-Xam-Loi-the-Su-doi-moi-Anh-ghep-1-1.jpg\" alt=\"m\u00e2y in the nest\" width=\"2000\" height=\"1600\" srcset=\"https:\/\/liveshowdalat.vn\/wp-content\/uploads\/2023\/10\/Hong-va-Xam-Loi-the-Su-doi-moi-Anh-ghep-1-1.jpg 2000w, https:\/\/liveshowdalat.vn\/wp-content\/uploads\/2023\/10\/Hong-va-Xam-Loi-the-Su-doi-moi-Anh-ghep-1-1-300x240.jpg 300w, https:\/\/liveshowdalat.vn\/wp-content\/uploads\/2023\/10\/Hong-va-Xam-Loi-the-Su-doi-moi-Anh-ghep-1-1-1024x819.jpg 1024w, https:\/\/liveshowdalat.vn\/wp-content\/uploads\/2023\/10\/Hong-va-Xam-Loi-the-Su-doi-moi-Anh-ghep-1-1-768x614.jpg 768w, https:\/\/liveshowdalat.vn\/wp-content\/uploads\/2023\/10\/Hong-va-Xam-Loi-the-Su-doi-moi-Anh-ghep-1-1-1536x1229.jpg 1536w, https:\/\/liveshowdalat.vn\/wp-content\/uploads\/2023\/10\/Hong-va-Xam-Loi-the-Su-doi-moi-Anh-ghep-1-1-600x480.jpg 600w\" sizes=\"(max-width: 2000px) 100vw, 2000px\" \/><\/p>\n<h2 id=\"lien-he-book-ve\"><span style=\"font-size: 18pt; color: #003300;\"><b>Li\u00ean H\u1ec7 Book V\u00e9\u00a0<\/b><\/span><\/h2>\n<p><span style=\"font-size: 14pt; color: #003366;\"><b>Hotline\/Zalo: <\/b><b>0988 249 297<\/b><\/span><\/p>\n<p><span style=\"font-size: 14pt;\"><span style=\"font-weight: 400;\">Fanpage booking: <\/span><a href=\"https:\/\/www.facebook.com\/liveshowdalat\/\" rel=\"noopener\"><span style=\"font-weight: 400;\">M\u00e2y Lang Thang<\/span><\/a><\/span><\/p>\n<p><span style=\"font-size: 14pt;\"><span style=\"font-weight: 400;\">Xem th\u00eam b\u00e0i vi\u1ebft kh\u00e1c t\u1ea1i: <\/span><a href=\"https:\/\/maylangthangshow.com\/\" rel=\"noopener\"><span style=\"font-weight: 400;\">Cloud Wandered Show\u00a0<\/span><\/a><\/span><\/p>\n<p>&nbsp;<\/p>","protected":false},"excerpt":{"rendered":"<p>Danh m\u1ee5c ch\u00ednh L\u00ca HI\u1ebeU &#8211; NGUY\u00caN H\u00c0 17.11 Li\u00ean H\u1ec7 Book V\u00e9\u00a0 L\u00ca HI\u1ebeU &#8211; NGUY\u00caN H\u00c0 17.11 Ch\u00ednh s\u00e1ch tr\u1ebb em b\u00ean M\u00e2y Lang Thang: \u2013 Mi\u1ec5n ph\u00ed cho b\u00e9 d\u01b0\u1edbi 3 tu\u1ed5i ( ng\u1ed3i chung gh\u1ebf v\u1edbi b\u1ed1 m\u1eb9 su\u1ed1t bu\u1ed5i di\u1ec5n ) \u2013 N\u1ebfu b\u00e9 tr\u00ean 3 tu\u1ed5i, d\u01b0\u1edbi 1m2 gi\u1ea3m [&hellip;]<\/p>","protected":false},"featured_media":2348,"comment_status":"open","ping_status":"closed","template":"","meta":[],"product_cat":[31,2573,2410,49],"product_tag":[],"_links":{"self":[{"href":"https:\/\/liveshowdalat.vn\/en\/wp-json\/wp\/v2\/product\/1830"}],"collection":[{"href":"https:\/\/liveshowdalat.vn\/en\/wp-json\/wp\/v2\/product"}],"about":[{"href":"https:\/\/liveshowdalat.vn\/en\/wp-json\/wp\/v2\/types\/product"}],"replies":[{"embeddable":true,"href":"https:\/\/liveshowdalat.vn\/en\/wp-json\/wp\/v2\/comments?post=1830"}],"wp:featuredmedia":[{"embeddable":true,"href":"https:\/\/liveshowdalat.vn\/en\/wp-json\/wp\/v2\/media\/2348"}],"wp:attachment":[{"href":"https:\/\/liveshowdalat.vn\/en\/wp-json\/wp\/v2\/media?parent=1830"}],"wp:term":[{"taxonomy":"product_cat","embeddable":true,"href":"https:\/\/liveshowdalat.vn\/en\/wp-json\/wp\/v2\/product_cat?post=1830"},{"taxonomy":"product_tag","embeddable":true,"href":"https:\/\/liveshowdalat.vn\/en\/wp-json\/wp\/v2\/product_tag?post=1830"}],"curies":[{"name":"wp","href":"https:\/\/api.w.org\/{rel}","templated":true}]}}