{"id":1758,"date":"2023-10-10T08:23:24","date_gmt":"2023-10-10T01:23:24","guid":{"rendered":"https:\/\/maylangthangshow.com\/?p=1758"},"modified":"2024-07-15T16:01:17","modified_gmt":"2024-07-15T09:01:17","slug":"lich-dien-thang-10-11-2023-may-lang-thang-da-lat","status":"publish","type":"product","link":"https:\/\/liveshowdalat.vn\/en\/lich-dien-thang-10-11-2023-may-lang-thang-da-lat.html","title":{"rendered":"L\u1ecaCH DI\u1ec4N TH\u00c1NG 10 &#038; 11\/2023 M\u00c2Y LANG THANG \u0110\u00c0 L\u1ea0T"},"content":{"rendered":"<nav class=\"vietrick-auto-toc\">\n<div class=\"box-title\">\n<h3 class=\"toc-title\" id=\"select-menu\">Danh m\u1ee5c ch\u00ednh<\/h3>\n<div><ion-icon name=\"chevron-up-outline\"><\/ion-icon><\/div>\n<\/div>\n<ul class=\"toc-list\">\n<li><a href='https:\/\/liveshowdalat.vn\/en#lich-dien-thang-10-11-2023-may-lang-thang-da-lat' class='heading-h2 toc-link smooth-scroll'>L\u1ecaCH DI\u1ec4N TH\u00c1NG 10 &amp; 11\/2023 M\u00c2Y LANG THANG \u0110\u00c0 L\u1ea0T<\/a>\n<li><a href='https:\/\/liveshowdalat.vn\/en#lien-he-book-ve' class='heading-h2 toc-link smooth-scroll'>Li\u00ean H\u1ec7 Book V\u00e9\u00a0<\/a><\/ul>\n<\/ul>\n<\/li>\n<\/ul>\n<\/nav>\n<h2 style=\"text-align: center;\" id=\"lich-dien-thang-10-11-2023-may-lang-thang-da-lat\"><span style=\"font-size: 24pt; color: #003300;\"><b>L\u1ecaCH DI\u1ec4N TH\u00c1NG 10 &amp; 11\/2023 M\u00c2Y LANG THANG \u0110\u00c0 L\u1ea0T<\/b><\/span><\/h2>\n<p><span style=\"color: #000080;\"><strong><span style=\"font-size: 18.6667px;\">L\u1ecaCH DI\u1ec4N TR\u00caN M\u00c2Y TH\u00c1NG 10 &amp; 11<\/span><\/strong><\/span><\/p>\n<p><span style=\"font-weight: 400; font-size: 14pt;\">\ud835\udc36\u210e\ud835\udc4e\u0300\ud835\udc5c \ud835\udc5a\ud835\udc62\u0300\ud835\udc4e \ud835\udc61\u210e\ud835\udc62, \ud835\udc61\ud835\udc5f\ud835\udc5c\u031b\u0300\ud835\udc56 \ud835\udc63\ud835\udc4e\u0302\u0303\ud835\udc5b \u0111\ud835\udc5c\u0302\u0309 \ud835\udc5a\ud835\udc62\u031b\ud835\udc4e \ud835\udc5b\ud835\udc54\ud835\udc4e\u0302\ud835\udc62, \ud835\udc5b\u210e\ud835\udc62\u031b \ud835\udc59\ud835\udc62\u031b\ud835\udc62 \ud835\udc59\ud835\udc62\ud835\udc66\ud835\udc52\u0302\u0301\ud835\udc5b \ud835\udc5b\u210e\ud835\udc62\u031b\u0303\ud835\udc5b\ud835\udc54 \u0111\ud835\udc56\ud835\udc52\u0302\u0300\ud835\udc62 \ud835\udc54\ud835\udc56\u0300 \ud835\udc5e\ud835\udc62\ud835\udc4e\u0301 \u0111\ud835\udc5c\u0302\u0303\ud835\udc56. \ud835\udc41\u210e\ud835\udc62\u031b\u0303\ud835\udc5b\ud835\udc54 \ud835\udc50\ud835\udc5c\u031b\ud835\udc5b \ud835\udc5a\ud835\udc62\u031b\ud835\udc4e \ud835\udc61\u210e\ud835\udc4e\u0301\ud835\udc5b\ud835\udc54 \ud835\udc61\ud835\udc4e\u0301\ud835\udc5a \ud835\udc50\u210e\ud835\udc4e\u0306\u0309\ud835\udc5b\ud835\udc54 \ud835\udc63\ud835\udc5c\u0323\u0302\ud835\udc56 \ud835\udc63\ud835\udc4e\u0303, \ud835\udc50\ud835\udc62\u031b\u0301 \ud835\udc50\u210e\ud835\udc4e\u0302\u0300\ud835\udc5a \ud835\udc50\u210e\ud835\udc4e\u0323\u0302\ud835\udc5a, \ud835\udc59\ud835\udc4e\u0323\u0306\ud835\udc5b\ud835\udc54 \ud835\udc59\ud835\udc52\u0303 \ud835\udc5a\ud835\udc4e\u0300 \ud835\udc51\ud835\udc4e\ud835\udc56 \ud835\udc51\ud835\udc4e\u0306\u0309\ud835\udc5b\ud835\udc54 \ud835\udc5b\u210e\ud835\udc62\u031b \ud835\udc54\ud835\udc62\u031b\u0309\ud835\udc56 \ud835\udc63\ud835\udc4e\u0300\ud835\udc5c \u0111\ud835\udc5c\u0301 \ud835\udc5b\u210e\ud835\udc62\u031b\u0303\ud835\udc5b\ud835\udc54 \ud835\udc66\ud835\udc52\u0302\ud835\udc62 \ud835\udc61\u210e\ud835\udc62\u031b\ud835\udc5c\u031b\ud835\udc5b\ud835\udc54 \ud835\udc5b\u210e\ud835\udc62\ud835\udc5b\ud835\udc54 \ud835\udc5b\u210e\ud835\udc5c\u031b\u0301 \ud835\udc50\ud835\udc62\u0309\ud835\udc4e \ud835\udc5b\u210e\ud835\udc62\u031b\u0303\ud835\udc5b\ud835\udc54 \ud835\udc5b\ud835\udc54\ud835\udc4e\u0300\ud835\udc66 \ud835\udc65\ud835\udc4e \ud835\udc50\ud835\udc4e\u0301\ud835\udc50\u210e, \u0111\ud835\udc5c\u031b\u0323\ud835\udc56 \ud835\udc50\u210e\ud835\udc5c\u031b\u0300 \ud835\udc63\ud835\udc4e\u0300 \ud835\udc59\ud835\udc4e\u0323\ud835\udc56 \ud835\udc50\u210e\ud835\udc56\ud835\udc4e \ud835\udc65\ud835\udc4e. \ud835\udc47\u210e\ud835\udc62 \ud835\udc63\ud835\udc52\u0302\u0300, \ud835\udc5a\ud835\udc62\u0300\ud835\udc4e \ud835\udc50\ud835\udc62\u0309\ud835\udc4e \ud835\udc5b\u210e\ud835\udc62\u031b\u0303\ud835\udc5b\ud835\udc54 \ud835\udc5b\ud835\udc5c\u0302\u0303\ud835\udc56 \ud835\udc5b\u210e\ud835\udc5c\u031b\u0301!<\/span><\/p>\n<p><em><span style=\"font-weight: 400; font-size: 14pt;\"> H\u00e0ng lo\u1ea1t sao Vi\u1ec7t \u0111\u1ed5 b\u1ed9, s\u1eb5n s\u00e0ng cho nh\u1eefng \u0111\u00eam di\u1ec5n c\u1ee7a c\u1ea3m x\u00fac, h\u00e3y \u0111\u1ec3 M\u00e2y c\u00f9ng giai \u0111i\u1ec7u \u00e2m nh\u1ea1c xua tan phi\u1ec1n mu\u1ed9n v\u00e0 ch\u1eefa l\u00e0nh nh\u1eefng v\u1ebft th\u01b0\u01a1ng trong t\u00e2m h\u1ed3n\u2026<\/span><\/em><\/p>\n<p><span style=\"color: #000080;\"><strong><span style=\"font-size: 14pt;\">M\u00c2Y \u0110\u00c0 L\u1ea0T<\/span><\/strong><\/span><\/p>\n<p><strong><span style=\"font-size: 14pt;\">\ud835\udc46\ud835\udc4e\u0302\ud835\udc5b \ud835\udc58\u210e\ud835\udc4e\u0302\u0301\ud835\udc62 \ud835\udc40\ud835\udc4e\u0302\ud835\udc66 \ud835\udc3f\ud835\udc4e\ud835\udc5b\ud835\udc54 \ud835\udc47\u210e\ud835\udc4e\ud835\udc5b\ud835\udc54 \ud835\udc39\ud835\udc5c\ud835\udc5c\ud835\udc51 &amp; \ud835\udc40\ud835\udc62\ud835\udc60\ud835\udc56\ud835\udc50 (\ud835\udc46\ud835\udc5c\u0302\u0301 4 \ud835\udc47\ud835\udc5f\ud835\udc4e\u0302\u0300\ud835\udc5b \ud835\udc44\ud835\udc62\ud835\udc4e\ud835\udc5b\ud835\udc54 \ud835\udc37\ud835\udc56\ud835\udc52\u0323\u0302\ud835\udc62 , \ud835\udc5d\u210e\ud835\udc62\u031b\ud835\udc5c\u031b\u0300\ud835\udc5b\ud835\udc54 10, \u0110\ud835\udc4e\u0300 \ud835\udc3f\ud835\udc4e\u0323\ud835\udc61 )<\/span><\/strong><\/p>\n<ul>\n<li><span style=\"font-weight: 400; font-size: 14pt;\"> BBQ H\u00e0n Qu\u1ed1c ngo\u00e0i tr\u1eddi \u201cbao ngon \u2013 bao no\u201d v\u1edbi menu \u0111a d\u1ea1ng &amp; h\u1ea5p d\u1eabn<\/span><\/li>\n<li><span style=\"font-weight: 400; font-size: 14pt;\"> Acoustic Live Band t\u1eeb 19:30 \u0111\u1ebfn 21:30 t\u1ea5t c\u1ea3 c\u00e1c ng\u00e0y trong tu\u1ea7n<\/span><\/li>\n<li><span style=\"font-weight: 400; font-size: 14pt;\"> Kh\u00f4ng gian l\u00e3ng m\u1ea1n \u0111\u00f3n ho\u00e0ng h\u00f4n v\u00e0 t\u1eadn h\u01b0\u1edfng kh\u00f4ng kh\u00ed v\u1ec1 \u0111\u00eam c\u1ee7a \u0110\u00e0 L\u1ea1t<\/span><\/li>\n<\/ul>\n<p><strong><span style=\"font-size: 14pt;\">\ud835\udc46\ud835\udc4e\u0302\ud835\udc5b \ud835\udc58\u210e\ud835\udc4e\u0302\u0301\ud835\udc62 \ud835\udc36\u210e\ud835\udc56\ud835\udc52\u0302\u0300\ud835\udc62-\ud835\udc5b\u210e\ud835\udc4e\u0323\ud835\udc50-\ud835\udc61\ud835\udc5f\ud835\udc52\u0302\ud835\udc5b-\ud835\udc40\ud835\udc4e\u0302\ud835\udc66 (\ud835\ude14\ud835\ude22\u0302\ud835\ude3a \ud835\ude2a\ud835\ude2f \ud835\ude1b\ud835\ude29\ud835\ude26 \ud835\ude15\ud835\ude26\ud835\ude34\ud835\ude35, 519 \ud835\ude35\ud835\ude29\ud835\ude30\u0302\ud835\ude2f \ud835\ude14\ud835\ude22\u0306\ud835\ude2f\ud835\ude28 \ud835\ude13\ud835\ude2a\ud835\ude2f) \ud835\udc51\ud835\udc56\ud835\udc52\u0302\u0303\ud835\udc5b 5:00 \u2013 7:00\ud835\udc5d\ud835\udc5a<\/span><\/strong><\/p>\n<p><img loading=\"lazy\" decoding=\"async\" class=\"alignnone size-full wp-image-2428\" src=\"https:\/\/liveshowdalat.vn\/wp-content\/uploads\/2023\/10\/may-lang-thang-3-1.jpg\" alt=\"m\u00e2y lang thang\" width=\"1638\" height=\"2048\" srcset=\"https:\/\/liveshowdalat.vn\/wp-content\/uploads\/2023\/10\/may-lang-thang-3-1.jpg 1638w, https:\/\/liveshowdalat.vn\/wp-content\/uploads\/2023\/10\/may-lang-thang-3-1-240x300.jpg 240w, https:\/\/liveshowdalat.vn\/wp-content\/uploads\/2023\/10\/may-lang-thang-3-1-819x1024.jpg 819w, https:\/\/liveshowdalat.vn\/wp-content\/uploads\/2023\/10\/may-lang-thang-3-1-768x960.jpg 768w, https:\/\/liveshowdalat.vn\/wp-content\/uploads\/2023\/10\/may-lang-thang-3-1-1229x1536.jpg 1229w, https:\/\/liveshowdalat.vn\/wp-content\/uploads\/2023\/10\/may-lang-thang-3-1-600x750.jpg 600w\" sizes=\"(max-width: 1638px) 100vw, 1638px\" \/><\/p>\n<p>&nbsp;<\/p>\n<p><span style=\"color: #000080;\"><strong><span style=\"font-size: 14pt;\">TH\u00c1NG 10<\/span><\/strong><\/span><\/p>\n<p><span style=\"font-weight: 400; font-size: 14pt;\"><strong>13.10<\/strong><\/span><\/p>\n<p><span style=\"font-weight: 400; font-size: 14pt;\">PHAN M\u1ea0NH QU\u1ef2NH &amp; KM: TR\u1ea6N MINH D\u0168NG<\/span><\/p>\n<p><span style=\"font-weight: 400; font-size: 14pt;\"><strong>14.10<\/strong><\/span><\/p>\n<p><span style=\"font-weight: 400; font-size: 14pt;\">B\u1eb0NG KI\u1ec0U &amp; KM: B\u1ea2O TR\u00c2M IDOL\u00a0<\/span><\/p>\n<p><span style=\"font-weight: 400; font-size: 14pt;\">TH\u00d9Y DUNG \u201cHappy Birthday\u201d<\/span><\/p>\n<p><span style=\"font-weight: 400; font-size: 14pt;\"><strong>20.10\u00a0<\/strong><\/span><\/p>\n<p><span style=\"font-weight: 400; font-size: 14pt;\">LAM TR\u01af\u1edcNG &#8211; PH\u1ea0M QU\u1ef2NH ANH &#8220;Happy Women&#8217;s day&#8221;<\/span><\/p>\n<p><span style=\"font-weight: 400; font-size: 14pt;\"><strong>21.10<\/strong>\u00a0<\/span><\/p>\n<p><span style=\"font-weight: 400; font-size: 14pt;\">QUANG TRUNG &#8211; B\u00d9I C\u00d4NG NAM<\/span><\/p>\n<p><span style=\"font-size: 14pt;\"><strong>22.10\u00a0<\/strong><\/span><\/p>\n<p><span style=\"font-weight: 400; font-size: 14pt;\">MYRA TR\u1ea6N &amp; KM: PH\u01af\u1ee2NG V\u0168<\/span><\/p>\n<p><span style=\"font-weight: 400; font-size: 14pt;\">\u00a0<strong>27.10\u00a0<\/strong><\/span><\/p>\n<p><span style=\"font-weight: 400; font-size: 14pt;\">V\u0102N MAI H\u01af\u01a0NG &#8211; PH\u1ea0M H\u1ed2NG PH\u01af\u1edaC &#8220;\u0110\u1ea1i Minh Tinh&#8221;<\/span><\/p>\n<p><span style=\"font-weight: 400; font-size: 14pt;\">\u00a0<strong>28.10\u00a0<\/strong><\/span><\/p>\n<p><span style=\"font-weight: 400; font-size: 14pt;\">V\u0168 C\u00c1T T\u01af\u1edcNG &amp; KM: TR\u1ea6N MINH <\/span>D\u0168NG<\/p>\n<p><span style=\"color: #000080;\"><strong><span style=\"font-size: 14pt;\">TH\u00c1NG 11<\/span><\/strong><\/span><\/p>\n<p><span style=\"font-size: 14pt;\"><strong>04.11 <\/strong><\/span><\/p>\n<p><span style=\"font-size: 14pt;\">B\u1eb0NG KI\u1ec0U &#8211; MINH TUY\u1ebeT<\/span><\/p>\n<p><span style=\"font-size: 14pt;\"><strong>11.11 <\/strong><\/span><\/p>\n<p><span style=\"font-size: 14pt;\">T\u0102NG PH\u00daC<\/span><\/p>\n<p><span style=\"font-size: 14pt;\"><strong>18.11 <\/strong><\/span><\/p>\n<p><span style=\"font-size: 14pt;\">LAM ANH &#8211; MAI TI\u1ebeN D\u0168NG<\/span><\/p>\n<p><span style=\"font-size: 14pt;\"><strong>24.11 <\/strong><\/span><\/p>\n<p><span style=\"font-size: 14pt;\">QU\u1ed0C THI\u00caN<\/span><\/p>\n<p><span style=\"font-size: 14pt;\"><strong>25.11 <\/strong><\/span><\/p>\n<p><span style=\"font-size: 14pt;\">PHAN M\u1ea0NH QU\u1ef2NH<\/span><\/p>\n<p><img loading=\"lazy\" decoding=\"async\" class=\"aligncenter wp-image-1762 size-full\" src=\"https:\/\/liveshowdalat.vn\/wp-content\/uploads\/2023\/10\/Hong-va-Xam-Loi-the-Su-doi-moi-Anh-ghep-1.jpg\" alt=\"m\u00e2y lang thang\" width=\"2000\" height=\"1600\" srcset=\"https:\/\/liveshowdalat.vn\/wp-content\/uploads\/2023\/10\/Hong-va-Xam-Loi-the-Su-doi-moi-Anh-ghep-1.jpg 2000w, https:\/\/liveshowdalat.vn\/wp-content\/uploads\/2023\/10\/Hong-va-Xam-Loi-the-Su-doi-moi-Anh-ghep-1-300x240.jpg 300w, https:\/\/liveshowdalat.vn\/wp-content\/uploads\/2023\/10\/Hong-va-Xam-Loi-the-Su-doi-moi-Anh-ghep-1-1024x819.jpg 1024w, https:\/\/liveshowdalat.vn\/wp-content\/uploads\/2023\/10\/Hong-va-Xam-Loi-the-Su-doi-moi-Anh-ghep-1-768x614.jpg 768w, https:\/\/liveshowdalat.vn\/wp-content\/uploads\/2023\/10\/Hong-va-Xam-Loi-the-Su-doi-moi-Anh-ghep-1-1536x1229.jpg 1536w, https:\/\/liveshowdalat.vn\/wp-content\/uploads\/2023\/10\/Hong-va-Xam-Loi-the-Su-doi-moi-Anh-ghep-1-600x480.jpg 600w\" sizes=\"(max-width: 2000px) 100vw, 2000px\" \/><\/p>\n<p><img loading=\"lazy\" decoding=\"async\" class=\"size-full wp-image-1763 aligncenter\" src=\"https:\/\/liveshowdalat.vn\/wp-content\/uploads\/2023\/10\/Hong-va-Xam-Loi-the-Su-doi-moi-Anh-ghep-1-1.jpg\" alt=\"m\u00e2y lang thang\" width=\"2000\" height=\"1600\" srcset=\"https:\/\/liveshowdalat.vn\/wp-content\/uploads\/2023\/10\/Hong-va-Xam-Loi-the-Su-doi-moi-Anh-ghep-1-1.jpg 2000w, https:\/\/liveshowdalat.vn\/wp-content\/uploads\/2023\/10\/Hong-va-Xam-Loi-the-Su-doi-moi-Anh-ghep-1-1-300x240.jpg 300w, https:\/\/liveshowdalat.vn\/wp-content\/uploads\/2023\/10\/Hong-va-Xam-Loi-the-Su-doi-moi-Anh-ghep-1-1-1024x819.jpg 1024w, https:\/\/liveshowdalat.vn\/wp-content\/uploads\/2023\/10\/Hong-va-Xam-Loi-the-Su-doi-moi-Anh-ghep-1-1-768x614.jpg 768w, https:\/\/liveshowdalat.vn\/wp-content\/uploads\/2023\/10\/Hong-va-Xam-Loi-the-Su-doi-moi-Anh-ghep-1-1-1536x1229.jpg 1536w, https:\/\/liveshowdalat.vn\/wp-content\/uploads\/2023\/10\/Hong-va-Xam-Loi-the-Su-doi-moi-Anh-ghep-1-1-600x480.jpg 600w\" sizes=\"(max-width: 2000px) 100vw, 2000px\" \/><\/p>\n<p><span style=\"font-size: 14pt; color: #003300;\"><b>Ch\u00ednh s\u00e1ch tr\u1ebb em b\u00ean M\u00e2y Lang Thang:<\/b><\/span><\/p>\n<p><span style=\"font-weight: 400; font-size: 14pt;\">\u2013 Mi\u1ec5n ph\u00ed cho b\u00e9 d\u01b0\u1edbi 3 tu\u1ed5i ( ng\u1ed3i chung gh\u1ebf v\u1edbi b\u1ed1 m\u1eb9 su\u1ed1t bu\u1ed5i di\u1ec5n )<\/span><\/p>\n<p><span style=\"font-weight: 400; font-size: 14pt;\">\u2013 N\u1ebfu b\u00e9 tr\u00ean 3 tu\u1ed5i, d\u01b0\u1edbi 1m2 gi\u1ea3m 30% ( c\u00f3 gh\u1ebf ri\u00eang ), ho\u00e0n tr\u1ef1c ti\u1ebfp t\u1ea1i show<\/span><\/p>\n<p><span style=\"font-weight: 400; font-size: 14pt;\">\u2013 Tr\u00ean 1m2 v\u1eabn t\u00ednh v\u00e9 nh\u01b0 ng\u01b0\u1eddi l\u1edbn.<\/span><\/p>\n<p><span style=\"font-size: 14pt; color: #003300;\"><b>L\u01afU \u00dd<\/b><\/span><\/p>\n<p><span style=\"font-weight: 400; font-size: 14pt;\">\u2013 BTC kh\u00f4ng h\u1ed7 tr\u1ee3 ho\u00e0n v\u00e9 d\u01b0\u1edbi m\u1ecdi h\u00ecnh th\u1ee9c<\/span><\/p>\n<p><span style=\"font-weight: 400; font-size: 14pt;\">\u2013 Vui l\u00f2ng kh\u00f4ng mang \u0111\u1ed3 \u0103n n\u01b0\u1edbc u\u1ed1ng b\u00ean ngo\u00e0i v\u00e0o khu v\u1ef1c bi\u1ec3u di\u1ec5n<\/span><\/p>\n<p><span style=\"font-weight: 400; font-size: 14pt;\">\u2013 Tr\u01b0\u1eddng h\u1ee3p h\u1ee7y v\u00e9 v\u00e0 b\u1ea3o l\u01b0u v\u00e9 c\u1ea7n th\u00f4ng b\u00e1o t\u1edbi BTC tr\u01b0\u1edbc 24 gi\u1edd, sau kho\u1ea3ng th\u1eddi gian tr\u00ean s\u1ebd kh\u00f4ng \u0111\u01b0\u1ee3c h\u1ed7 tr\u1ee3<\/span><\/p>\n<p><span style=\"font-size: 14pt; color: #003300;\"><b><i>B\u1ea1n l\u01b0u \u00fd th\u00f4ng tin b\u1ea3o l\u01b0u sau:<\/i><\/b><\/span><\/p>\n<p><span style=\"font-weight: 400; font-size: 14pt;\">\u2013 Th\u1eddi h\u1ea1n b\u1ea3o l\u01b0u l\u00e0 trong v\u00f2ng m\u1ed9t n\u0103m t\u00ednh theo ng\u00e0y x\u00e1c nh\u1eadn b\u1ea3o l\u01b0u.<\/span><\/p>\n<p><span style=\"font-weight: 400; font-size: 14pt;\">\u2013 B\u1ea3o l\u01b0u ch\u1ec9 c\u00f3 hi\u1ec7u l\u1ef1c c\u00f9ng khu v\u1ef1c \u0111\u00e3 \u0111\u1eb7t<\/span><\/p>\n<p><span style=\"font-weight: 400; font-size: 14pt;\">\u2013 M\u00e2y ch\u1ec9 h\u1ed7 tr\u1ee3 b\u1ea3o l\u01b0u c\u00f9ng h\u1ea1ng gi\u00e1, v\u1edbi gi\u00e1 v\u00e9 cao h\u01a1n (vui l\u00f2ng b\u00f9 ph\u1ea7n ch\u00eanh l\u1ec7ch gi\u00fap M\u00e2y).<\/span><\/p>\n<p><span style=\"font-weight: 400; font-size: 14pt;\">Trong tr\u01b0\u1eddng h\u1ee3p h\u1ea1ng v\u00e9 th\u1ea5p s\u1ed1 ti\u1ec1n \u0111\u00e3 b\u1ea3o l\u01b0u, M\u00e2y kh\u00f4ng h\u1ed7 tr\u1ee3 ho\u00e0n ti\u1ec1n.<\/span><\/p>\n<p><img loading=\"lazy\" decoding=\"async\" class=\"alignnone size-full wp-image-1738\" src=\"https:\/\/liveshowdalat.vn\/wp-content\/uploads\/2023\/10\/ay-lang-thang\u00b7\u00b7-1.jpg\" alt=\"m\u00e2y lang thang\" width=\"2000\" height=\"1600\" srcset=\"https:\/\/liveshowdalat.vn\/wp-content\/uploads\/2023\/10\/ay-lang-thang\u00b7\u00b7-1.jpg 2000w, https:\/\/liveshowdalat.vn\/wp-content\/uploads\/2023\/10\/ay-lang-thang\u00b7\u00b7-1-300x240.jpg 300w, https:\/\/liveshowdalat.vn\/wp-content\/uploads\/2023\/10\/ay-lang-thang\u00b7\u00b7-1-1024x819.jpg 1024w, https:\/\/liveshowdalat.vn\/wp-content\/uploads\/2023\/10\/ay-lang-thang\u00b7\u00b7-1-768x614.jpg 768w, https:\/\/liveshowdalat.vn\/wp-content\/uploads\/2023\/10\/ay-lang-thang\u00b7\u00b7-1-1536x1229.jpg 1536w, https:\/\/liveshowdalat.vn\/wp-content\/uploads\/2023\/10\/ay-lang-thang\u00b7\u00b7-1-600x480.jpg 600w\" sizes=\"(max-width: 2000px) 100vw, 2000px\" \/><\/p>\n<p><img loading=\"lazy\" decoding=\"async\" class=\"alignnone size-full wp-image-1734\" src=\"https:\/\/liveshowdalat.vn\/wp-content\/uploads\/2023\/10\/ay-lang-thang\u00b7\u00b7.jpg\" alt=\"m\u00e2y lang thang\" width=\"2000\" height=\"1600\" srcset=\"https:\/\/liveshowdalat.vn\/wp-content\/uploads\/2023\/10\/ay-lang-thang\u00b7\u00b7.jpg 2000w, https:\/\/liveshowdalat.vn\/wp-content\/uploads\/2023\/10\/ay-lang-thang\u00b7\u00b7-300x240.jpg 300w, https:\/\/liveshowdalat.vn\/wp-content\/uploads\/2023\/10\/ay-lang-thang\u00b7\u00b7-1024x819.jpg 1024w, https:\/\/liveshowdalat.vn\/wp-content\/uploads\/2023\/10\/ay-lang-thang\u00b7\u00b7-768x614.jpg 768w, https:\/\/liveshowdalat.vn\/wp-content\/uploads\/2023\/10\/ay-lang-thang\u00b7\u00b7-1536x1229.jpg 1536w, https:\/\/liveshowdalat.vn\/wp-content\/uploads\/2023\/10\/ay-lang-thang\u00b7\u00b7-600x480.jpg 600w\" sizes=\"(max-width: 2000px) 100vw, 2000px\" \/><\/p>\n<h2 id=\"lien-he-book-ve\"><span style=\"font-size: 18pt; color: #003300;\"><b>Li\u00ean H\u1ec7 Book V\u00e9\u00a0<\/b><\/span><\/h2>\n<p><span style=\"font-size: 14pt;\"><b>Hotline\/Zalo: 0988 249 297<\/b><\/span><\/p>\n<p><span style=\"font-size: 14pt;\"><span style=\"font-weight: 400;\">Fanpage booking: <\/span><a href=\"https:\/\/www.facebook.com\/liveshowdalat\/\" rel=\"noopener\"><span style=\"font-weight: 400;\">M\u00e2y Lang Thang<\/span><\/a><\/span><\/p>\n<p><span style=\"font-size: 14pt;\"><span style=\"font-weight: 400;\">Xem th\u00eam b\u00e0i vi\u1ebft kh\u00e1c t\u1ea1i: <\/span><a href=\"https:\/\/maylangthangshow.com\/\" rel=\"noopener\"><span style=\"font-weight: 400;\">Cloud Wandered Show\u00a0<\/span><\/a><\/span><\/p>","protected":false},"excerpt":{"rendered":"<p>Danh m\u1ee5c ch\u00ednh L\u1ecaCH DI\u1ec4N TH\u00c1NG 10 &amp; 11\/2023 M\u00c2Y LANG THANG \u0110\u00c0 L\u1ea0T Li\u00ean H\u1ec7 Book V\u00e9\u00a0 L\u1ecaCH DI\u1ec4N TH\u00c1NG 10 &amp; 11\/2023 M\u00c2Y LANG THANG \u0110\u00c0 L\u1ea0T L\u1ecaCH DI\u1ec4N TR\u00caN M\u00c2Y TH\u00c1NG 10 &amp; 11 \ud835\udc36\u210e\ud835\udc4e\u0300\ud835\udc5c \ud835\udc5a\ud835\udc62\u0300\ud835\udc4e \ud835\udc61\u210e\ud835\udc62, \ud835\udc61\ud835\udc5f\ud835\udc5c\u031b\u0300\ud835\udc56 \ud835\udc63\ud835\udc4e\u0302\u0303\ud835\udc5b \u0111\ud835\udc5c\u0302\u0309 \ud835\udc5a\ud835\udc62\u031b\ud835\udc4e \ud835\udc5b\ud835\udc54\ud835\udc4e\u0302\ud835\udc62, \ud835\udc5b\u210e\ud835\udc62\u031b \ud835\udc59\ud835\udc62\u031b\ud835\udc62 \ud835\udc59\ud835\udc62\ud835\udc66\ud835\udc52\u0302\u0301\ud835\udc5b \ud835\udc5b\u210e\ud835\udc62\u031b\u0303\ud835\udc5b\ud835\udc54 \u0111\ud835\udc56\ud835\udc52\u0302\u0300\ud835\udc62 \ud835\udc54\ud835\udc56\u0300 \ud835\udc5e\ud835\udc62\ud835\udc4e\u0301 \u0111\ud835\udc5c\u0302\u0303\ud835\udc56. \ud835\udc41\u210e\ud835\udc62\u031b\u0303\ud835\udc5b\ud835\udc54 \ud835\udc50\ud835\udc5c\u031b\ud835\udc5b [&hellip;]<\/p>","protected":false},"featured_media":2428,"comment_status":"open","ping_status":"closed","template":"","meta":[],"product_cat":[31,2573,2410,49],"product_tag":[],"_links":{"self":[{"href":"https:\/\/liveshowdalat.vn\/en\/wp-json\/wp\/v2\/product\/1758"}],"collection":[{"href":"https:\/\/liveshowdalat.vn\/en\/wp-json\/wp\/v2\/product"}],"about":[{"href":"https:\/\/liveshowdalat.vn\/en\/wp-json\/wp\/v2\/types\/product"}],"replies":[{"embeddable":true,"href":"https:\/\/liveshowdalat.vn\/en\/wp-json\/wp\/v2\/comments?post=1758"}],"wp:featuredmedia":[{"embeddable":true,"href":"https:\/\/liveshowdalat.vn\/en\/wp-json\/wp\/v2\/media\/2428"}],"wp:attachment":[{"href":"https:\/\/liveshowdalat.vn\/en\/wp-json\/wp\/v2\/media?parent=1758"}],"wp:term":[{"taxonomy":"product_cat","embeddable":true,"href":"https:\/\/liveshowdalat.vn\/en\/wp-json\/wp\/v2\/product_cat?post=1758"},{"taxonomy":"product_tag","embeddable":true,"href":"https:\/\/liveshowdalat.vn\/en\/wp-json\/wp\/v2\/product_tag?post=1758"}],"curies":[{"name":"wp","href":"https:\/\/api.w.org\/{rel}","templated":true}]}}