{"id":1500,"date":"2023-08-14T08:43:51","date_gmt":"2023-08-14T01:43:51","guid":{"rendered":"https:\/\/maylangthangshow.com\/?p=1500"},"modified":"2024-11-09T10:42:21","modified_gmt":"2024-11-09T03:42:21","slug":"lich-dien-thang-08-2023-may-lang-thang-da-lat-2","status":"publish","type":"product","link":"https:\/\/liveshowdalat.vn\/en\/lich-dien-thang-08-2023-may-lang-thang-da-lat-2.html","title":{"rendered":"L\u1ecaCH DI\u1ec4N TH\u00c1NG 09\/2023 M\u00c2Y LANG THANG \u0110\u00c0 L\u1ea0T"},"content":{"rendered":"<nav class=\"vietrick-auto-toc\">\n<div class=\"box-title\">\n<h3 class=\"toc-title\" id=\"select-menu\">Danh m\u1ee5c ch\u00ednh<\/h3>\n<div><ion-icon name=\"chevron-up-outline\"><\/ion-icon><\/div>\n<\/div>\n<ul class=\"toc-list\">\n<li><a href='https:\/\/liveshowdalat.vn\/en#lich-dien-thang-09-2023-may-lang-thang-da-lat' class='heading-h2 toc-link smooth-scroll'>L\u1ecaCH DI\u1ec4N TH\u00c1NG 09\/2023 M\u00c2Y LANG THANG \u0110\u00c0 L\u1ea0T<\/a>\n<li><a href='https:\/\/liveshowdalat.vn\/en#lien-he-book-ve' class='heading-h2 toc-link smooth-scroll'>Li\u00ean H\u1ec7 Book V\u00e9\u00a0<\/a><\/ul>\n<\/ul>\n<\/li>\n<\/ul>\n<\/nav>\n<h2 style=\"text-align: center;\" id=\"lich-dien-thang-09-2023-may-lang-thang-da-lat\"><span style=\"color: #003300;\">L\u1ecaCH DI\u1ec4N TH\u00c1NG 09\/2023 M\u00c2Y LANG THANG \u0110\u00c0 L\u1ea0T<\/span><\/h2>\n<div class=\"xdj266r x11i5rnm xat24cr x1mh8g0r x1vvkbs x126k92a\">\n<div dir=\"auto\"><span class=\"x3nfvp2 x1j61x8r x1fcty0u xdj266r xhhsvwb xat24cr xgzva0m xxymvpz xlup9mm x1kky2od\"><img loading=\"lazy\" decoding=\"async\" src=\"https:\/\/static.xx.fbcdn.net\/images\/emoji.php\/v9\/t78\/1.5\/16\/1f3b6.png\" alt=\"\ud83c\udfb6\" width=\"16\" height=\"16\" \/><\/span> \ud835\udc0b\ud835\udc08\u0323\ud835\udc02\ud835\udc07 \ud835\udc03\ud835\udc08\ud835\udc04\u0302\u0303\ud835\udc0d \ud835\udc13\ud835\udc11\ud835\udc04\u0302\ud835\udc0d \ud835\udc0c\ud835\udc00\u0302\ud835\udc18 \ud835\udc13\ud835\udc07\ud835\udc00\u0301\ud835\udc0d\ud835\udc06 <strong>9<\/strong><\/div>\n<\/div>\n<div class=\"x11i5rnm xat24cr x1mh8g0r x1vvkbs xtlvy1s x126k92a\">\u00a0<\/div>\n<div class=\"x11i5rnm xat24cr x1mh8g0r x1vvkbs xtlvy1s x126k92a\">\n<div dir=\"auto\">\ud835\udc36\u210e\ud835\udc4e\u0300\ud835\udc5c \ud835\udc5a\ud835\udc62\u0300\ud835\udc4e \ud835\udc61\u210e\ud835\udc62, \ud835\udc61\ud835\udc5f\ud835\udc5c\u031b\u0300\ud835\udc56 \ud835\udc63\ud835\udc4e\u0302\u0303\ud835\udc5b \u0111\ud835\udc5c\u0302\u0309 \ud835\udc5a\ud835\udc62\u031b\ud835\udc4e \ud835\udc5b\ud835\udc54\ud835\udc4e\u0302\ud835\udc62, \ud835\udc5b\u210e\ud835\udc62\u031b \ud835\udc59\ud835\udc62\u031b\ud835\udc62 \ud835\udc59\ud835\udc62\ud835\udc66\ud835\udc52\u0302\u0301\ud835\udc5b \ud835\udc5b\u210e\ud835\udc62\u031b\u0303\ud835\udc5b\ud835\udc54 \u0111\ud835\udc56\ud835\udc52\u0302\u0300\ud835\udc62 \ud835\udc54\ud835\udc56\u0300 \ud835\udc5e\ud835\udc62\ud835\udc4e\u0301 \u0111\ud835\udc5c\u0302\u0303\ud835\udc56. \ud835\udc41\u210e\ud835\udc62\u031b\u0303\ud835\udc5b\ud835\udc54 \ud835\udc50\ud835\udc5c\u031b\ud835\udc5b \ud835\udc5a\ud835\udc62\u031b\ud835\udc4e \ud835\udc61\u210e\ud835\udc4e\u0301\ud835\udc5b\ud835\udc54 \ud835\udc61\ud835\udc4e\u0301\ud835\udc5a \ud835\udc50\u210e\ud835\udc4e\u0306\u0309\ud835\udc5b\ud835\udc54 \ud835\udc63\ud835\udc5c\u0323\u0302\ud835\udc56 \ud835\udc63\ud835\udc4e\u0303, \ud835\udc50\ud835\udc62\u031b\u0301 \ud835\udc50\u210e\ud835\udc4e\u0302\u0300\ud835\udc5a \ud835\udc50\u210e\ud835\udc4e\u0323\u0302\ud835\udc5a, \ud835\udc59\ud835\udc4e\u0323\u0306\ud835\udc5b\ud835\udc54 \ud835\udc59\ud835\udc52\u0303 \ud835\udc5a\ud835\udc4e\u0300 \ud835\udc51\ud835\udc4e\ud835\udc56 \ud835\udc51\ud835\udc4e\u0306\u0309\ud835\udc5b\ud835\udc54 \ud835\udc5b\u210e\ud835\udc62\u031b \ud835\udc54\ud835\udc62\u031b\u0309\ud835\udc56 \ud835\udc63\ud835\udc4e\u0300\ud835\udc5c \u0111\ud835\udc5c\u0301 \ud835\udc5b\u210e\ud835\udc62\u031b\u0303\ud835\udc5b\ud835\udc54 \ud835\udc66\ud835\udc52\u0302\ud835\udc62 \ud835\udc61\u210e\ud835\udc62\u031b\ud835\udc5c\u031b\ud835\udc5b\ud835\udc54 \ud835\udc5b\u210e\ud835\udc62\ud835\udc5b\ud835\udc54 \ud835\udc5b\u210e\ud835\udc5c\u031b\u0301 \ud835\udc50\ud835\udc62\u0309\ud835\udc4e \ud835\udc5b\u210e\ud835\udc62\u031b\u0303\ud835\udc5b\ud835\udc54 \ud835\udc5b\ud835\udc54\ud835\udc4e\u0300\ud835\udc66 \ud835\udc65\ud835\udc4e \ud835\udc50\ud835\udc4e\u0301\ud835\udc50\u210e, \u0111\ud835\udc5c\u031b\u0323\ud835\udc56 \ud835\udc50\u210e\ud835\udc5c\u031b\u0300 \ud835\udc63\ud835\udc4e\u0300 \ud835\udc59\ud835\udc4e\u0323\ud835\udc56 \ud835\udc50\u210e\ud835\udc56\ud835\udc4e \ud835\udc65\ud835\udc4e. \ud835\udc47\u210e\ud835\udc62 \ud835\udc63\ud835\udc52\u0302\u0300, \ud835\udc5a\ud835\udc62\u0300\ud835\udc4e \ud835\udc50\ud835\udc62\u0309\ud835\udc4e \ud835\udc5b\u210e\ud835\udc62\u031b\u0303\ud835\udc5b\ud835\udc54 \ud835\udc5b\ud835\udc5c\u0302\u0303\ud835\udc56 \ud835\udc5b\u210e\ud835\udc5c\u031b\u0301!<\/div>\n<div dir=\"auto\">\u00a0<\/div>\n<div dir=\"auto\"><span style=\"color: #003300;\"><span class=\"x3nfvp2 x1j61x8r x1fcty0u xdj266r xhhsvwb xat24cr xgzva0m xxymvpz xlup9mm x1kky2od\"><img loading=\"lazy\" decoding=\"async\" src=\"https:\/\/static.xx.fbcdn.net\/images\/emoji.php\/v9\/tf3\/1.5\/16\/2764.png\" alt=\"\u2764\ufe0f\" width=\"16\" height=\"16\" \/><\/span>\ud835\udc0c\ud835\udc00\u0302\ud835\udc18 \u0110\ud835\udc00\u0300 \ud835\udc0b\ud835\udc00\u0323\ud835\udc13:<\/span><\/div>\n<div dir=\"auto\">\n<div class=\"x11i5rnm xat24cr x1mh8g0r x1vvkbs xtlvy1s x126k92a\">\n<div dir=\"auto\"><span class=\"x3nfvp2 x1j61x8r x1fcty0u xdj266r xhhsvwb xat24cr xgzva0m xxymvpz xlup9mm x1kky2od\"><img loading=\"lazy\" decoding=\"async\" src=\"https:\/\/static.xx.fbcdn.net\/images\/emoji.php\/v9\/t5\/1.5\/16\/1f4cc.png\" alt=\"\ud83d\udccc\" width=\"16\" height=\"16\" \/><\/span>\ud835\udc46\ud835\udc4e\u0302\ud835\udc5b \ud835\udc58\u210e\ud835\udc4e\u0302\u0301\ud835\udc62 \ud835\udc40\ud835\udc4e\u0302\ud835\udc66 \ud835\udc3f\ud835\udc4e\ud835\udc5b\ud835\udc54 \ud835\udc47\u210e\ud835\udc4e\ud835\udc5b\ud835\udc54 \ud835\udc39\ud835\udc5c\ud835\udc5c\ud835\udc51 &amp; \ud835\udc40\ud835\udc62\ud835\udc60\ud835\udc56\ud835\udc50 (\ud835\udc46\ud835\udc5c\u0302\u0301 4 \ud835\udc47\ud835\udc5f\ud835\udc4e\u0302\u0300\ud835\udc5b \ud835\udc44\ud835\udc62\ud835\udc4e\ud835\udc5b\ud835\udc54 \ud835\udc37\ud835\udc56\ud835\udc52\u0323\u0302\ud835\udc62 , \ud835\udc5d\u210e\ud835\udc62\u031b\ud835\udc5c\u031b\u0300\ud835\udc5b\ud835\udc54 10, \u0110\ud835\udc4e\u0300 \ud835\udc3f\ud835\udc4e\u0323\ud835\udc61 )<\/div>\n<div dir=\"auto\">\u2022 BBQ H\u00e0n Qu\u1ed1c ngo\u00e0i tr\u1eddi \u201cbao ngon \u2013 bao no\u201d v\u1edbi menu \u0111a d\u1ea1ng &amp; h\u1ea5p d\u1eabn<\/div>\n<div dir=\"auto\">\u2022 Acoustic Live Band t\u1eeb 19:30 \u0111\u1ebfn 21:30 t\u1ea5t c\u1ea3 c\u00e1c ng\u00e0y trong tu\u1ea7n<\/div>\n<div dir=\"auto\">\u2022 Kh\u00f4ng gian l\u00e3ng m\u1ea1n \u0111\u00f3n ho\u00e0ng h\u00f4n v\u00e0 t\u1eadn h\u01b0\u1edfng kh\u00f4ng kh\u00ed v\u1ec1 \u0111\u00eam c\u1ee7a \u0110\u00e0 L\u1ea1t<\/div>\n<\/div>\n<div class=\"x11i5rnm xat24cr x1mh8g0r x1vvkbs xtlvy1s x126k92a\">\n<div dir=\"auto\"><span class=\"x3nfvp2 x1j61x8r x1fcty0u xdj266r xhhsvwb xat24cr xgzva0m xxymvpz xlup9mm x1kky2od\"><img loading=\"lazy\" decoding=\"async\" src=\"https:\/\/static.xx.fbcdn.net\/images\/emoji.php\/v9\/t5\/1.5\/16\/1f4cc.png\" alt=\"\ud83d\udccc\" width=\"16\" height=\"16\" \/><\/span>\ud835\udc46\ud835\udc4e\u0302\ud835\udc5b \ud835\udc58\u210e\ud835\udc4e\u0302\u0301\ud835\udc62 \ud835\udc36\u210e\ud835\udc56\ud835\udc52\u0302\u0300\ud835\udc62-\ud835\udc5b\u210e\ud835\udc4e\u0323\ud835\udc50-\ud835\udc61\ud835\udc5f\ud835\udc52\u0302\ud835\udc5b-\ud835\udc40\ud835\udc4e\u0302\ud835\udc66 (\ud835\ude14\ud835\ude22\u0302\ud835\ude3a \ud835\ude2a\ud835\ude2f \ud835\ude1b\ud835\ude29\ud835\ude26 \ud835\ude15\ud835\ude26\ud835\ude34\ud835\ude35, 519 \ud835\ude35\ud835\ude29\ud835\ude30\u0302\ud835\ude2f \ud835\ude14\ud835\ude22\u0306\ud835\ude2f\ud835\ude28 \ud835\ude13\ud835\ude2a\ud835\ude2f) \ud835\udc51\ud835\udc56\ud835\udc52\u0302\u0303\ud835\udc5b 5:00 \u2013 7:00\ud835\udc5d\ud835\udc5a<\/div>\n<div dir=\"auto\"><img loading=\"lazy\" decoding=\"async\" class=\"alignnone size-full wp-image-1520\" src=\"https:\/\/liveshowdalat.vn\/wp-content\/uploads\/2023\/08\/Capture-5.png\" alt=\"\" width=\"714\" height=\"795\"><\/div>\n<div dir=\"auto\">\n<div class=\"x11i5rnm xat24cr x1mh8g0r x1vvkbs xtlvy1s x126k92a\">\n<div dir=\"auto\"><span style=\"color: #003300;\"><span class=\"x3nfvp2 x1j61x8r x1fcty0u xdj266r xhhsvwb xat24cr xgzva0m xxymvpz xlup9mm x1kky2od\"><img loading=\"lazy\" decoding=\"async\" src=\"https:\/\/static.xx.fbcdn.net\/images\/emoji.php\/v9\/t13\/1\/16\/1f308.png\" alt=\"\ud83c\udf08\" width=\"16\" height=\"16\" \/><\/span><span style=\"font-size: 14pt;\"> \ud835\udc13\ud835\udc07\ud835\udc00\u0301\ud835\udc0d\ud835\udc06 \ud835\udfd7<\/span><\/span><\/div>\n<div dir=\"auto\">\u00a0<\/div>\n<\/div>\n<div class=\"x11i5rnm xat24cr x1mh8g0r x1vvkbs xtlvy1s x126k92a\">\n<div dir=\"auto\">\n<div class=\"x11i5rnm xat24cr x1mh8g0r x1vvkbs xtlvy1s x126k92a\">\n<div dir=\"auto\">\n<div class=\"x11i5rnm xat24cr x1mh8g0r x1vvkbs xtlvy1s x126k92a\">\n<div dir=\"auto\"><span class=\"x3nfvp2 x1j61x8r x1fcty0u xdj266r xhhsvwb xat24cr xgzva0m xxymvpz xlup9mm x1kky2od\"><img loading=\"lazy\" decoding=\"async\" src=\"https:\/\/static.xx.fbcdn.net\/images\/emoji.php\/v9\/t75\/1.5\/16\/2601.png\" alt=\"\u2601\ufe0f\" width=\"16\" height=\"16\" \/><\/span>01.09<\/div>\n<div dir=\"auto\">&#8211; TR\u1ecaNH TH\u0102NG B\u00ccNH &amp; KM: PH\u01af\u01a0NG ANH IDOL<\/div>\n<div dir=\"auto\">&#8211; NG\u1eccC LINH &#8211; PH\u1ea0M \u0110\u00ccNH TH\u00c1I NG\u00c2N &#8211; PH\u01af\u01a0NG ANH IDOL<\/div>\n<div dir=\"auto\">\u00a0<\/div>\n<\/div>\n<div class=\"x11i5rnm xat24cr x1mh8g0r x1vvkbs xtlvy1s x126k92a\">\n<div dir=\"auto\"><span class=\"x3nfvp2 x1j61x8r x1fcty0u xdj266r xhhsvwb xat24cr xgzva0m xxymvpz xlup9mm x1kky2od\"><img loading=\"lazy\" decoding=\"async\" src=\"https:\/\/static.xx.fbcdn.net\/images\/emoji.php\/v9\/t75\/1.5\/16\/2601.png\" alt=\"\u2601\ufe0f\" width=\"16\" height=\"16\" \/><\/span>02.09 NG\u1eccC LINH &#8211; PH\u01af\u01a0NG ANH IDOL &#8211; NGUY\u1ec4N TH\u00c1I D\u01af\u01a0NG TG9X<\/div>\n<div dir=\"auto\">\u00a0<\/div>\n<\/div>\n<div class=\"x11i5rnm xat24cr x1mh8g0r x1vvkbs xtlvy1s x126k92a\">\n<div dir=\"auto\"><span class=\"x3nfvp2 x1j61x8r x1fcty0u xdj266r xhhsvwb xat24cr xgzva0m xxymvpz xlup9mm x1kky2od\"><img loading=\"lazy\" decoding=\"async\" src=\"https:\/\/static.xx.fbcdn.net\/images\/emoji.php\/v9\/t75\/1.5\/16\/2601.png\" alt=\"\u2601\ufe0f\" width=\"16\" height=\"16\" \/><\/span>03.09<\/div>\n<div dir=\"auto\">&#8211; H\u00c0 NHI &amp; KM: QU\u1ed0C THI\u00caN<\/div>\n<div dir=\"auto\">&#8211; TU\u1ea4N NG\u1eccC &amp; KM: THU\u00dd ANH<\/div>\n<\/div>\n<\/div>\n<\/div>\n<\/div>\n<div dir=\"auto\">\u00a0<\/div>\n<\/div>\n<div class=\"x11i5rnm xat24cr x1mh8g0r x1vvkbs xtlvy1s x126k92a\">\n<div dir=\"auto\"><span class=\"x3nfvp2 x1j61x8r x1fcty0u xdj266r xhhsvwb xat24cr xgzva0m xxymvpz xlup9mm x1kky2od\"><img loading=\"lazy\" decoding=\"async\" src=\"https:\/\/static.xx.fbcdn.net\/images\/emoji.php\/v9\/tee\/1\/16\/2601.png\" alt=\"\u2601\ufe0f\" width=\"16\" height=\"16\" \/><\/span>09.09 PHAN M\u1ea0NH QU\u1ef2NH &amp; KM: TR\u1ea6N MINH D\u0168NG<\/div>\n<div dir=\"auto\">\u00a0<\/div>\n<\/div>\n<div class=\"x11i5rnm xat24cr x1mh8g0r x1vvkbs xtlvy1s x126k92a\">\n<div dir=\"auto\"><span class=\"x3nfvp2 x1j61x8r x1fcty0u xdj266r xhhsvwb xat24cr xgzva0m xxymvpz xlup9mm x1kky2od\"><img loading=\"lazy\" decoding=\"async\" src=\"https:\/\/static.xx.fbcdn.net\/images\/emoji.php\/v9\/tee\/1\/16\/2601.png\" alt=\"\u2601\ufe0f\" width=\"16\" height=\"16\" \/><\/span> 15.09 NGUY\u1ec4N KI\u1ec0U OANH &#8211; QU\u00c2N LEE #1<\/div>\n<div dir=\"auto\">\u00a0<\/div>\n<\/div>\n<div class=\"x11i5rnm xat24cr x1mh8g0r x1vvkbs xtlvy1s x126k92a\">\n<div dir=\"auto\"><span class=\"x3nfvp2 x1j61x8r x1fcty0u xdj266r xhhsvwb xat24cr xgzva0m xxymvpz xlup9mm x1kky2od\"><img loading=\"lazy\" decoding=\"async\" src=\"https:\/\/static.xx.fbcdn.net\/images\/emoji.php\/v9\/tee\/1\/16\/2601.png\" alt=\"\u2601\ufe0f\" width=\"16\" height=\"16\" \/><\/span>16.09<\/div>\n<div dir=\"auto\">&#8211; T\u0102NG PH\u00daC &#8211; TR\u01af\u01a0NG TH\u1ea2O NHI<\/div>\n<div dir=\"auto\">&#8211; NGUY\u1ec4N KI\u1ec0U OANH &#8211; QU\u00c2N LEE #2<\/div>\n<div dir=\"auto\">\u00a0<\/div>\n<\/div>\n<\/div>\n<div dir=\"auto\"><span class=\"x3nfvp2 x1j61x8r x1fcty0u xdj266r xhhsvwb xat24cr xgzva0m xxymvpz xlup9mm x1kky2od\"><img loading=\"lazy\" decoding=\"async\" src=\"https:\/\/static.xx.fbcdn.net\/images\/emoji.php\/v9\/tee\/1\/16\/2601.png\" alt=\"\u2601\ufe0f\" width=\"16\" height=\"16\" \/> 22.09\u00a0 B\u1ea0CH C\u00d4NG KHANH &#8211; NGUY\u00caN H\u00c0\u00a0<\/span><\/div>\n<div dir=\"auto\">\u00a0<\/div>\n<div dir=\"auto\"><span class=\"x3nfvp2 x1j61x8r x1fcty0u xdj266r xhhsvwb xat24cr xgzva0m xxymvpz xlup9mm x1kky2od\"><img loading=\"lazy\" decoding=\"async\" src=\"https:\/\/static.xx.fbcdn.net\/images\/emoji.php\/v9\/tee\/1\/16\/2601.png\" alt=\"\u2601\ufe0f\" width=\"16\" height=\"16\" \/> 23.09 NGUY\u1ec4N TR\u1ea6N TRUNG QU\u00c2N &#8211; QUANG TRUNG\u00a0<\/span><\/div>\n<div dir=\"auto\">\u00a0<\/div>\n<div dir=\"auto\"><span class=\"x3nfvp2 x1j61x8r x1fcty0u xdj266r xhhsvwb xat24cr xgzva0m xxymvpz xlup9mm x1kky2od\"><img loading=\"lazy\" decoding=\"async\" src=\"https:\/\/static.xx.fbcdn.net\/images\/emoji.php\/v9\/tee\/1\/16\/2601.png\" alt=\"\u2601\ufe0f\" width=\"16\" height=\"16\" \/> 29.09 V\u0102N MAI H\u01af\u01a0NG\u00a0<\/span><\/div>\n<div dir=\"auto\">\u00a0<\/div>\n<div dir=\"auto\"><span class=\"x3nfvp2 x1j61x8r x1fcty0u xdj266r xhhsvwb xat24cr xgzva0m xxymvpz xlup9mm x1kky2od\"><img loading=\"lazy\" decoding=\"async\" src=\"https:\/\/static.xx.fbcdn.net\/images\/emoji.php\/v9\/tee\/1\/16\/2601.png\" alt=\"\u2601\ufe0f\" width=\"16\" height=\"16\" \/> 30.09 TR\u1ecaNH TH\u0102NG B\u00ccNH &amp; KH\u00c1CH M\u1edcI<\/span><\/div>\n<div dir=\"auto\">\n<div class=\"x11i5rnm xat24cr x1mh8g0r x1vvkbs xtlvy1s x126k92a\">\n<div dir=\"auto\"><img loading=\"lazy\" decoding=\"async\" class=\"alignnone size-medium wp-image-1392\" src=\"https:\/\/liveshowdalat.vn\/wp-content\/uploads\/2023\/08\/Thiet-ke-chua-co-ten-3-700x525.jpg\" alt=\"\" width=\"700\" height=\"525\"><\/div>\n<\/div>\n<div dir=\"auto\"><span style=\"color: #003300;\"><strong>Ch\u00ednh s\u00e1ch tr\u1ebb em b\u00ean M\u00e2y Lang Thang:<\/strong><\/span><br \/>\n\u2013 Mi\u1ec5n ph\u00ed cho b\u00e9 d\u01b0\u1edbi 3 tu\u1ed5i ( ng\u1ed3i chung gh\u1ebf v\u1edbi b\u1ed1 m\u1eb9 su\u1ed1t bu\u1ed5i di\u1ec5n )<br \/>\n\u2013 N\u1ebfu b\u00e9 tr\u00ean 3 tu\u1ed5i, d\u01b0\u1edbi 1m2 gi\u1ea3m 30% ( c\u00f3 gh\u1ebf ri\u00eang ), ho\u00e0n tr\u1ef1c ti\u1ebfp t\u1ea1i show<br \/>\n\u2013 Tr\u00ean 1m2 v\u1eabn t\u00ednh v\u00e9 nh\u01b0 ng\u01b0\u1eddi l\u1edbn.<\/div>\n<div dir=\"auto\">\n<div id=\"input_line_0\"><span style=\"color: #003300;\"><strong><span id=\"input_part_0\" class=\"\" data-mention=\"L\u01afU \u00dd \">L\u01afU \u00dd<\/span><\/strong><\/span><\/div>\n<div id=\"input_line_1\"><span id=\"input_part_0\" class=\"\" data-mention=\"- BTC kh\u00f4ng h\u1ed7 tr\u1ee3 ho\u00e0n v\u00e9 d\u01b0\u1edbi m\u1ecdi h\u00ecnh th\u1ee9c\">\u2013 BTC kh\u00f4ng h\u1ed7 tr\u1ee3 ho\u00e0n v\u00e9 d\u01b0\u1edbi m\u1ecdi h\u00ecnh th\u1ee9c<\/span><\/div>\n<div id=\"input_line_2\"><span id=\"input_part_0\" class=\"\" data-mention=\"- Vui l\u00f2ng kh\u00f4ng mang \u0111\u1ed3 \u0103n n\u01b0\u1edbc u\u1ed1ng b\u00ean ngo\u00e0i v\u00e0o khu v\u1ef1c bi\u1ec3u di\u1ec5n\">\u2013 Vui l\u00f2ng kh\u00f4ng mang \u0111\u1ed3 \u0103n n\u01b0\u1edbc u\u1ed1ng b\u00ean ngo\u00e0i v\u00e0o khu v\u1ef1c bi\u1ec3u di\u1ec5n<\/span><\/div>\n<div id=\"input_line_3\"><span id=\"input_part_0\" class=\"\" data-mention=\"- Tr\u01b0\u1eddng h\u1ee3p h\u1ee7y v\u00e9 v\u00e0 b\u1ea3o l\u01b0u v\u00e9 c\u1ea7n th\u00f4ng b\u00e1o t\u1edbi BTC tr\u01b0\u1edbc 24 gi\u1edd, sau kho\u1ea3ng th\u1eddi gian tr\u00ean s\u1ebd kh\u00f4ng \u0111\u01b0\u1ee3c h\u1ed7 tr\u1ee3\">\u2013 Tr\u01b0\u1eddng h\u1ee3p h\u1ee7y v\u00e9 v\u00e0 b\u1ea3o l\u01b0u v\u00e9 c\u1ea7n th\u00f4ng b\u00e1o t\u1edbi BTC tr\u01b0\u1edbc 24 gi\u1edd, sau kho\u1ea3ng th\u1eddi gian tr\u00ean s\u1ebd kh\u00f4ng \u0111\u01b0\u1ee3c h\u1ed7 tr\u1ee3<\/span><\/div>\n<div id=\"input_line_4\"><span style=\"color: #003300;\"><strong><em><span id=\"input_part_0\" class=\"\" data-mention=\"B\u1ea1n l\u01b0u \u00fd th\u00f4ng tin b\u1ea3o l\u01b0u sau: \">B\u1ea1n l\u01b0u \u00fd th\u00f4ng tin b\u1ea3o l\u01b0u sau:<\/span><\/em><\/strong><\/span><\/div>\n<div id=\"input_line_5\"><span id=\"input_part_0\" class=\"\" data-mention=\"- Th\u1eddi h\u1ea1n b\u1ea3o l\u01b0u l\u00e0 trong v\u00f2ng m\u1ed9t n\u0103m t\u00ednh theo ng\u00e0y x\u00e1c nh\u1eadn b\u1ea3o l\u01b0u.\">\u2013 Th\u1eddi h\u1ea1n b\u1ea3o l\u01b0u l\u00e0 trong v\u00f2ng m\u1ed9t n\u0103m t\u00ednh theo ng\u00e0y x\u00e1c nh\u1eadn b\u1ea3o l\u01b0u.<\/span><\/div>\n<div id=\"input_line_6\"><span id=\"input_part_0\" class=\"\" data-mention=\"- B\u1ea3o l\u01b0u ch\u1ec9 c\u00f3 hi\u1ec7u l\u1ef1c c\u00f9ng khu v\u1ef1c \u0111\u00e3 \u0111\u1eb7t\">\u2013 B\u1ea3o l\u01b0u ch\u1ec9 c\u00f3 hi\u1ec7u l\u1ef1c c\u00f9ng khu v\u1ef1c \u0111\u00e3 \u0111\u1eb7t<\/span><\/div>\n<div id=\"input_line_7\"><span id=\"input_part_0\" class=\"\" data-mention=\"- M\u00e2y ch\u1ec9 h\u1ed7 tr\u1ee3 b\u1ea3o l\u01b0u c\u00f9ng h\u1ea1ng gi\u00e1, v\u1edbi gi\u00e1 v\u00e9 cao h\u01a1n (vui l\u00f2ng b\u00f9 ph\u1ea7n ch\u00eanh l\u1ec7ch gi\u00fap M\u00e2y).\">\u2013 M\u00e2y ch\u1ec9 h\u1ed7 tr\u1ee3 b\u1ea3o l\u01b0u c\u00f9ng h\u1ea1ng gi\u00e1, v\u1edbi gi\u00e1 v\u00e9 cao h\u01a1n (vui l\u00f2ng b\u00f9 ph\u1ea7n ch\u00eanh l\u1ec7ch gi\u00fap M\u00e2y).<\/span><\/div>\n<div id=\"input_line_8\"><span id=\"input_part_0\" class=\"\" data-mention=\"Trong tr\u01b0\u1eddng h\u1ee3p h\u1ea1ng v\u00e9 th\u1ea5p s\u1ed1 ti\u1ec1n \u0111\u00e3 b\u1ea3o l\u01b0u, M\u00e2y kh\u00f4ng h\u1ed7 tr\u1ee3 ho\u00e0n ti\u1ec1n. \">Trong tr\u01b0\u1eddng h\u1ee3p h\u1ea1ng v\u00e9 th\u1ea5p s\u1ed1 ti\u1ec1n \u0111\u00e3 b\u1ea3o l\u01b0u, M\u00e2y kh\u00f4ng h\u1ed7 tr\u1ee3 ho\u00e0n ti\u1ec1n.<\/span><\/div>\n<div><img loading=\"lazy\" decoding=\"async\" class=\"alignnone size-medium wp-image-1373\" src=\"https:\/\/liveshowdalat.vn\/wp-content\/uploads\/2023\/08\/Thiet-ke-chua-co-ten-700x525.jpg\" alt=\"\" width=\"700\" height=\"525\"><\/div>\n<div>\n<h2 id=\"lien-he-book-ve\"><span style=\"color: #003300;\"><strong>Li\u00ean H\u1ec7 Book V\u00e9\u00a0<\/strong><\/span><\/h2>\n<p><strong>Hotline\/Zalo: 0988 249 297<br \/>\n<\/strong><\/p>\n<p>Fanpage booking:\u00a0<a href=\"https:\/\/www.facebook.com\/liveshowdalat\/\" target=\"_blank\" rel=\"noopener\">M\u00e2y Lang Thang<\/a><\/p>\n<p>Xem th\u00eam b\u00e0i vi\u1ebft kh\u00e1c t\u1ea1i:\u00a0<a href=\"https:\/\/maylangthangshow.com\/\" rel=\"noopener\">Cloud Wandered Show\u00a0<\/a><\/p>\n<\/div>\n<\/div>\n<\/div>\n<div dir=\"auto\">\u00a0<\/div>\n<\/div>\n<\/div>\n<\/div>","protected":false},"excerpt":{"rendered":"<p>Danh m\u1ee5c ch\u00ednh L\u1ecaCH DI\u1ec4N TH\u00c1NG 09\/2023 M\u00c2Y LANG THANG \u0110\u00c0 L\u1ea0T Li\u00ean H\u1ec7 Book V\u00e9\u00a0 L\u1ecaCH DI\u1ec4N TH\u00c1NG 09\/2023 M\u00c2Y LANG THANG \u0110\u00c0 L\u1ea0T \ud835\udc0b\ud835\udc08\u0323\ud835\udc02\ud835\udc07 \ud835\udc03\ud835\udc08\ud835\udc04\u0302\u0303\ud835\udc0d \ud835\udc13\ud835\udc11\ud835\udc04\u0302\ud835\udc0d \ud835\udc0c\ud835\udc00\u0302\ud835\udc18 \ud835\udc13\ud835\udc07\ud835\udc00\u0301\ud835\udc0d\ud835\udc06 9 \u00a0 \ud835\udc36\u210e\ud835\udc4e\u0300\ud835\udc5c \ud835\udc5a\ud835\udc62\u0300\ud835\udc4e \ud835\udc61\u210e\ud835\udc62, \ud835\udc61\ud835\udc5f\ud835\udc5c\u031b\u0300\ud835\udc56 \ud835\udc63\ud835\udc4e\u0302\u0303\ud835\udc5b \u0111\ud835\udc5c\u0302\u0309 \ud835\udc5a\ud835\udc62\u031b\ud835\udc4e \ud835\udc5b\ud835\udc54\ud835\udc4e\u0302\ud835\udc62, \ud835\udc5b\u210e\ud835\udc62\u031b \ud835\udc59\ud835\udc62\u031b\ud835\udc62 \ud835\udc59\ud835\udc62\ud835\udc66\ud835\udc52\u0302\u0301\ud835\udc5b \ud835\udc5b\u210e\ud835\udc62\u031b\u0303\ud835\udc5b\ud835\udc54 \u0111\ud835\udc56\ud835\udc52\u0302\u0300\ud835\udc62 \ud835\udc54\ud835\udc56\u0300 \ud835\udc5e\ud835\udc62\ud835\udc4e\u0301 \u0111\ud835\udc5c\u0302\u0303\ud835\udc56. \ud835\udc41\u210e\ud835\udc62\u031b\u0303\ud835\udc5b\ud835\udc54 \ud835\udc50\ud835\udc5c\u031b\ud835\udc5b \ud835\udc5a\ud835\udc62\u031b\ud835\udc4e \ud835\udc61\u210e\ud835\udc4e\u0301\ud835\udc5b\ud835\udc54 \ud835\udc61\ud835\udc4e\u0301\ud835\udc5a \ud835\udc50\u210e\ud835\udc4e\u0306\u0309\ud835\udc5b\ud835\udc54 \ud835\udc63\ud835\udc5c\u0323\u0302\ud835\udc56 [&hellip;]<\/p>","protected":false},"featured_media":1330,"comment_status":"open","ping_status":"closed","template":"","meta":[],"product_cat":[2420,31],"product_tag":[],"_links":{"self":[{"href":"https:\/\/liveshowdalat.vn\/en\/wp-json\/wp\/v2\/product\/1500"}],"collection":[{"href":"https:\/\/liveshowdalat.vn\/en\/wp-json\/wp\/v2\/product"}],"about":[{"href":"https:\/\/liveshowdalat.vn\/en\/wp-json\/wp\/v2\/types\/product"}],"replies":[{"embeddable":true,"href":"https:\/\/liveshowdalat.vn\/en\/wp-json\/wp\/v2\/comments?post=1500"}],"wp:featuredmedia":[{"embeddable":true,"href":"https:\/\/liveshowdalat.vn\/en\/wp-json\/wp\/v2\/media\/1330"}],"wp:attachment":[{"href":"https:\/\/liveshowdalat.vn\/en\/wp-json\/wp\/v2\/media?parent=1500"}],"wp:term":[{"taxonomy":"product_cat","embeddable":true,"href":"https:\/\/liveshowdalat.vn\/en\/wp-json\/wp\/v2\/product_cat?post=1500"},{"taxonomy":"product_tag","embeddable":true,"href":"https:\/\/liveshowdalat.vn\/en\/wp-json\/wp\/v2\/product_tag?post=1500"}],"curies":[{"name":"wp","href":"https:\/\/api.w.org\/{rel}","templated":true}]}}