{"id":1272,"date":"2023-05-08T17:09:01","date_gmt":"2023-05-08T10:09:01","guid":{"rendered":"https:\/\/maylangthangshow.com\/?p=1272"},"modified":"2024-07-13T15:53:56","modified_gmt":"2024-07-13T08:53:56","slug":"lich-dien-liveshow-may-lang-thang-da-lat-thang-6","status":"publish","type":"product","link":"https:\/\/liveshowdalat.vn\/en\/lich-dien-liveshow-may-lang-thang-da-lat-thang-6.html","title":{"rendered":"L\u1ecbch di\u1ec5n Liveshow M\u00e2y Lang Thang \u0110\u00e0 L\u1ea1t th\u00e1ng 6"},"content":{"rendered":"<nav class=\"vietrick-auto-toc\">\n<div class=\"box-title\">\n<h3 class=\"toc-title\" id=\"select-menu\">Danh m\u1ee5c ch\u00ednh<\/h3>\n<div><ion-icon name=\"chevron-up-outline\"><\/ion-icon><\/div>\n<\/div>\n<ul class=\"toc-list\">\n<li><a href='https:\/\/liveshowdalat.vn\/en#lich-dien-liveshow-may-lang-thang-da-lat-thang-6' class='heading-h2 toc-link smooth-scroll'>L\u1ecbch di\u1ec5n Liveshow M\u00e2y Lang Thang \u0110\u00e0 L\u1ea1t th\u00e1ng 6<\/a>\n<li><a href='https:\/\/liveshowdalat.vn\/en#1-san-khau-may-lang-thang-da-lat' class='heading-h2 toc-link smooth-scroll'>1. S\u00c2N KH\u1ea4U M\u00c2Y LANG THANG \u0110\u00c0 L\u1ea0T<\/a>\n<li><a href='https:\/\/liveshowdalat.vn\/en#2-lich-dien-may-lang-thang-da-lat-thang-6' class='heading-h2 toc-link smooth-scroll'>2. L\u1ecaCH DI\u1ec4N M\u00c2Y LANG THANG \u0110\u00c0 L\u1ea0T TH\u00c1NG 6<\/a>\n<li><a href='https:\/\/liveshowdalat.vn\/en#3-thong-tin-lien-he' class='heading-h2 toc-link smooth-scroll'>3. TH\u00d4NG TIN LI\u00caN H\u1ec6<\/a><\/ul>\n<\/ul>\n<\/li>\n<\/ul>\n<\/nav>\n<h2 style=\"text-align: center;\" id=\"lich-dien-liveshow-may-lang-thang-da-lat-thang-6\"><span style=\"color: #003300;\">L\u1ecbch di\u1ec5n Liveshow M\u00e2y Lang Thang \u0110\u00e0 L\u1ea1t th\u00e1ng 6<\/span><\/h2>\n<div class=\"x11i5rnm xat24cr x1mh8g0r x1vvkbs xdj266r x126k92a\">\n<div dir=\"auto\"><span class=\"x3nfvp2 x1j61x8r x1fcty0u xdj266r xhhsvwb xat24cr xgzva0m xxymvpz xlup9mm x1kky2od\"><img loading=\"lazy\" decoding=\"async\" src=\"https:\/\/static.xx.fbcdn.net\/images\/emoji.php\/v9\/t1f\/1\/16\/1f3b6.png\" alt=\"\ud83c\udfb6\" width=\"16\" height=\"16\" \/><\/span> \ud835\udc01\ud835\udc00\u0309\ud835\udc0d \ud835\udc13\ud835\udc08\ud835\udc0d \ud835\udc03\ud835\udc14\u031b\u0323 \ud835\udc01\ud835\udc00\u0301\ud835\udc0e \ud835\udc13\ud835\udc07\ud835\udc0e\u031b\u0300\ud835\udc08 \ud835\udc13\ud835\udc08\ud835\udc04\u0302\u0301\ud835\udc13 \ud835\udc13\ud835\udc11\ud835\udc04\u0302\ud835\udc0d \ud835\udc0c\ud835\udc00\u0302\ud835\udc18 <span class=\"x3nfvp2 x1j61x8r x1fcty0u xdj266r xhhsvwb xat24cr xgzva0m xxymvpz xlup9mm x1kky2od\"><img loading=\"lazy\" decoding=\"async\" src=\"https:\/\/static.xx.fbcdn.net\/images\/emoji.php\/v9\/t1f\/1\/16\/1f3b6.png\" alt=\"\ud83c\udfb6\" width=\"16\" height=\"16\" \/><\/span><\/div>\n<div dir=\"auto\">\ud835\udc36\u210e\ud835\udc4e\u0300\ud835\udc5c \ud835\udc61\u210e\ud835\udc4e\u0301\ud835\udc5b\ud835\udc54 6, \ud835\udc50\u210e\ud835\udc4e\u0300\ud835\udc5c \ud835\udc5a\ud835\udc62\u0300\ud835\udc4e \u210e\ud835\udc52\u0300 \ud835\udc4f\ud835\udc4e\u0306\u0300\ud835\udc5b\ud835\udc54 \ud835\udc5b\u210e\ud835\udc62\u031b\u0303\ud835\udc5b\ud835\udc54 \ud835\udc50\ud835\udc5c\u031b\ud835\udc5b \ud835\udc5a\ud835\udc62\u031b\ud835\udc4e \ud835\udc4f\ud835\udc4e\u0302\u0301\ud835\udc61 \ud835\udc50\u210e\ud835\udc5c\u031b\u0323\ud835\udc61\u2026 \ud835\udc36\u210e\ud835\udc62\u0301\ud835\udc61 \ud835\udc61\u210e\ud835\udc4e\u0302\u0301\ud835\udc61 \ud835\udc61\u210e\ud835\udc62\u031b\ud835\udc5c\u031b\u0300\ud835\udc5b\ud835\udc54 \ud835\udc50\ud835\udc62\u0309\ud835\udc4e \ud835\udc61\u210e\ud835\udc5c\u031b\u0300\ud835\udc56 \ud835\udc61\ud835\udc56\ud835\udc52\u0302\u0301\ud835\udc61 \ud835\udc4f\ud835\udc5c\u0302\u0309\ud835\udc5b\ud835\udc54 \ud835\udc50\u210e\ud835\udc5c\u0302\u0301\ud835\udc50 \ud835\udc54\ud835\udc5c\u031b\u0323\ud835\udc56 \ud835\udc5b\u210e\ud835\udc5c\u031b\u0301 \ud835\udc63\ud835\udc52\u0302\u0300 \ud835\udc5b\u210e\ud835\udc62\u031b\u0303\ud835\udc5b\ud835\udc54 \u0111\ud835\udc56\ud835\udc52\u0302\u0300\ud835\udc62 \ud835\udc65\ud835\udc62\u031b\ud835\udc4e \ud835\udc50\ud835\udc62\u0303, \ud835\udc60\ud835\udc5c\u0302\ud835\udc56 \ud835\udc60\ud835\udc62\u0323\ud835\udc50 \ud835\udc58\ud835\udc66\u0309 \ud835\udc5b\ud835\udc56\ud835\udc52\u0323\u0302\ud835\udc5a \ud835\udc5f\ud835\udc5c\u0302\u0300\ud835\udc56 \ud835\udc63\ud835\udc4e\u0302\u0301\ud835\udc5b \ud835\udc63\ud835\udc62\u031b\ud835\udc5c\u031b\ud835\udc5b\ud835\udc54 \ud835\udc61\u210e\ud835\udc62\u031b\u0301 \ud835\udc50\ud835\udc4e\u0309\ud835\udc5a \ud835\udc65\ud835\udc62\u0301\ud835\udc50 \ud835\udc58\u210e\ud835\udc5c\u0302\ud835\udc5b\ud835\udc54 \ud835\udc61\ud835\udc52\u0302\ud835\udc5b \ud835\udc61\u210e\ud835\udc4e\u0302\u0300\ud835\udc5a \ud835\udc58\ud835\udc56\u0301\ud835\udc5b, \ud835\udc63\ud835\udc4e\u0302\u0303\ud835\udc5b \ud835\udc63\ud835\udc52\u0323\ud835\udc5b \ud835\udc5b\ud835\udc54\ud835\udc62\ud835\udc66\ud835\udc52\u0302\ud835\udc5b \ud835\udc5b\ud835\udc5c\u0302\u0303\ud835\udc56 \ud835\udc5b\u210e\ud835\udc5c\u031b\u0301 \ud835\udc5b\ud835\udc4e\u0306\ud835\udc5a \ud835\udc5b\ud835\udc4e\u0300\ud835\udc5c. \ud835\udc3b\ud835\udc52\u0300 \ud835\udc63\ud835\udc52\u0302\u0300, \ud835\udc5a\ud835\udc62\u0300\ud835\udc4e \ud835\udc50\ud835\udc62\u0309\ud835\udc4e \u2026.\ud835\udc50\u210e\ud835\udc56\ud835\udc4e \ud835\udc65\ud835\udc4e \ud835\udc63\ud835\udc4e\u0300\u2026 \ud835\udc5b\u210e\ud835\udc5c\u031b\u0301 !!<\/div>\n<\/div>\n<div class=\"x11i5rnm xat24cr x1mh8g0r x1vvkbs xtlvy1s x126k92a\">\n<div dir=\"auto\"><span class=\"x3nfvp2 x1j61x8r x1fcty0u xdj266r xhhsvwb xat24cr xgzva0m xxymvpz xlup9mm x1kky2od\"><img loading=\"lazy\" decoding=\"async\" src=\"https:\/\/static.xx.fbcdn.net\/images\/emoji.php\/v9\/te0\/1\/16\/1f31f.png\" alt=\"\ud83c\udf1f\" width=\"16\" height=\"16\" \/><\/span> H\u00e0ng lo\u1ea1t sao Vi\u1ec7t \u0111\u1ed5 b\u1ed9, s\u1eb5n s\u00e0ng cho nh\u1eefng \u0111\u00eam di\u1ec5n c\u1ee7a c\u1ea3m x\u00fac, h\u00e3y \u0111\u1ec3 M\u00e2y Lang Thang c\u00f9ng giai \u0111i\u1ec7u \u00e2m nh\u1ea1c xua tan phi\u1ec1n mu\u1ed9n v\u00e0 ch\u1eefa l\u00e0nh nh\u1eefng v\u1ebft th\u01b0\u01a1ng trong t\u00e2m h\u1ed3n\u2026<\/div>\n<\/div>\n<div class=\"x11i5rnm xat24cr x1mh8g0r x1vvkbs xtlvy1s x126k92a\">\n<h2 dir=\"auto\" id=\"1-san-khau-may-lang-thang-da-lat\"><span style=\"color: #003300;\">1. S\u00c2N KH\u1ea4U M\u00c2Y LANG THANG \u0110\u00c0 L\u1ea0T<\/span><\/h2>\n<div dir=\"auto\"><span class=\"x3nfvp2 x1j61x8r x1fcty0u xdj266r xhhsvwb xat24cr xgzva0m xxymvpz xlup9mm x1kky2od\"><img loading=\"lazy\" decoding=\"async\" src=\"https:\/\/static.xx.fbcdn.net\/images\/emoji.php\/v9\/tac\/1\/16\/1f4cc.png\" alt=\"\ud83d\udccc\" width=\"16\" height=\"16\" \/><\/span> \ud835\udc46\ud835\udc4e\u0302\ud835\udc5b \ud835\udc58\u210e\ud835\udc4e\u0302\u0301\ud835\udc62 \ud835\udc36\u210e\ud835\udc56\ud835\udc52\u0302\u0300\ud835\udc62-\ud835\udc5b\u210e\ud835\udc4e\u0323\ud835\udc50-\ud835\udc61\ud835\udc5f\ud835\udc52\u0302\ud835\udc5b-\ud835\udc40\ud835\udc4e\u0302\ud835\udc66 (\ud835\ude14\ud835\ude22\u0302\ud835\ude3a \ud835\ude2a\ud835\ude2f \ud835\ude1b\ud835\ude29\ud835\ude26 \ud835\ude15\ud835\ude26\ud835\ude34\ud835\ude35, 519 \ud835\ude35\ud835\ude29\ud835\ude30\u0302\ud835\ude2f \ud835\ude14\ud835\ude22\u0306\ud835\ude2f\ud835\ude28 \ud835\ude13\ud835\ude2a\ud835\ude2f) \ud835\udc51\ud835\udc56\ud835\udc52\u0302\u0303\ud835\udc5b 5:00 &#8211; 7:00\ud835\udc5d\ud835\udc5a<\/div>\n<div dir=\"auto\"><span class=\"x3nfvp2 x1j61x8r x1fcty0u xdj266r xhhsvwb xat24cr xgzva0m xxymvpz xlup9mm x1kky2od\"><img loading=\"lazy\" decoding=\"async\" src=\"https:\/\/static.xx.fbcdn.net\/images\/emoji.php\/v9\/tac\/1\/16\/1f4cc.png\" alt=\"\ud83d\udccc\" width=\"16\" height=\"16\" \/><\/span> \ud835\udc46\ud835\udc4e\u0302\ud835\udc5b \ud835\udc58\u210e\ud835\udc4e\u0302\u0301\ud835\udc62 \u0110\ud835\udc52\u0302\ud835\udc5a-\ud835\udc5b\u210e\ud835\udc4e\u0323\ud835\udc50-\ud835\udc61\ud835\udc5f\ud835\udc52\u0302\ud835\udc5b-\ud835\udc40\ud835\udc4e\u0302\ud835\udc66 ( 7\ud835\udc35 \ud835\udc3b\ud835\udc5c\ud835\udc4e\u0300\ud835\udc5b\ud835\udc54 \ud835\udc3b\ud835\udc5c\ud835\udc4e \ud835\udc47\u210e\ud835\udc4e\u0301\ud835\udc5a, \u0110\ud835\udc4e\u0300 \ud835\udc3f\ud835\udc4e\u0323\ud835\udc61 , \ud835\ude29\ud835\udc52\u0309\ud835\udc5a \ud835\udc3b\ud835\udc4e\u0302\u0300\ud835\udc5a \u0110\ud835\udc4e\u0301, \ud835\udc60\ud835\udc4e\ud835\udc62 \ud835\udc37\ud835\udc56\ud835\udc5b\u210e 1) \ud835\udc51\ud835\udc56\ud835\udc52\u0302\u0303\ud835\udc5b 7:30 &#8211; 9:30pm<\/div>\n<div dir=\"auto\"><span class=\"x3nfvp2 x1j61x8r x1fcty0u xdj266r xhhsvwb xat24cr xgzva0m xxymvpz xlup9mm x1kky2od\"><img loading=\"lazy\" decoding=\"async\" src=\"https:\/\/static.xx.fbcdn.net\/images\/emoji.php\/v9\/tac\/1\/16\/1f4cc.png\" alt=\"\ud83d\udccc\" width=\"16\" height=\"16\" \/><\/span> \ud835\udc46\ud835\udc4e\u0302\ud835\udc5b \ud835\udc58\u210e\ud835\udc4e\u0302\u0301\ud835\udc62 \ud835\udc47\u210e\ud835\udc62\ud835\udc5b\ud835\udc54-\ud835\udc59\ud835\udc62\u0303\ud835\udc5b\ud835\udc54-\ud835\udc40\ud835\udc4e\u0302\ud835\udc66 (\ud835\udc46\ud835\udc5c\u0302\u0301 4 \ud835\udc47\ud835\udc5f\ud835\udc4e\u0302\u0300\ud835\udc5b \ud835\udc44\ud835\udc62\ud835\udc4e\ud835\udc5b\ud835\udc54 \ud835\udc37\ud835\udc56\ud835\udc52\u0323\u0302\ud835\udc62, \ud835\udc5d\u210e\ud835\udc62\u031b\ud835\udc5c\u031b\u0300\ud835\udc5b\ud835\udc54 10, \u0110\ud835\udc4e\u0300 \ud835\udc3f\ud835\udc4e\u0323\ud835\udc61 ) \ud835\udc51\ud835\udc56\ud835\udc52\u0302\u0303\ud835\udc5b 4:30 &#8211; 7:00\ud835\udc5d\ud835\udc5a<\/div>\n<div dir=\"auto\"><img loading=\"lazy\" decoding=\"async\" class=\"aligncenter wp-image-1274 size-full\" src=\"https:\/\/liveshowdalat.vn\/wp-content\/uploads\/2023\/05\/SAN-KHAU-MLT-MAY-IN-THE-NEST-1.jpg\" alt=\"L\u1ecbch di\u1ec5n Liveshow M\u00e2y Lang Thang \u0110\u00e0 L\u1ea1t th\u00e1ng 6\" width=\"1200\" height=\"900\" srcset=\"https:\/\/liveshowdalat.vn\/wp-content\/uploads\/2023\/05\/SAN-KHAU-MLT-MAY-IN-THE-NEST-1.jpg 1200w, https:\/\/liveshowdalat.vn\/wp-content\/uploads\/2023\/05\/SAN-KHAU-MLT-MAY-IN-THE-NEST-1-300x225.jpg 300w, https:\/\/liveshowdalat.vn\/wp-content\/uploads\/2023\/05\/SAN-KHAU-MLT-MAY-IN-THE-NEST-1-1024x768.jpg 1024w, https:\/\/liveshowdalat.vn\/wp-content\/uploads\/2023\/05\/SAN-KHAU-MLT-MAY-IN-THE-NEST-1-768x576.jpg 768w, https:\/\/liveshowdalat.vn\/wp-content\/uploads\/2023\/05\/SAN-KHAU-MLT-MAY-IN-THE-NEST-1-600x450.jpg 600w\" sizes=\"(max-width: 1200px) 100vw, 1200px\" \/><\/div>\n<div dir=\"auto\"><a href=\"https:\/\/maylangthangshow.com\/?p=1142&amp;preview=true\" rel=\"noopener\"><img loading=\"lazy\" decoding=\"async\" class=\"aligncenter wp-image-1160 size-full\" src=\"https:\/\/liveshowdalat.vn\/wp-content\/uploads\/2023\/04\/SAN-KHAU-MLT-MAY-IN-THE-NEST.jpg\" alt=\"L\u1ecbch di\u1ec5n Liveshow M\u00e2y Lang Thang \u0110\u00e0 L\u1ea1t th\u00e1ng 6\" width=\"1200\" height=\"900\" srcset=\"https:\/\/liveshowdalat.vn\/wp-content\/uploads\/2023\/04\/SAN-KHAU-MLT-MAY-IN-THE-NEST.jpg 1200w, https:\/\/liveshowdalat.vn\/wp-content\/uploads\/2023\/04\/SAN-KHAU-MLT-MAY-IN-THE-NEST-300x225.jpg 300w, https:\/\/liveshowdalat.vn\/wp-content\/uploads\/2023\/04\/SAN-KHAU-MLT-MAY-IN-THE-NEST-1024x768.jpg 1024w, https:\/\/liveshowdalat.vn\/wp-content\/uploads\/2023\/04\/SAN-KHAU-MLT-MAY-IN-THE-NEST-768x576.jpg 768w, https:\/\/liveshowdalat.vn\/wp-content\/uploads\/2023\/04\/SAN-KHAU-MLT-MAY-IN-THE-NEST-600x450.jpg 600w\" sizes=\"(max-width: 1200px) 100vw, 1200px\" \/><\/a><\/div>\n<div dir=\"auto\">\u00a0<\/div>\n<div dir=\"auto\"><a href=\"https:\/\/maylangthangshow.com\/?p=1142&amp;preview=true\" rel=\"noopener\"><img loading=\"lazy\" decoding=\"async\" class=\"aligncenter wp-image-1161 size-full\" src=\"https:\/\/liveshowdalat.vn\/wp-content\/uploads\/2023\/04\/SAN-KHAU-MLT-DEM-NHAC-TREN-MAY-1.jpg\" alt=\"L\u1ecbch di\u1ec5n Liveshow M\u00e2y Lang Thang \u0110\u00e0 L\u1ea1t th\u00e1ng 6 \" width=\"1950\" height=\"1463\" srcset=\"https:\/\/liveshowdalat.vn\/wp-content\/uploads\/2023\/04\/SAN-KHAU-MLT-DEM-NHAC-TREN-MAY-1.jpg 1950w, https:\/\/liveshowdalat.vn\/wp-content\/uploads\/2023\/04\/SAN-KHAU-MLT-DEM-NHAC-TREN-MAY-1-300x225.jpg 300w, https:\/\/liveshowdalat.vn\/wp-content\/uploads\/2023\/04\/SAN-KHAU-MLT-DEM-NHAC-TREN-MAY-1-1024x768.jpg 1024w, https:\/\/liveshowdalat.vn\/wp-content\/uploads\/2023\/04\/SAN-KHAU-MLT-DEM-NHAC-TREN-MAY-1-768x576.jpg 768w, https:\/\/liveshowdalat.vn\/wp-content\/uploads\/2023\/04\/SAN-KHAU-MLT-DEM-NHAC-TREN-MAY-1-1536x1152.jpg 1536w, https:\/\/liveshowdalat.vn\/wp-content\/uploads\/2023\/04\/SAN-KHAU-MLT-DEM-NHAC-TREN-MAY-1-600x450.jpg 600w\" sizes=\"(max-width: 1950px) 100vw, 1950px\" \/><\/a><\/div>\n<h2 dir=\"auto\" id=\"2-lich-dien-may-lang-thang-da-lat-thang-6\"><span style=\"color: #003300;\">2. L\u1ecaCH DI\u1ec4N M\u00c2Y LANG THANG \u0110\u00c0 L\u1ea0T TH\u00c1NG 6<\/span><\/h2>\n<\/div>\n<div class=\"x11i5rnm xat24cr x1mh8g0r x1vvkbs xtlvy1s x126k92a\">\n<div class=\"x11i5rnm xat24cr x1mh8g0r x1vvkbs xtlvy1s x126k92a\">\n<div dir=\"auto\">\n<div dir=\"auto\"><span class=\"x3nfvp2 x1j61x8r x1fcty0u xdj266r xhhsvwb xat24cr xgzva0m xxymvpz xlup9mm x1kky2od\"><img loading=\"lazy\" decoding=\"async\" src=\"https:\/\/static.xx.fbcdn.net\/images\/emoji.php\/v9\/t13\/1\/16\/1f308.png\" alt=\"\ud83c\udf08\" width=\"16\" height=\"16\" \/><\/span>\ud835\udc13\ud835\udc07\ud835\udc00\u0301\ud835\udc0d\ud835\udc06 \ud835\udfd4<\/div>\n<div dir=\"auto\">\u00a0<\/div>\n<div dir=\"auto\"><span class=\"x3nfvp2 x1j61x8r x1fcty0u xdj266r xhhsvwb xat24cr xgzva0m xxymvpz xlup9mm x1kky2od\"><img loading=\"lazy\" decoding=\"async\" src=\"https:\/\/static.xx.fbcdn.net\/images\/emoji.php\/v9\/tee\/1\/16\/2601.png\" alt=\"\u2601\ufe0f\" width=\"16\" height=\"16\" \/><\/span> 02.06 V\u0102N MAI H\u01af\u01a0NG &amp; KM: L\u01afU H\u01af\u01a0NG GIANG<\/div>\n<div dir=\"auto\"><a href=\"https:\/\/maylangthangshow.com\/van-mai-huong-02-06.html\" rel=\"noopener\">https:\/\/maylangthangshow.com\/van-mai-huong-02-06.html<\/a><\/div>\n<div dir=\"auto\">\u00a0<\/div>\n<div dir=\"auto\"><span class=\"x3nfvp2 x1j61x8r x1fcty0u xdj266r xhhsvwb xat24cr xgzva0m xxymvpz xlup9mm x1kky2od\"><img loading=\"lazy\" decoding=\"async\" src=\"https:\/\/static.xx.fbcdn.net\/images\/emoji.php\/v9\/tee\/1\/16\/2601.png\" alt=\"\u2601\ufe0f\" width=\"16\" height=\"16\" \/><\/span>03.06 PHAN M\u1ea0NH QU\u1ef2NH &amp; KM: TR\u1ea6N MINH D\u0168NG<\/div>\n<div dir=\"auto\"><a href=\"https:\/\/maylangthangshow.com\/phan-manh-quynh-03-06.html\" rel=\"noopener\">https:\/\/maylangthangshow.com\/phan-manh-quynh-03-06.html<\/a><\/div>\n<div dir=\"auto\">\u00a0<\/div>\n<div dir=\"auto\"><span class=\"x3nfvp2 x1j61x8r x1fcty0u xdj266r xhhsvwb xat24cr xgzva0m xxymvpz xlup9mm x1kky2od\"><img loading=\"lazy\" decoding=\"async\" src=\"https:\/\/static.xx.fbcdn.net\/images\/emoji.php\/v9\/tee\/1\/16\/2601.png\" alt=\"\u2601\ufe0f\" width=\"16\" height=\"16\" \/><\/span>04.06 \u01afNG HO\u00c0NG PH\u00daC &amp; KM: QUANG \u0110\u0102NG TR\u1ea6N<\/div>\n<div dir=\"auto\"><a href=\"https:\/\/maylangthangshow.com\/ung-hoang-phuc-04-06.html\" rel=\"noopener\">https:\/\/maylangthangshow.com\/ung-hoang-phuc-04-06.html<\/a><\/div>\n<div dir=\"auto\">\u00a0<\/div>\n<div dir=\"auto\"><span class=\"x3nfvp2 x1j61x8r x1fcty0u xdj266r xhhsvwb xat24cr xgzva0m xxymvpz xlup9mm x1kky2od\"><img loading=\"lazy\" decoding=\"async\" src=\"https:\/\/static.xx.fbcdn.net\/images\/emoji.php\/v9\/tee\/1\/16\/2601.png\" alt=\"\u2601\ufe0f\" width=\"16\" height=\"16\" \/><\/span> 10.06 PH\u1ea0M QU\u1ef2NH ANH \u2013 TRUNG QU\u00c2N<\/div>\n<div dir=\"auto\"><a href=\"https:\/\/maylangthangshow.com\/pham-quynh-anh-trung-quan-10-06.html\" rel=\"noopener\">https:\/\/maylangthangshow.com\/pham-quynh-anh-trung-quan-10-06.html<\/a><\/div>\n<div dir=\"auto\">\u00a0<\/div>\n<div dir=\"auto\"><span class=\"x3nfvp2 x1j61x8r x1fcty0u xdj266r xhhsvwb xat24cr xgzva0m xxymvpz xlup9mm x1kky2od\"><img loading=\"lazy\" decoding=\"async\" src=\"https:\/\/static.xx.fbcdn.net\/images\/emoji.php\/v9\/tee\/1\/16\/2601.png\" alt=\"\u2601\ufe0f\" width=\"16\" height=\"16\" \/><\/span> 17.06 THANH H\u00c0 \u2013 PH\u01af\u01a0NG UY\u00caN<\/div>\n<div dir=\"auto\"><a href=\"https:\/\/maylangthangshow.com\/thanh-ha-phuong-uyen-17-06.html\" rel=\"noopener\">https:\/\/maylangthangshow.com\/thanh-ha-phuong-uyen-17-06.html<\/a><\/div>\n<div dir=\"auto\">\u00a0<\/div>\n<div dir=\"auto\"><span class=\"x3nfvp2 x1j61x8r x1fcty0u xdj266r xhhsvwb xat24cr xgzva0m xxymvpz xlup9mm x1kky2od\"><img loading=\"lazy\" decoding=\"async\" src=\"https:\/\/static.xx.fbcdn.net\/images\/emoji.php\/v9\/tee\/1\/16\/2601.png\" alt=\"\u2601\ufe0f\" width=\"16\" height=\"16\" \/><\/span> 24.06 TR\u1ecaNH TH\u0102NG B\u00ccNH &amp; KM TR\u01af\u01a0NG QU\u1ef2NH ANH<\/div>\n<\/div>\n<\/div>\n<div class=\"x11i5rnm xat24cr x1mh8g0r x1vvkbs xtlvy1s x126k92a\"><a href=\"https:\/\/maylangthangshow.com\/trinh-thang-binh-24-06.html\" rel=\"noopener\">https:\/\/maylangthangshow.com\/trinh-thang-binh-24-06.html<\/a><\/div>\n<div class=\"x11i5rnm xat24cr x1mh8g0r x1vvkbs xtlvy1s x126k92a\">\n<h2 dir=\"auto\" id=\"3-thong-tin-lien-he\"><strong><span style=\"color: #003300;\">3. TH\u00d4NG TIN LI\u00caN H\u1ec6<\/span><\/strong><\/h2>\n<\/div>\n<p>\ud83d\udcde Hotline\/ Zalo: <a href=\"https:\/\/zalo.me\/0986978394\" target=\"_blank\" rel=\"noopener\">0986 978 394<\/a><\/p>\n<p>\ud83d\udccd\u00a0Fanpage: <a href=\"https:\/\/www.facebook.com\/liveshowdalat\/\" target=\"_blank\" rel=\"noopener\">M\u00e2y Lang Thang<\/a><\/p>\n<p>Xem c\u00e1c b\u00e0i vi\u1ebft kh\u00e1c t\u1ea1i: <a href=\"https:\/\/maylangthangshow.com\/\" rel=\"noopener\">Cloud Wandered Show\u00a0<\/a><\/p>\n<p>&nbsp;<\/p>\n<\/div>","protected":false},"excerpt":{"rendered":"<p>Danh m\u1ee5c ch\u00ednh L\u1ecbch di\u1ec5n Liveshow M\u00e2y Lang Thang \u0110\u00e0 L\u1ea1t th\u00e1ng 6 1. S\u00c2N KH\u1ea4U M\u00c2Y LANG THANG \u0110\u00c0 L\u1ea0T 2. L\u1ecaCH DI\u1ec4N M\u00c2Y LANG THANG \u0110\u00c0 L\u1ea0T TH\u00c1NG 6 3. TH\u00d4NG TIN LI\u00caN H\u1ec6 L\u1ecbch di\u1ec5n Liveshow M\u00e2y Lang Thang \u0110\u00e0 L\u1ea1t th\u00e1ng 6 \ud835\udc01\ud835\udc00\u0309\ud835\udc0d \ud835\udc13\ud835\udc08\ud835\udc0d \ud835\udc03\ud835\udc14\u031b\u0323 \ud835\udc01\ud835\udc00\u0301\ud835\udc0e \ud835\udc13\ud835\udc07\ud835\udc0e\u031b\u0300\ud835\udc08 \ud835\udc13\ud835\udc08\ud835\udc04\u0302\u0301\ud835\udc13 \ud835\udc13\ud835\udc11\ud835\udc04\u0302\ud835\udc0d \ud835\udc0c\ud835\udc00\u0302\ud835\udc18 \ud835\udc36\u210e\ud835\udc4e\u0300\ud835\udc5c [&hellip;]<\/p>","protected":false},"featured_media":1276,"comment_status":"open","ping_status":"closed","template":"","meta":[],"product_cat":[2420,31],"product_tag":[],"_links":{"self":[{"href":"https:\/\/liveshowdalat.vn\/en\/wp-json\/wp\/v2\/product\/1272"}],"collection":[{"href":"https:\/\/liveshowdalat.vn\/en\/wp-json\/wp\/v2\/product"}],"about":[{"href":"https:\/\/liveshowdalat.vn\/en\/wp-json\/wp\/v2\/types\/product"}],"replies":[{"embeddable":true,"href":"https:\/\/liveshowdalat.vn\/en\/wp-json\/wp\/v2\/comments?post=1272"}],"wp:featuredmedia":[{"embeddable":true,"href":"https:\/\/liveshowdalat.vn\/en\/wp-json\/wp\/v2\/media\/1276"}],"wp:attachment":[{"href":"https:\/\/liveshowdalat.vn\/en\/wp-json\/wp\/v2\/media?parent=1272"}],"wp:term":[{"taxonomy":"product_cat","embeddable":true,"href":"https:\/\/liveshowdalat.vn\/en\/wp-json\/wp\/v2\/product_cat?post=1272"},{"taxonomy":"product_tag","embeddable":true,"href":"https:\/\/liveshowdalat.vn\/en\/wp-json\/wp\/v2\/product_tag?post=1272"}],"curies":[{"name":"wp","href":"https:\/\/api.w.org\/{rel}","templated":true}]}}