{"id":1224,"date":"2023-05-08T15:23:10","date_gmt":"2023-05-08T08:23:10","guid":{"rendered":"https:\/\/maylangthangshow.com\/?p=1224"},"modified":"2024-07-15T16:10:55","modified_gmt":"2024-07-15T09:10:55","slug":"tung-nhac-cua-trang-27-05","status":"publish","type":"product","link":"https:\/\/liveshowdalat.vn\/en\/tung-nhac-cua-trang-27-05.html","title":{"rendered":"T\u00d9NG &#8211; NH\u1ea0C C\u1ee6A TRANG 27.05"},"content":{"rendered":"<nav class=\"vietrick-auto-toc\">\n<div class=\"box-title\">\n<h3 class=\"toc-title\" id=\"select-menu\">Danh m\u1ee5c ch\u00ednh<\/h3>\n<div><ion-icon name=\"chevron-up-outline\"><\/ion-icon><\/div>\n<\/div>\n<ul class=\"toc-list\">\n<li><a href='https:\/\/liveshowdalat.vn\/en#tung-nhac-cua-trang-27-05' class='heading-h2 toc-link smooth-scroll'>T\u00d9NG &#8211; NH\u1ea0C C\u1ee6A TRANG 27.05<\/a>\n<ul>\n<li><a href='https:\/\/liveshowdalat.vn\/en#indie-tren-may' class='heading-h3 toc-link smooth-scroll'>INDIE TR\u00caN M\u00c2Y<\/a><\/ul>\n<li><a href='https:\/\/liveshowdalat.vn\/en#1-thong-tin-dat-ve-may-lang-thang' class='heading-h2 toc-link smooth-scroll'>1. TH\u00d4NG TIN \u0110\u1eb6T V\u00c9 M\u00c2Y LANG THANG<\/a>\n<li><a href='https:\/\/liveshowdalat.vn\/en#2_MO_TA_SAN_KHAU_MAY_LANG_THANG\" class=\"ez-toc-section' class='heading-h2 toc-link smooth-scroll'>2. M\u00d4 T\u1ea2 S\u00c2N KH\u1ea4U M\u00c2Y LANG THANG<\/a>\n<li><a href='https:\/\/liveshowdalat.vn\/en#' class='heading-h2 toc-link smooth-scroll'><\/a>\n<li><a href='https:\/\/liveshowdalat.vn\/en#3_CAC_CHINH_SACH_CUA_MAY_LANG_THANG\" class=\"ez-toc-section' class='heading-h2 toc-link smooth-scroll'><\/a>\n<li><a href='https:\/\/liveshowdalat.vn\/en#3-cac-chinh-sach-cua-may-lang-thang' class='heading-h2 toc-link smooth-scroll'>3. C\u00c1C CH\u00cdNH S\u00c1CH C\u1ee6A M\u00c2Y LANG THANG<\/a>\n<li><a href='https:\/\/liveshowdalat.vn\/en#4_HOTLINE_DAT_VE\" class=\"ez-toc-section' class='heading-h2 toc-link smooth-scroll'>4. HOTLINE \u0110\u1eb6T V\u00c9<\/a><\/ul>\n<\/ul>\n<\/li>\n<\/ul>\n<\/nav>\n<h2 style=\"text-align: center;\" id=\"tung-nhac-cua-trang-27-05\"><span style=\"color: #003300;\">T\u00d9NG &#8211; NH\u1ea0C C\u1ee6A TRANG 27.05<\/span><\/h2>\n<h3 style=\"text-align: center;\" id=\"indie-tren-may\"><span style=\"color: #003300;\"><strong>INDIE TR\u00caN M\u00c2Y<\/strong><\/span><\/h3>\n<p style=\"text-align: center;\">T\u00d9NG &#8211; NH\u1ea0C C\u1ee6A TRANG<\/p>\n<p style=\"text-align: center;\">27.05.2023<\/p>\n<p style=\"text-align: center;\">T\u1eeb 17g00 \u0111\u1ebfn 19g00<\/p>\n<p><img loading=\"lazy\" decoding=\"async\" class=\"alignnone wp-image-1233 size-medium\" src=\"https:\/\/liveshowdalat.vn\/wp-content\/uploads\/2023\/05\/z4327377736658_f38a78af124142ef9dfdbcbe811d6810-240x300.jpg\" alt=\"T\u00d9NG - NH\u1ea0C C\u1ee6A TRANG 27.05\" width=\"240\" height=\"300\" srcset=\"https:\/\/liveshowdalat.vn\/wp-content\/uploads\/2023\/05\/z4327377736658_f38a78af124142ef9dfdbcbe811d6810-240x300.jpg 240w, https:\/\/liveshowdalat.vn\/wp-content\/uploads\/2023\/05\/z4327377736658_f38a78af124142ef9dfdbcbe811d6810-819x1024.jpg 819w, https:\/\/liveshowdalat.vn\/wp-content\/uploads\/2023\/05\/z4327377736658_f38a78af124142ef9dfdbcbe811d6810-768x960.jpg 768w, https:\/\/liveshowdalat.vn\/wp-content\/uploads\/2023\/05\/z4327377736658_f38a78af124142ef9dfdbcbe811d6810-1229x1536.jpg 1229w, https:\/\/liveshowdalat.vn\/wp-content\/uploads\/2023\/05\/z4327377736658_f38a78af124142ef9dfdbcbe811d6810-600x750.jpg 600w, https:\/\/liveshowdalat.vn\/wp-content\/uploads\/2023\/05\/z4327377736658_f38a78af124142ef9dfdbcbe811d6810.jpg 1638w\" sizes=\"(max-width: 240px) 100vw, 240px\" \/><\/p>\n<h2 id=\"1-thong-tin-dat-ve-may-lang-thang\"><span style=\"color: #003300;\">1. TH\u00d4NG TIN \u0110\u1eb6T V\u00c9 M\u00c2Y LANG THANG<\/span><\/h2>\n<p>STANDARD\u00a0 \/ NH\u1edeN NH\u01a0: 250.000 VN\u0110<\/p>\n<ul>\n<li>H\u1ea1ng v\u00e9 kh\u00f4ng c\u00f3 gh\u1ebf. T\u1ef1 do ch\u1ecdn ch\u1ed7 ng\u1ed3i &#8211; \u0111\u1ee9ng &#8211; n\u1eb1m t\u00f9y th\u00edch<\/li>\n<\/ul>\n<p>PREMIUM \/ TH\u1ea2NH TH\u01a0I: 2.000.000 VN\u0110<\/p>\n<ul>\n<li>Gh\u1ebf l\u01b0\u1eddi d\u00e0nh cho 2 ng\u01b0\u1eddi. Khu &#8220;\u0110\u1eb7c Bi\u1ec7t&#8221; n\u1eb1m x\u1ea3i lai ng\u1eafm m\u00e2y, ng\u1eafm sao v\u00e0 ng\u1eafm &#8220;ng\u01b0\u1eddi y\u00eau&#8221; trong khi nghe nh\u1ea1c.<\/li>\n<li>S\u1ed1 l\u01b0\u1ee3ng c\u00f3 h\u1ea1n ch\u1ec9 c\u00f3 10 c\u1eb7p gh\u1ebf<\/li>\n<\/ul>\n<p>VIP \/ B\u1ec0NH B\u1ed2NG: 450.000 VN\u0110<\/p>\n<ul>\n<li>Khu v\u1ef1c c\u00f3 gh\u1ebf ri\u00eang, t\u1ea7m nh\u00ecn cao v\u00e0 bao qu\u00e1t to\u00e0n b\u1ed9 s\u00e2n kh\u1ea5u<\/li>\n<\/ul>\n<h2><span id=\"2_MO_TA_SAN_KHAU_MAY_LANG_THANG\" class=\"ez-toc-section\"><\/span><span style=\"color: #003300;\">2. M\u00d4 T\u1ea2 S\u00c2N KH\u1ea4U M\u00c2Y LANG THANG<\/span><\/h2>\n<p>\u2013 \u0110\u1ecba ch\u1ec9: \u0110\u1ecba \u0111i\u1ec3m t\u1ed5 ch\u1ee9c thu\u1ed9c CABIN IN THE WOODS &#8211; T\u1ed5 dan ph\u1ed1 12, H\u1ebbm 63, \u0110\u00e8o Prenn, Th\u00e0nh Ph\u1ed1 \u0110\u00e0 L\u1ea1t<\/p>\n<ul>\n<li>\u0110\u01b0\u1eddng h\u1ebbm v\u00e0o s\u00e2n kh\u1ea5u. Khuy\u1ebfn kh\u00e1ch qu\u00fd kh\u00e1ch s\u1eed d\u1ee5ng xe m\u00e1y.<\/li>\n<\/ul>\n<p>\u2013 L\u01b0u \u00fd gh\u1ebf ng\u1ed3i:<\/p>\n<ul>\n<li>S\u00e2n kh\u1ea5u n\u1eb1m tr\u01b0\u1edbc Khu STANDARD. Khu PREMIUM v\u00e0 VIP n\u1eb1m sau STANDARD (T\u1ea7m nh\u00ecn cao v\u00e0 bao qu\u00e1t)<\/li>\n<li>Qu\u00fd kh\u00e1ch vui l\u00f2ng \u0111\u1ebfn s\u1edbm \u0111\u1ec3 ch\u1ecdn \u0111\u01b0\u1ee3c v\u1ecb tr\u00ed t\u1ed1t nh\u1ea5t theo KHU<\/li>\n<\/ul>\n<p>\u2013 H\u00ecnh \u1ea3nh s\u00e2n kh\u1ea5u:<\/p>\n<p><a href=\"https:\/\/maylangthangshow.com\/tung-nhac-cua-trang-27-05.html\" rel=\"noopener\"><img loading=\"lazy\" decoding=\"async\" class=\"aligncenter wp-image-1229 size-full\" src=\"https:\/\/liveshowdalat.vn\/wp-content\/uploads\/2023\/05\/IMG_5125-2-min-scaled-1.jpg\" alt=\"T\u00d9NG - NH\u1ea0C C\u1ee6A TRANG 27.05\" width=\"1920\" height=\"2560\" srcset=\"https:\/\/liveshowdalat.vn\/wp-content\/uploads\/2023\/05\/IMG_5125-2-min-scaled-1.jpg 1920w, https:\/\/liveshowdalat.vn\/wp-content\/uploads\/2023\/05\/IMG_5125-2-min-scaled-1-225x300.jpg 225w, https:\/\/liveshowdalat.vn\/wp-content\/uploads\/2023\/05\/IMG_5125-2-min-scaled-1-768x1024.jpg 768w, https:\/\/liveshowdalat.vn\/wp-content\/uploads\/2023\/05\/IMG_5125-2-min-scaled-1-1152x1536.jpg 1152w, https:\/\/liveshowdalat.vn\/wp-content\/uploads\/2023\/05\/IMG_5125-2-min-scaled-1-1536x2048.jpg 1536w, https:\/\/liveshowdalat.vn\/wp-content\/uploads\/2023\/05\/IMG_5125-2-min-scaled-1-600x800.jpg 600w\" sizes=\"(max-width: 1920px) 100vw, 1920px\" \/><\/a><\/p>\n<p><a href=\"https:\/\/maylangthangshow.com\/tung-nhac-cua-trang-27-05.html\" rel=\"noopener\"><img loading=\"lazy\" decoding=\"async\" class=\"aligncenter wp-image-1231 size-full\" src=\"https:\/\/liveshowdalat.vn\/wp-content\/uploads\/2023\/05\/IMG_5137-2-min-scaled-1.jpg\" alt=\"T\u00d9NG - NH\u1ea0C C\u1ee6A TRANG 27.05\" width=\"1920\" height=\"2560\" srcset=\"https:\/\/liveshowdalat.vn\/wp-content\/uploads\/2023\/05\/IMG_5137-2-min-scaled-1.jpg 1920w, https:\/\/liveshowdalat.vn\/wp-content\/uploads\/2023\/05\/IMG_5137-2-min-scaled-1-225x300.jpg 225w, https:\/\/liveshowdalat.vn\/wp-content\/uploads\/2023\/05\/IMG_5137-2-min-scaled-1-768x1024.jpg 768w, https:\/\/liveshowdalat.vn\/wp-content\/uploads\/2023\/05\/IMG_5137-2-min-scaled-1-1152x1536.jpg 1152w, https:\/\/liveshowdalat.vn\/wp-content\/uploads\/2023\/05\/IMG_5137-2-min-scaled-1-1536x2048.jpg 1536w, https:\/\/liveshowdalat.vn\/wp-content\/uploads\/2023\/05\/IMG_5137-2-min-scaled-1-600x800.jpg 600w\" sizes=\"(max-width: 1920px) 100vw, 1920px\" \/><\/a><\/p>\n<p><a href=\"https:\/\/maylangthangshow.com\/tung-nhac-cua-trang-27-05.html\" rel=\"noopener\"><img loading=\"lazy\" decoding=\"async\" class=\"aligncenter wp-image-1232 size-full\" src=\"https:\/\/liveshowdalat.vn\/wp-content\/uploads\/2023\/05\/IMG_5138-2-min-scaled-1.jpg\" alt=\"T\u00d9NG - NH\u1ea0C C\u1ee6A TRANG 27.05\" width=\"2560\" height=\"1920\" srcset=\"https:\/\/liveshowdalat.vn\/wp-content\/uploads\/2023\/05\/IMG_5138-2-min-scaled-1.jpg 2560w, https:\/\/liveshowdalat.vn\/wp-content\/uploads\/2023\/05\/IMG_5138-2-min-scaled-1-300x225.jpg 300w, https:\/\/liveshowdalat.vn\/wp-content\/uploads\/2023\/05\/IMG_5138-2-min-scaled-1-1024x768.jpg 1024w, https:\/\/liveshowdalat.vn\/wp-content\/uploads\/2023\/05\/IMG_5138-2-min-scaled-1-768x576.jpg 768w, https:\/\/liveshowdalat.vn\/wp-content\/uploads\/2023\/05\/IMG_5138-2-min-scaled-1-1536x1152.jpg 1536w, https:\/\/liveshowdalat.vn\/wp-content\/uploads\/2023\/05\/IMG_5138-2-min-scaled-1-2048x1536.jpg 2048w, https:\/\/liveshowdalat.vn\/wp-content\/uploads\/2023\/05\/IMG_5138-2-min-scaled-1-600x450.jpg 600w\" sizes=\"(max-width: 2560px) 100vw, 2560px\" \/><\/a><\/p>\n<h2 id=\"\"><a href=\"https:\/\/maylangthangshow.com\/tung-nhac-cua-trang-27-05.html\" rel=\"noopener\"><img loading=\"lazy\" decoding=\"async\" class=\"aligncenter wp-image-1228 size-full\" src=\"https:\/\/liveshowdalat.vn\/wp-content\/uploads\/2023\/05\/IMG_5124-2-min-scaled-1.jpg\" alt=\"T\u00d9NG - NH\u1ea0C C\u1ee6A TRANG 27.05\" width=\"2560\" height=\"1920\" srcset=\"https:\/\/liveshowdalat.vn\/wp-content\/uploads\/2023\/05\/IMG_5124-2-min-scaled-1.jpg 2560w, https:\/\/liveshowdalat.vn\/wp-content\/uploads\/2023\/05\/IMG_5124-2-min-scaled-1-300x225.jpg 300w, https:\/\/liveshowdalat.vn\/wp-content\/uploads\/2023\/05\/IMG_5124-2-min-scaled-1-1024x768.jpg 1024w, https:\/\/liveshowdalat.vn\/wp-content\/uploads\/2023\/05\/IMG_5124-2-min-scaled-1-768x576.jpg 768w, https:\/\/liveshowdalat.vn\/wp-content\/uploads\/2023\/05\/IMG_5124-2-min-scaled-1-1536x1152.jpg 1536w, https:\/\/liveshowdalat.vn\/wp-content\/uploads\/2023\/05\/IMG_5124-2-min-scaled-1-2048x1536.jpg 2048w, https:\/\/liveshowdalat.vn\/wp-content\/uploads\/2023\/05\/IMG_5124-2-min-scaled-1-600x450.jpg 600w\" sizes=\"(max-width: 2560px) 100vw, 2560px\" \/><\/a><\/h2>\n<p>\u2013 S\u01a1 \u0111\u1ed3 ch\u1ed7 ng\u1ed3i<\/p>\n<h2><a href=\"https:\/\/maylangthangshow.com\/tung-nhac-cua-trang-27-05.html\" rel=\"noopener\"><span id=\"3_CAC_CHINH_SACH_CUA_MAY_LANG_THANG\" class=\"ez-toc-section\"><img loading=\"lazy\" decoding=\"async\" class=\"aligncenter wp-image-1234 size-full\" src=\"https:\/\/liveshowdalat.vn\/wp-content\/uploads\/2023\/05\/Capture.png\" alt=\"T\u00d9NG - NH\u1ea0C C\u1ee6A TRANG 27.05\" width=\"1032\" height=\"473\" \/><\/span><\/a><\/h2>\n<h2 id=\"3-cac-chinh-sach-cua-may-lang-thang\"><span style=\"color: #003300;\">3. C\u00c1C CH\u00cdNH S\u00c1CH C\u1ee6A M\u00c2Y LANG THANG<\/span><\/h2>\n<p><strong>Ch\u00ednh s\u00e1ch tr\u1ebb em b\u00ean M\u00e2y Lang Thang:<\/strong><br \/>\n\u2013 Mi\u1ec5n ph\u00ed cho b\u00e9 d\u01b0\u1edbi 3 tu\u1ed5i ( ng\u1ed3i chung gh\u1ebf v\u1edbi b\u1ed1 m\u1eb9 su\u1ed1t bu\u1ed5i di\u1ec5n )<br \/>\n\u2013 C\u00f2n n\u1ebfu b\u00e9 tr\u00ean 3 tu\u1ed5i, d\u01b0\u1edbi 1m2 th\u00ec b\u00ean em gi\u1ea3m 15% \u0111\u1ed1i v\u1edbi gh\u1ebf c\u1ee7a b\u00e9.<br \/>\n\u2013 Tr\u00ean 1m2 v\u1eabn t\u00ednh v\u00e9 nh\u01b0 ng\u01b0\u1eddi l\u1edbn \u1ea1.<\/p>\n<p><strong>B\u1ea1n l\u01b0u \u00fd th\u00f4ng tin b\u1ea3o l\u01b0u sau gi\u00fap M\u00e2y Lang Thang:<\/strong><br \/>\n\u2013 Th\u1eddi h\u1ea1n b\u1ea3o l\u01b0u l\u00e0 trong v\u00f2ng m\u1ed9t n\u0103m t\u00ednh theo ng\u00e0y x\u00e1c nh\u1eadn b\u1ea3o l\u01b0u.<br \/>\n\u2013 B\u1ea3o l\u01b0u ch\u1ec9 c\u00f3 hi\u1ec7u l\u1ef1c c\u00f9ng khu v\u1ef1c \u0111\u00e3 \u0111\u1eb7t<br \/>\n\u2013 M\u00e2y Lang Thang ch\u1ec9 h\u1ed7 tr\u1ee3 b\u1ea3o l\u01b0u c\u00f9ng h\u1ea1ng gi\u00e1, v\u1edbi gi\u00e1 v\u00e9 cao h\u01a1n (vui l\u00f2ng b\u00f9 ph\u1ea7n ch\u00eanh l\u1ec7ch gi\u00fap M\u00e2y). Trong tr\u01b0\u1eddng h\u1ee3p h\u1ea1ng v\u00e9 th\u1ea5p s\u1ed1 ti\u1ec1n \u0111\u00e3 b\u1ea3o l\u01b0u, M\u00e2y kh\u00f4ng h\u1ed7 tr\u1ee3 ho\u00e0n ti\u1ec1n \u1ea1.<\/p>\n<h2><span id=\"4_HOTLINE_DAT_VE\" class=\"ez-toc-section\"><\/span><span style=\"color: #003300;\">4. HOTLINE \u0110\u1eb6T V\u00c9<\/span><\/h2>\n<p>\ud83d\udcde Hotline t\u01b0 v\u1ea5n:<\/p>\n<p><a href=\"https:\/\/zalo.me\/0986978394\" rel=\"noopener\">0986 978 394<\/a><\/p>\n<p><a href=\"https:\/\/zalo.me\/0988249297\" rel=\"noopener\">0988 249 297<\/a><\/p>\n<p>Fanpage booking:\u00a0<a href=\"https:\/\/www.facebook.com\/liveshowdalat\/\" target=\"_blank\" rel=\"noopener\">M\u00e2y Lang Thang<\/a><\/p>\n<p>Xem th\u00eam b\u00e0i vi\u1ebft kh\u00e1c t\u1ea1i:\u00a0<a href=\"https:\/\/maylangthangshow.com\/\" rel=\"noopener\">Cloud Wandered Show\u00a0<\/a><\/p>","protected":false},"excerpt":{"rendered":"<p>Danh m\u1ee5c ch\u00ednh T\u00d9NG &#8211; NH\u1ea0C C\u1ee6A TRANG 27.05 INDIE TR\u00caN M\u00c2Y 1. TH\u00d4NG TIN \u0110\u1eb6T V\u00c9 M\u00c2Y LANG THANG 2. M\u00d4 T\u1ea2 S\u00c2N KH\u1ea4U M\u00c2Y LANG THANG 3. C\u00c1C CH\u00cdNH S\u00c1CH C\u1ee6A M\u00c2Y LANG THANG 4. HOTLINE \u0110\u1eb6T V\u00c9 T\u00d9NG &#8211; NH\u1ea0C C\u1ee6A TRANG 27.05 INDIE TR\u00caN M\u00c2Y T\u00d9NG &#8211; NH\u1ea0C C\u1ee6A TRANG 27.05.2023 [&hellip;]<\/p>","protected":false},"featured_media":1233,"comment_status":"open","ping_status":"closed","template":"","meta":[],"product_cat":[31,2567,2410,49],"product_tag":[],"_links":{"self":[{"href":"https:\/\/liveshowdalat.vn\/en\/wp-json\/wp\/v2\/product\/1224"}],"collection":[{"href":"https:\/\/liveshowdalat.vn\/en\/wp-json\/wp\/v2\/product"}],"about":[{"href":"https:\/\/liveshowdalat.vn\/en\/wp-json\/wp\/v2\/types\/product"}],"replies":[{"embeddable":true,"href":"https:\/\/liveshowdalat.vn\/en\/wp-json\/wp\/v2\/comments?post=1224"}],"wp:featuredmedia":[{"embeddable":true,"href":"https:\/\/liveshowdalat.vn\/en\/wp-json\/wp\/v2\/media\/1233"}],"wp:attachment":[{"href":"https:\/\/liveshowdalat.vn\/en\/wp-json\/wp\/v2\/media?parent=1224"}],"wp:term":[{"taxonomy":"product_cat","embeddable":true,"href":"https:\/\/liveshowdalat.vn\/en\/wp-json\/wp\/v2\/product_cat?post=1224"},{"taxonomy":"product_tag","embeddable":true,"href":"https:\/\/liveshowdalat.vn\/en\/wp-json\/wp\/v2\/product_tag?post=1224"}],"curies":[{"name":"wp","href":"https:\/\/api.w.org\/{rel}","templated":true}]}}