{"id":1142,"date":"2023-04-22T11:16:11","date_gmt":"2023-04-22T04:16:11","guid":{"rendered":"https:\/\/maylangthangshow.com\/?p=1142"},"modified":"2024-07-19T17:25:13","modified_gmt":"2024-07-19T10:25:13","slug":"lich-dien-liveshow-may-lang-thang-da-lat-thang-5","status":"publish","type":"product","link":"https:\/\/liveshowdalat.vn\/en\/lich-dien-liveshow-may-lang-thang-da-lat-thang-5.html","title":{"rendered":"L\u1ecbch di\u1ec5n Liveshow M\u00e2y Lang Thang \u0110\u00e0 L\u1ea1t th\u00e1ng 5"},"content":{"rendered":"<nav class=\"vietrick-auto-toc\">\n<div class=\"box-title\">\n<h3 class=\"toc-title\" id=\"select-menu\">Danh m\u1ee5c ch\u00ednh<\/h3>\n<div><ion-icon name=\"chevron-up-outline\"><\/ion-icon><\/div>\n<\/div>\n<ul class=\"toc-list\">\n<li><a href='https:\/\/liveshowdalat.vn\/en#lich-dien-liveshow-may-lang-thang-da-lat-thang-5' class='heading-h2 toc-link smooth-scroll'>L\u1ecbch di\u1ec5n Liveshow M\u00e2y Lang Thang \u0110\u00e0 L\u1ea1t th\u00e1ng 5<\/a>\n<li><a href='https:\/\/liveshowdalat.vn\/en#1-san-khau-may-lang-thang-da-lat' class='heading-h2 toc-link smooth-scroll'>1. S\u00c2N KH\u1ea4U M\u00c2Y LANG THANG \u0110\u00c0 L\u1ea0T<\/a>\n<li><a href='https:\/\/liveshowdalat.vn\/en#2-lich-dien-may-lang-thang-da-lat-thang-5' class='heading-h2 toc-link smooth-scroll'>2. L\u1ecaCH DI\u1ec4N M\u00c2Y LANG THANG \u0110\u00c0 L\u1ea0T TH\u00c1NG 5<\/a>\n<li><a href='https:\/\/liveshowdalat.vn\/en#3-thong-tin-lien-he' class='heading-h2 toc-link smooth-scroll'>3. TH\u00d4NG TIN LI\u00caN H\u1ec6<\/a><\/ul>\n<\/ul>\n<\/li>\n<\/ul>\n<\/nav>\n<h2 style=\"text-align: center;\" id=\"lich-dien-liveshow-may-lang-thang-da-lat-thang-5\"><span style=\"color: #003300;\">L\u1ecbch di\u1ec5n Liveshow M\u00e2y Lang Thang \u0110\u00e0 L\u1ea1t th\u00e1ng 5<\/span><\/h2>\n<div class=\"x11i5rnm xat24cr x1mh8g0r x1vvkbs xdj266r x126k92a\">\n<div dir=\"auto\"><span class=\"x3nfvp2 x1j61x8r x1fcty0u xdj266r xhhsvwb xat24cr xgzva0m xxymvpz xlup9mm x1kky2od\"><img loading=\"lazy\" decoding=\"async\" src=\"https:\/\/static.xx.fbcdn.net\/images\/emoji.php\/v9\/t1f\/1\/16\/1f3b6.png\" alt=\"\ud83c\udfb6\" width=\"16\" height=\"16\" \/><\/span> \ud835\udc01\ud835\udc00\u0309\ud835\udc0d \ud835\udc13\ud835\udc08\ud835\udc0d \ud835\udc03\ud835\udc14\u031b\u0323 \ud835\udc01\ud835\udc00\u0301\ud835\udc0e \ud835\udc13\ud835\udc07\ud835\udc0e\u031b\u0300\ud835\udc08 \ud835\udc13\ud835\udc08\ud835\udc04\u0302\u0301\ud835\udc13 \ud835\udc13\ud835\udc11\ud835\udc04\u0302\ud835\udc0d \ud835\udc0c\ud835\udc00\u0302\ud835\udc18 <span class=\"x3nfvp2 x1j61x8r x1fcty0u xdj266r xhhsvwb xat24cr xgzva0m xxymvpz xlup9mm x1kky2od\"><img loading=\"lazy\" decoding=\"async\" src=\"https:\/\/static.xx.fbcdn.net\/images\/emoji.php\/v9\/t1f\/1\/16\/1f3b6.png\" alt=\"\ud83c\udfb6\" width=\"16\" height=\"16\" \/><\/span><\/div>\n<div dir=\"auto\">\ud835\udc36\u210e\ud835\udc4e\u0300\ud835\udc5c \ud835\udc61\u210e\ud835\udc4e\u0301\ud835\udc5b\ud835\udc54 5, \ud835\udc50\u210e\ud835\udc4e\u0300\ud835\udc5c \ud835\udc5a\ud835\udc62\u0300\ud835\udc4e \u210e\ud835\udc52\u0300 \ud835\udc4f\ud835\udc4e\u0306\u0300\ud835\udc5b\ud835\udc54 \ud835\udc5b\u210e\ud835\udc62\u031b\u0303\ud835\udc5b\ud835\udc54 \ud835\udc50\ud835\udc5c\u031b\ud835\udc5b \ud835\udc5a\ud835\udc62\u031b\ud835\udc4e \ud835\udc4f\ud835\udc4e\u0302\u0301\ud835\udc61 \ud835\udc50\u210e\ud835\udc5c\u031b\u0323\ud835\udc61\u2026 \ud835\udc36\u210e\ud835\udc62\u0301\ud835\udc61 \ud835\udc61\u210e\ud835\udc4e\u0302\u0301\ud835\udc61 \ud835\udc61\u210e\ud835\udc62\u031b\ud835\udc5c\u031b\u0300\ud835\udc5b\ud835\udc54 \ud835\udc50\ud835\udc62\u0309\ud835\udc4e \ud835\udc61\u210e\ud835\udc5c\u031b\u0300\ud835\udc56 \ud835\udc61\ud835\udc56\ud835\udc52\u0302\u0301\ud835\udc61 \ud835\udc4f\ud835\udc5c\u0302\u0309\ud835\udc5b\ud835\udc54 \ud835\udc50\u210e\ud835\udc5c\u0302\u0301\ud835\udc50 \ud835\udc54\ud835\udc5c\u031b\u0323\ud835\udc56 \ud835\udc5b\u210e\ud835\udc5c\u031b\u0301 \ud835\udc63\ud835\udc52\u0302\u0300 \ud835\udc5b\u210e\ud835\udc62\u031b\u0303\ud835\udc5b\ud835\udc54 \u0111\ud835\udc56\ud835\udc52\u0302\u0300\ud835\udc62 \ud835\udc65\ud835\udc62\u031b\ud835\udc4e \ud835\udc50\ud835\udc62\u0303, \ud835\udc60\ud835\udc5c\u0302\ud835\udc56 \ud835\udc60\ud835\udc62\u0323\ud835\udc50 \ud835\udc58\ud835\udc66\u0309 \ud835\udc5b\ud835\udc56\ud835\udc52\u0323\u0302\ud835\udc5a \ud835\udc5f\ud835\udc5c\u0302\u0300\ud835\udc56 \ud835\udc63\ud835\udc4e\u0302\u0301\ud835\udc5b \ud835\udc63\ud835\udc62\u031b\ud835\udc5c\u031b\ud835\udc5b\ud835\udc54 \ud835\udc61\u210e\ud835\udc62\u031b\u0301 \ud835\udc50\ud835\udc4e\u0309\ud835\udc5a \ud835\udc65\ud835\udc62\u0301\ud835\udc50 \ud835\udc58\u210e\ud835\udc5c\u0302\ud835\udc5b\ud835\udc54 \ud835\udc61\ud835\udc52\u0302\ud835\udc5b \ud835\udc61\u210e\ud835\udc4e\u0302\u0300\ud835\udc5a \ud835\udc58\ud835\udc56\u0301\ud835\udc5b, \ud835\udc63\ud835\udc4e\u0302\u0303\ud835\udc5b \ud835\udc63\ud835\udc52\u0323\ud835\udc5b \ud835\udc5b\ud835\udc54\ud835\udc62\ud835\udc66\ud835\udc52\u0302\ud835\udc5b \ud835\udc5b\ud835\udc5c\u0302\u0303\ud835\udc56 \ud835\udc5b\u210e\ud835\udc5c\u031b\u0301 \ud835\udc5b\ud835\udc4e\u0306\ud835\udc5a \ud835\udc5b\ud835\udc4e\u0300\ud835\udc5c. \ud835\udc3b\ud835\udc52\u0300 \ud835\udc63\ud835\udc52\u0302\u0300, \ud835\udc5a\ud835\udc62\u0300\ud835\udc4e \ud835\udc50\ud835\udc62\u0309\ud835\udc4e \u2026.\ud835\udc50\u210e\ud835\udc56\ud835\udc4e \ud835\udc65\ud835\udc4e \ud835\udc63\ud835\udc4e\u0300\u2026 \ud835\udc5b\u210e\ud835\udc5c\u031b\u0301 !!<\/div>\n<\/div>\n<div class=\"x11i5rnm xat24cr x1mh8g0r x1vvkbs xtlvy1s x126k92a\">\n<div dir=\"auto\">H\u00e0ng lo\u1ea1t sao Vi\u1ec7t \u0111\u1ed5 b\u1ed9, s\u1eb5n s\u00e0ng cho nh\u1eefng \u0111\u00eam di\u1ec5n c\u1ee7a c\u1ea3m x\u00fac, h\u00e3y \u0111\u1ec3 M\u00e2y Lang Thang c\u00f9ng giai \u0111i\u1ec7u \u00e2m nh\u1ea1c xua tan phi\u1ec1n mu\u1ed9n v\u00e0 ch\u1eefa l\u00e0nh nh\u1eefng v\u1ebft th\u01b0\u01a1ng trong t\u00e2m h\u1ed3n\u2026<\/div>\n<\/div>\n<div class=\"x11i5rnm xat24cr x1mh8g0r x1vvkbs xtlvy1s x126k92a\">\n<h2 dir=\"auto\" id=\"1-san-khau-may-lang-thang-da-lat\"><span style=\"color: #003300;\">1. S\u00c2N KH\u1ea4U M\u00c2Y LANG THANG \u0110\u00c0 L\u1ea0T<\/span><\/h2>\n<div dir=\"auto\">\ud835\udc46\ud835\udc4e\u0302\ud835\udc5b \ud835\udc58\u210e\ud835\udc4e\u0302\u0301\ud835\udc62 \ud835\udc36\u210e\ud835\udc56\ud835\udc52\u0302\u0300\ud835\udc62-\ud835\udc5b\u210e\ud835\udc4e\u0323\ud835\udc50-\ud835\udc61\ud835\udc5f\ud835\udc52\u0302\ud835\udc5b-\ud835\udc40\ud835\udc4e\u0302\ud835\udc66 (\ud835\ude14\ud835\ude22\u0302\ud835\ude3a \ud835\ude2a\ud835\ude2f \ud835\ude1b\ud835\ude29\ud835\ude26 \ud835\ude15\ud835\ude26\ud835\ude34\ud835\ude35, 519 \ud835\ude35\ud835\ude29\ud835\ude30\u0302\ud835\ude2f \ud835\ude14\ud835\ude22\u0306\ud835\ude2f\ud835\ude28 \ud835\ude13\ud835\ude2a\ud835\ude2f) \ud835\udc51\ud835\udc56\ud835\udc52\u0302\u0303\ud835\udc5b 5:00 &#8211; 7:00\ud835\udc5d\ud835\udc5a<\/div>\n<div dir=\"auto\">\ud835\udc46\ud835\udc4e\u0302\ud835\udc5b \ud835\udc58\u210e\ud835\udc4e\u0302\u0301\ud835\udc62 \u0110\ud835\udc52\u0302\ud835\udc5a-\ud835\udc5b\u210e\ud835\udc4e\u0323\ud835\udc50-\ud835\udc61\ud835\udc5f\ud835\udc52\u0302\ud835\udc5b-\ud835\udc40\ud835\udc4e\u0302\ud835\udc66 ( 7\ud835\udc35 \ud835\udc3b\ud835\udc5c\ud835\udc4e\u0300\ud835\udc5b\ud835\udc54 \ud835\udc3b\ud835\udc5c\ud835\udc4e \ud835\udc47\u210e\ud835\udc4e\u0301\ud835\udc5a, \u0110\ud835\udc4e\u0300 \ud835\udc3f\ud835\udc4e\u0323\ud835\udc61 , \ud835\ude29\ud835\udc52\u0309\ud835\udc5a \ud835\udc3b\ud835\udc4e\u0302\u0300\ud835\udc5a \u0110\ud835\udc4e\u0301, \ud835\udc60\ud835\udc4e\ud835\udc62 \ud835\udc37\ud835\udc56\ud835\udc5b\u210e 1) \ud835\udc51\ud835\udc56\ud835\udc52\u0302\u0303\ud835\udc5b 7:30 &#8211; 9:30pm<\/div>\n<div dir=\"auto\">\ud835\udc46\ud835\udc4e\u0302\ud835\udc5b \ud835\udc58\u210e\ud835\udc4e\u0302\u0301\ud835\udc62 \ud835\udc47\u210e\ud835\udc62\ud835\udc5b\ud835\udc54-\ud835\udc59\ud835\udc62\u0303\ud835\udc5b\ud835\udc54-\ud835\udc40\ud835\udc4e\u0302\ud835\udc66 (\ud835\udc46\ud835\udc5c\u0302\u0301 4 \ud835\udc47\ud835\udc5f\ud835\udc4e\u0302\u0300\ud835\udc5b \ud835\udc44\ud835\udc62\ud835\udc4e\ud835\udc5b\ud835\udc54 \ud835\udc37\ud835\udc56\ud835\udc52\u0323\u0302\ud835\udc62, \ud835\udc5d\u210e\ud835\udc62\u031b\ud835\udc5c\u031b\u0300\ud835\udc5b\ud835\udc54 10, \u0110\ud835\udc4e\u0300 \ud835\udc3f\ud835\udc4e\u0323\ud835\udc61 ) \ud835\udc51\ud835\udc56\ud835\udc52\u0302\u0303\ud835\udc5b 4:30 &#8211; 7:00\ud835\udc5d\ud835\udc5a<\/div>\n<div dir=\"auto\"><a href=\"https:\/\/maylangthangshow.com\/?p=1142&amp;preview=true\" rel=\"noopener\"><img loading=\"lazy\" decoding=\"async\" class=\"aligncenter wp-image-1160 size-full\" src=\"https:\/\/liveshowdalat.vn\/wp-content\/uploads\/2023\/04\/SAN-KHAU-MLT-MAY-IN-THE-NEST.jpg\" alt=\"L\u1ecbch di\u1ec5n Liveshow M\u00e2y Lang Thang \u0110\u00e0 L\u1ea1t th\u00e1ng 5\" width=\"1200\" height=\"900\" srcset=\"https:\/\/liveshowdalat.vn\/wp-content\/uploads\/2023\/04\/SAN-KHAU-MLT-MAY-IN-THE-NEST.jpg 1200w, https:\/\/liveshowdalat.vn\/wp-content\/uploads\/2023\/04\/SAN-KHAU-MLT-MAY-IN-THE-NEST-300x225.jpg 300w, https:\/\/liveshowdalat.vn\/wp-content\/uploads\/2023\/04\/SAN-KHAU-MLT-MAY-IN-THE-NEST-1024x768.jpg 1024w, https:\/\/liveshowdalat.vn\/wp-content\/uploads\/2023\/04\/SAN-KHAU-MLT-MAY-IN-THE-NEST-768x576.jpg 768w, https:\/\/liveshowdalat.vn\/wp-content\/uploads\/2023\/04\/SAN-KHAU-MLT-MAY-IN-THE-NEST-600x450.jpg 600w\" sizes=\"(max-width: 1200px) 100vw, 1200px\" \/><\/a><\/div>\n<div dir=\"auto\">\u00a0<\/div>\n<div dir=\"auto\"><a href=\"https:\/\/maylangthangshow.com\/?p=1142&amp;preview=true\" rel=\"noopener\"><img loading=\"lazy\" decoding=\"async\" class=\"aligncenter wp-image-1161 size-full\" src=\"https:\/\/liveshowdalat.vn\/wp-content\/uploads\/2023\/04\/SAN-KHAU-MLT-DEM-NHAC-TREN-MAY-1.jpg\" alt=\"L\u1ecbch di\u1ec5n Liveshow M\u00e2y Lang Thang \u0110\u00e0 L\u1ea1t th\u00e1ng 5\" width=\"1950\" height=\"1463\" srcset=\"https:\/\/liveshowdalat.vn\/wp-content\/uploads\/2023\/04\/SAN-KHAU-MLT-DEM-NHAC-TREN-MAY-1.jpg 1950w, https:\/\/liveshowdalat.vn\/wp-content\/uploads\/2023\/04\/SAN-KHAU-MLT-DEM-NHAC-TREN-MAY-1-300x225.jpg 300w, https:\/\/liveshowdalat.vn\/wp-content\/uploads\/2023\/04\/SAN-KHAU-MLT-DEM-NHAC-TREN-MAY-1-1024x768.jpg 1024w, https:\/\/liveshowdalat.vn\/wp-content\/uploads\/2023\/04\/SAN-KHAU-MLT-DEM-NHAC-TREN-MAY-1-768x576.jpg 768w, https:\/\/liveshowdalat.vn\/wp-content\/uploads\/2023\/04\/SAN-KHAU-MLT-DEM-NHAC-TREN-MAY-1-1536x1152.jpg 1536w, https:\/\/liveshowdalat.vn\/wp-content\/uploads\/2023\/04\/SAN-KHAU-MLT-DEM-NHAC-TREN-MAY-1-600x450.jpg 600w\" sizes=\"(max-width: 1950px) 100vw, 1950px\" \/><\/a><\/div>\n<h2 dir=\"auto\" id=\"2-lich-dien-may-lang-thang-da-lat-thang-5\"><span style=\"color: #003300;\">2. L\u1ecaCH DI\u1ec4N M\u00c2Y LANG THANG \u0110\u00c0 L\u1ea0T TH\u00c1NG 5<\/span><\/h2>\n<\/div>\n<div class=\"x11i5rnm xat24cr x1mh8g0r x1vvkbs xtlvy1s x126k92a\">\n<div class=\"x11i5rnm xat24cr x1mh8g0r x1vvkbs xtlvy1s x126k92a\">\n<div dir=\"auto\">\ud835\udc13\ud835\udc07\ud835\udc00\u0301\ud835\udc0d\ud835\udc06 \ud835\udfd3<\/div>\n<\/div>\n<div class=\"x11i5rnm xat24cr x1mh8g0r x1vvkbs xtlvy1s x126k92a\">\n<div dir=\"auto\">12.05 V\u01af\u01a0NG ANH T\u00da &#8211; VICKY NHUNG \u201cV show\u201d<\/div>\n<div dir=\"auto\"><a href=\"https:\/\/maylangthangshow.com\/vuong-anh-tu-vicky-nhung-12-05.html\" rel=\"noopener\">https:\/\/maylangthangshow.com\/vuong-anh-tu-vicky-nhung-12-05.html<\/a><\/div>\n<div dir=\"auto\">\u00a0<\/div>\n<div dir=\"auto\">13.05 PH\u1ea0M QU\u1ef2NH ANH &#8211; HAMLET TR\u01af\u01a0NG<\/div>\n<div dir=\"auto\"><a href=\"https:\/\/maylangthangshow.com\/pham-quynh-anh-hamlet-truong-13-05.html\" rel=\"noopener\">https:\/\/maylangthangshow.com\/pham-quynh-anh-hamlet-truong-13-05.html<\/a><\/div>\n<div dir=\"auto\">\u00a0<\/div>\n<div dir=\"auto\">19.05 M\u1ef8 LINH &#8211; MYRA TR\u1ea6N<\/div>\n<div dir=\"auto\"><a href=\"https:\/\/maylangthangshow.com\/my-linh-myra-tran-19-05.html\" rel=\"noopener\">https:\/\/maylangthangshow.com\/my-linh-myra-tran-19-05.html<\/a><\/div>\n<div dir=\"auto\">\u00a0<\/div>\n<div dir=\"auto\">20.05 UY\u00caN LINH &amp; KM: TR\u1ea6N MINH D\u0168NG<\/div>\n<div dir=\"auto\"><a href=\"https:\/\/maylangthangshow.com\/uyen-linh-20-05.html\" rel=\"noopener\">https:\/\/maylangthangshow.com\/uyen-linh-20-05.html<\/a><\/div>\n<div dir=\"auto\">\u00a0<\/div>\n<div dir=\"auto\">21.05 MAI TI\u1ebeN D\u0168NG &#8211; V\u00d5 H\u1ea0 TR\u00c2M \u201c Ng\u01b0\u1eddi nh\u01b0 Anh\u2026 V\u1ec1 v\u1edbi em\u201d<\/div>\n<div dir=\"auto\"><a href=\"https:\/\/maylangthangshow.com\/mai-tien-dung-vo-ha-tram-21-05.html\" rel=\"noopener\">https:\/\/maylangthangshow.com\/mai-tien-dung-vo-ha-tram-21-05.html<\/a><\/div>\n<div dir=\"auto\">\u00a0<\/div>\n<div dir=\"auto\">26.05 \u01afNG HO\u00c0NG PH\u00daC &amp; KM: PH\u1ea0M KH\u00c1NH H\u01afNG<\/div>\n<div dir=\"auto\"><a href=\"https:\/\/maylangthangshow.com\/ung-hoang-phuc-26-05.html\" rel=\"noopener\">https:\/\/maylangthangshow.com\/ung-hoang-phuc-26-05.html<\/a><\/div>\n<div dir=\"auto\">\u00a0<\/div>\n<div dir=\"auto\">27.05<\/div>\n<div dir=\"auto\">TU\u1ea4N NG\u1eccC &#8211; HO\u00c0NG D\u0168NG \u201c G\u00f3c tr\u1eddi n\u00e0ng th\u01a1\u201d<\/div>\n<div dir=\"auto\"><a href=\"https:\/\/maylangthangshow.com\/tuan-ngoc-hoang-dung-27-05.html\" rel=\"noopener\">https:\/\/maylangthangshow.com\/tuan-ngoc-hoang-dung-27-05.html<\/a><\/div>\n<div dir=\"auto\">PH\u1ea0M KH\u00c1NH H\u01afNG &amp; KM: TR\u01af\u01a0NG QU\u1ef2NH ANH<\/div>\n<div dir=\"auto\"><a href=\"https:\/\/maylangthangshow.com\/pham-khanh-hung-27-05.html\" rel=\"noopener\">https:\/\/maylangthangshow.com\/pham-khanh-hung-27-05.html<\/a><\/div>\n<div dir=\"auto\">T\u00d9NG &#8211; NH\u1ea0C C\u1ee6A TRANG<\/div>\n<div dir=\"auto\"><a href=\"https:\/\/maylangthangshow.com\/tung-nhac-cua-trang-27-05.html\" rel=\"noopener\">https:\/\/maylangthangshow.com\/tung-nhac-cua-trang-27-05.html<\/a><\/div>\n<div dir=\"auto\">\u00a0<\/div>\n<\/div>\n<div class=\"x11i5rnm xat24cr x1mh8g0r x1vvkbs xtlvy1s x126k92a\">\n<div dir=\"auto\"><span class=\"x3nfvp2 x1j61x8r x1fcty0u xdj266r xhhsvwb xat24cr xgzva0m xxymvpz xlup9mm x1kky2od\"><img loading=\"lazy\" decoding=\"async\" src=\"https:\/\/static.xx.fbcdn.net\/images\/emoji.php\/v9\/tee\/1\/16\/2601.png\" alt=\"\u2601\ufe0f\" width=\"16\" height=\"16\" \/><\/span>28.05 H\u00c0 NHI &amp; KM: D\u01af\u01a0NG EDWARD \u201c Rung \u0111\u1ed9ng \u2026 ng\u01b0\u1eddi y\u00eau c\u0169\u201d<\/div>\n<div dir=\"auto\"><a href=\"https:\/\/maylangthangshow.com\/ha-nhi-28-05.html\" rel=\"noopener\">https:\/\/maylangthangshow.com\/ha-nhi-28-05.html<\/a><\/div>\n<\/div>\n<div class=\"x11i5rnm xat24cr x1mh8g0r x1vvkbs xtlvy1s x126k92a\">\n<h2 dir=\"auto\" id=\"3-thong-tin-lien-he\"><strong><span style=\"color: #003300;\">3. TH\u00d4NG TIN LI\u00caN H\u1ec6<\/span><\/strong><\/h2>\n<\/div>\n<p>\ud83d\udcde Hotline\/ Zalo: <a href=\"https:\/\/zalo.me\/0988249297\" target=\"_blank\" rel=\"noopener\">0988 249 297<\/a><\/p>\n<p>\u00a0Fanpage: <a href=\"https:\/\/www.facebook.com\/liveshowdalat\/\" target=\"_blank\" rel=\"noopener\">M\u00e2y Lang Thang<\/a><\/p>\n<p>Xem c\u00e1c b\u00e0i vi\u1ebft kh\u00e1c t\u1ea1i: <a href=\"https:\/\/maylangthangshow.com\/\" rel=\"noopener\">Cloud Wandered Show\u00a0<\/a><\/p>\n<p>&nbsp;<\/p>\n<\/div>","protected":false},"excerpt":{"rendered":"<p>Danh m\u1ee5c ch\u00ednh L\u1ecbch di\u1ec5n Liveshow M\u00e2y Lang Thang \u0110\u00e0 L\u1ea1t th\u00e1ng 5 1. S\u00c2N KH\u1ea4U M\u00c2Y LANG THANG \u0110\u00c0 L\u1ea0T 2. L\u1ecaCH DI\u1ec4N M\u00c2Y LANG THANG \u0110\u00c0 L\u1ea0T TH\u00c1NG 5 3. TH\u00d4NG TIN LI\u00caN H\u1ec6 L\u1ecbch di\u1ec5n Liveshow M\u00e2y Lang Thang \u0110\u00e0 L\u1ea1t th\u00e1ng 5 \ud835\udc01\ud835\udc00\u0309\ud835\udc0d \ud835\udc13\ud835\udc08\ud835\udc0d \ud835\udc03\ud835\udc14\u031b\u0323 \ud835\udc01\ud835\udc00\u0301\ud835\udc0e \ud835\udc13\ud835\udc07\ud835\udc0e\u031b\u0300\ud835\udc08 \ud835\udc13\ud835\udc08\ud835\udc04\u0302\u0301\ud835\udc13 \ud835\udc13\ud835\udc11\ud835\udc04\u0302\ud835\udc0d \ud835\udc0c\ud835\udc00\u0302\ud835\udc18 \ud835\udc36\u210e\ud835\udc4e\u0300\ud835\udc5c [&hellip;]<\/p>","protected":false},"featured_media":1295,"comment_status":"open","ping_status":"closed","template":"","meta":[],"product_cat":[2420,31],"product_tag":[],"_links":{"self":[{"href":"https:\/\/liveshowdalat.vn\/en\/wp-json\/wp\/v2\/product\/1142"}],"collection":[{"href":"https:\/\/liveshowdalat.vn\/en\/wp-json\/wp\/v2\/product"}],"about":[{"href":"https:\/\/liveshowdalat.vn\/en\/wp-json\/wp\/v2\/types\/product"}],"replies":[{"embeddable":true,"href":"https:\/\/liveshowdalat.vn\/en\/wp-json\/wp\/v2\/comments?post=1142"}],"wp:featuredmedia":[{"embeddable":true,"href":"https:\/\/liveshowdalat.vn\/en\/wp-json\/wp\/v2\/media\/1295"}],"wp:attachment":[{"href":"https:\/\/liveshowdalat.vn\/en\/wp-json\/wp\/v2\/media?parent=1142"}],"wp:term":[{"taxonomy":"product_cat","embeddable":true,"href":"https:\/\/liveshowdalat.vn\/en\/wp-json\/wp\/v2\/product_cat?post=1142"},{"taxonomy":"product_tag","embeddable":true,"href":"https:\/\/liveshowdalat.vn\/en\/wp-json\/wp\/v2\/product_tag?post=1142"}],"curies":[{"name":"wp","href":"https:\/\/api.w.org\/{rel}","templated":true}]}}