{"id":1111,"date":"2023-05-05T14:03:40","date_gmt":"2023-05-05T07:03:40","guid":{"rendered":"https:\/\/maylangthangshow.com\/?p=1111"},"modified":"2025-05-23T05:12:42","modified_gmt":"2025-05-22T22:12:42","slug":"bach-cong-khanh-truong-thao-nhi-06-05","status":"publish","type":"product","link":"https:\/\/liveshowdalat.vn\/en\/bach-cong-khanh-truong-thao-nhi-06-05.html","title":{"rendered":"B\u1ea0CH C\u00d4NG KHANH &#8211; TR\u01af\u01a0NG TH\u1ea2O NHI 06.05"},"content":{"rendered":"<nav class=\"vietrick-auto-toc\">\n<div class=\"box-title\">\n<h3 class=\"toc-title\" id=\"select-menu\">Danh m\u1ee5c ch\u00ednh<\/h3>\n<div><ion-icon name=\"chevron-up-outline\"><\/ion-icon><\/div>\n<\/div>\n<ul class=\"toc-list\">\n<li><a href='https:\/\/liveshowdalat.vn\/en#bach-cong-khanh-truong-thao-nhi-06-05' class='heading-h2 toc-link smooth-scroll'>B\u1ea0CH C\u00d4NG KHANH &#8211; TR\u01af\u01a0NG TH\u1ea2O NHI 06.05<\/a>\n<ul>\n<li><a href='https:\/\/liveshowdalat.vn\/en#CHIEU_NHAC_TREN_MAY\" class=\"ez-toc-section' class='heading-h3 toc-link smooth-scroll'>S\u00c2N KH\u1ea4U THUNG L\u0168NG M\u00c2Y<\/a><\/ul>\n<li><a href='https:\/\/liveshowdalat.vn\/en#1_THONG_TIN_DAT_VE_MAY_LANG_THANG\" class=\"ez-toc-section' class='heading-h2 toc-link smooth-scroll'>1. TH\u00d4NG TIN \u0110\u1eb6T V\u00c9 M\u00c2Y LANG THANG<\/a>\n<li><a href='https:\/\/liveshowdalat.vn\/en#2_MO_TA_SAN_KHAU_MAY_LANG_THANG\" class=\"ez-toc-section' class='heading-h2 toc-link smooth-scroll'>2. M\u00d4 T\u1ea2 S\u00c2N KH\u1ea4U M\u00c2Y LANG THANG\u00a0<\/a>\n<li><a href='https:\/\/liveshowdalat.vn\/en#3_CAC_CHINH_SACH_CUA_MAY_LANG_THANG\" class=\"ez-toc-section' class='heading-h2 toc-link smooth-scroll'>3. C\u00c1C CH\u00cdNH S\u00c1CH C\u1ee6A M\u00c2Y LANG THANG<\/a>\n<li><a href='https:\/\/liveshowdalat.vn\/en#4_HOTLINE_DAT_VE\" class=\"ez-toc-section' class='heading-h2 toc-link smooth-scroll'>4. HOTLINE \u0110\u1eb6T V\u00c9<\/a><\/ul>\n<\/ul>\n<\/li>\n<\/ul>\n<\/nav>\n<h2 style=\"text-align: center;\" id=\"bach-cong-khanh-truong-thao-nhi-06-05\"><span style=\"color: #003300;\">B\u1ea0CH C\u00d4NG KHANH &#8211; TR\u01af\u01a0NG TH\u1ea2O NHI 06.05<\/span><\/h2>\n<h3 style=\"text-align: center;\"><span style=\"color: #003300;\"><span id=\"CHIEU_NHAC_TREN_MAY\" class=\"ez-toc-section\"><\/span><strong>S\u00c2N KH\u1ea4U THUNG L\u0168NG M\u00c2Y<\/strong><\/span><\/h3>\n<p style=\"text-align: center;\"><span style=\"color: #003300;\">B\u1ea0CH C\u00d4NG KHANH &#8211; TR\u01af\u01a0NG TH\u1ea2O NHI<\/span><\/p>\n<p style=\"text-align: center;\">06.05.2023<\/p>\n<p style=\"text-align: center;\">T\u1eeb 16g30 \u0111\u1ebfn 19g00<\/p>\n<p><img loading=\"lazy\" decoding=\"async\" class=\"aligncenter wp-image-1191 size-medium\" src=\"https:\/\/liveshowdalat.vn\/wp-content\/uploads\/2023\/04\/z4285317130710_a44ac7682b89cb606c0951f7e9f61ddb-1-240x300.jpg\" alt=\"B\u1ea0CH C\u00d4NG KHANH - TR\u01af\u01a0NG TH\u1ea2O NHI 06.05\" width=\"240\" height=\"300\" srcset=\"https:\/\/liveshowdalat.vn\/wp-content\/uploads\/2023\/04\/z4285317130710_a44ac7682b89cb606c0951f7e9f61ddb-1-240x300.jpg 240w, https:\/\/liveshowdalat.vn\/wp-content\/uploads\/2023\/04\/z4285317130710_a44ac7682b89cb606c0951f7e9f61ddb-1-819x1024.jpg 819w, https:\/\/liveshowdalat.vn\/wp-content\/uploads\/2023\/04\/z4285317130710_a44ac7682b89cb606c0951f7e9f61ddb-1-768x960.jpg 768w, https:\/\/liveshowdalat.vn\/wp-content\/uploads\/2023\/04\/z4285317130710_a44ac7682b89cb606c0951f7e9f61ddb-1-1229x1536.jpg 1229w, https:\/\/liveshowdalat.vn\/wp-content\/uploads\/2023\/04\/z4285317130710_a44ac7682b89cb606c0951f7e9f61ddb-1-600x750.jpg 600w, https:\/\/liveshowdalat.vn\/wp-content\/uploads\/2023\/04\/z4285317130710_a44ac7682b89cb606c0951f7e9f61ddb-1.jpg 1638w\" sizes=\"(max-width: 240px) 100vw, 240px\" \/><\/p>\n<h2><span id=\"1_THONG_TIN_DAT_VE_MAY_LANG_THANG\" class=\"ez-toc-section\"><\/span><span style=\"color: #003300;\">1. TH\u00d4NG TIN \u0110\u1eb6T V\u00c9 M\u00c2Y LANG THANG<\/span><\/h2>\n<p>STANDARD \/ M\u01a0 M\u00c0NG: 180.000 VN\u0110<\/p>\n<ul>\n<li>C\u00e1c khu gh\u1ebf \u0111\u00e3 \u0111\u1eb7t ch\u1ec9 mang t\u00ednh ch\u1ea5t \u0111\u1eb7t ch\u1ed7 th\u00e0nh c\u00f4ng, qu\u00fd kh\u00e1ch vui l\u00f2ng \u0111\u1ebfn s\u1edbm \u0111\u1ec3 ch\u1ecdn \u0111\u01b0\u1ee3c ch\u1ed7 ng\u1ed3i t\u1ed1t nh\u1ea5t theo KHU<\/li>\n<li>T\u1ea1i \u0111i\u1ec3m di\u1ec5n c\u00f3 ph\u1ee5 v\u1ee5 \u0103n u\u1ed1ng, qu\u00fd kh\u00e1ch c\u00f3 th\u1ec3 li\u00ean h\u1ec7 Hotline \u0111\u1eb7t ch\u1ed7 tr\u01b0\u1edbc \u0111\u1ec3 d\u00f9ng b\u1eefa ngay sau khi \u0111\u00eam nh\u1ea1c k\u1ebft th\u00fac<img loading=\"lazy\" decoding=\"async\" class=\"alignnone wp-image-1192 size-medium\" src=\"https:\/\/liveshowdalat.vn\/wp-content\/uploads\/2023\/05\/z4318626245943_103852d3d9028a4e044499dfe96516bc-240x300.jpg\" alt=\"B\u1ea0CH C\u00d4NG KHANH - TR\u01af\u01a0NG TH\u1ea2O NHI 06.05\" width=\"240\" height=\"300\" srcset=\"https:\/\/liveshowdalat.vn\/wp-content\/uploads\/2023\/05\/z4318626245943_103852d3d9028a4e044499dfe96516bc-240x300.jpg 240w, https:\/\/liveshowdalat.vn\/wp-content\/uploads\/2023\/05\/z4318626245943_103852d3d9028a4e044499dfe96516bc-819x1024.jpg 819w, https:\/\/liveshowdalat.vn\/wp-content\/uploads\/2023\/05\/z4318626245943_103852d3d9028a4e044499dfe96516bc-768x960.jpg 768w, https:\/\/liveshowdalat.vn\/wp-content\/uploads\/2023\/05\/z4318626245943_103852d3d9028a4e044499dfe96516bc-1229x1536.jpg 1229w, https:\/\/liveshowdalat.vn\/wp-content\/uploads\/2023\/05\/z4318626245943_103852d3d9028a4e044499dfe96516bc-600x750.jpg 600w, https:\/\/liveshowdalat.vn\/wp-content\/uploads\/2023\/05\/z4318626245943_103852d3d9028a4e044499dfe96516bc.jpg 1638w\" sizes=\"(max-width: 240px) 100vw, 240px\" \/><\/li>\n<\/ul>\n<h2><span id=\"2_MO_TA_SAN_KHAU_MAY_LANG_THANG\" class=\"ez-toc-section\"><\/span><span style=\"color: #003300;\">2. M\u00d4 T\u1ea2 S\u00c2N KH\u1ea4U M\u00c2Y LANG THANG\u00a0<\/span><\/h2>\n<p>\u2013 \u0110\u1ecba ch\u1ec9: S\u1ed1 4 Tr\u1ea7n Quang Di\u1ec7u, ph\u01b0\u1eddng 10. \u0110\u00e0 L\u1ea1t<\/p>\n<p>\u2013 H\u00ecnh \u1ea3nh s\u00e2n kh\u1ea5u:<\/p>\n<p><img loading=\"lazy\" decoding=\"async\" class=\"alignnone wp-image-1193 size-full\" src=\"https:\/\/liveshowdalat.vn\/wp-content\/uploads\/2023\/05\/342326726_787224499471511_60671298439166742_n.jpg\" alt=\"B\u1ea0CH C\u00d4NG KHANH - TR\u01af\u01a0NG TH\u1ea2O NHI 06.05\" width=\"1536\" height=\"2048\" srcset=\"https:\/\/liveshowdalat.vn\/wp-content\/uploads\/2023\/05\/342326726_787224499471511_60671298439166742_n.jpg 1536w, https:\/\/liveshowdalat.vn\/wp-content\/uploads\/2023\/05\/342326726_787224499471511_60671298439166742_n-225x300.jpg 225w, https:\/\/liveshowdalat.vn\/wp-content\/uploads\/2023\/05\/342326726_787224499471511_60671298439166742_n-768x1024.jpg 768w, https:\/\/liveshowdalat.vn\/wp-content\/uploads\/2023\/05\/342326726_787224499471511_60671298439166742_n-1152x1536.jpg 1152w, https:\/\/liveshowdalat.vn\/wp-content\/uploads\/2023\/05\/342326726_787224499471511_60671298439166742_n-600x800.jpg 600w\" sizes=\"(max-width: 1536px) 100vw, 1536px\" \/> <img loading=\"lazy\" decoding=\"async\" class=\"aligncenter wp-image-1194 size-full\" src=\"https:\/\/liveshowdalat.vn\/wp-content\/uploads\/2023\/05\/342330309_1310801899502135_7301977710718529055_n.jpg\" alt=\"B\u1ea0CH C\u00d4NG KHANH - TR\u01af\u01a0NG TH\u1ea2O NHI 06.05\" width=\"1616\" height=\"1080\" srcset=\"https:\/\/liveshowdalat.vn\/wp-content\/uploads\/2023\/05\/342330309_1310801899502135_7301977710718529055_n.jpg 1616w, https:\/\/liveshowdalat.vn\/wp-content\/uploads\/2023\/05\/342330309_1310801899502135_7301977710718529055_n-300x200.jpg 300w, https:\/\/liveshowdalat.vn\/wp-content\/uploads\/2023\/05\/342330309_1310801899502135_7301977710718529055_n-1024x684.jpg 1024w, https:\/\/liveshowdalat.vn\/wp-content\/uploads\/2023\/05\/342330309_1310801899502135_7301977710718529055_n-768x513.jpg 768w, https:\/\/liveshowdalat.vn\/wp-content\/uploads\/2023\/05\/342330309_1310801899502135_7301977710718529055_n-1536x1027.jpg 1536w, https:\/\/liveshowdalat.vn\/wp-content\/uploads\/2023\/05\/342330309_1310801899502135_7301977710718529055_n-600x401.jpg 600w\" sizes=\"(max-width: 1616px) 100vw, 1616px\" \/> <img loading=\"lazy\" decoding=\"async\" class=\"wp-image-1195 size-full aligncenter\" src=\"https:\/\/liveshowdalat.vn\/wp-content\/uploads\/2023\/05\/342340710_594624522631179_7424004536700698656_n.jpg\" alt=\"B\u1ea0CH C\u00d4NG KHANH - TR\u01af\u01a0NG TH\u1ea2O NHI 06.05\" width=\"1616\" height=\"1080\" srcset=\"https:\/\/liveshowdalat.vn\/wp-content\/uploads\/2023\/05\/342340710_594624522631179_7424004536700698656_n.jpg 1616w, https:\/\/liveshowdalat.vn\/wp-content\/uploads\/2023\/05\/342340710_594624522631179_7424004536700698656_n-300x200.jpg 300w, https:\/\/liveshowdalat.vn\/wp-content\/uploads\/2023\/05\/342340710_594624522631179_7424004536700698656_n-1024x684.jpg 1024w, https:\/\/liveshowdalat.vn\/wp-content\/uploads\/2023\/05\/342340710_594624522631179_7424004536700698656_n-768x513.jpg 768w, https:\/\/liveshowdalat.vn\/wp-content\/uploads\/2023\/05\/342340710_594624522631179_7424004536700698656_n-1536x1027.jpg 1536w, https:\/\/liveshowdalat.vn\/wp-content\/uploads\/2023\/05\/342340710_594624522631179_7424004536700698656_n-600x401.jpg 600w\" sizes=\"(max-width: 1616px) 100vw, 1616px\" \/> <img loading=\"lazy\" decoding=\"async\" class=\"aligncenter wp-image-1196 size-full\" src=\"https:\/\/liveshowdalat.vn\/wp-content\/uploads\/2023\/05\/342349428_249677640958730_5438273269250732334_n.jpg\" alt=\"B\u1ea0CH C\u00d4NG KHANH - TR\u01af\u01a0NG TH\u1ea2O NHI 06.05\" width=\"1536\" height=\"2048\" srcset=\"https:\/\/liveshowdalat.vn\/wp-content\/uploads\/2023\/05\/342349428_249677640958730_5438273269250732334_n.jpg 1536w, https:\/\/liveshowdalat.vn\/wp-content\/uploads\/2023\/05\/342349428_249677640958730_5438273269250732334_n-225x300.jpg 225w, https:\/\/liveshowdalat.vn\/wp-content\/uploads\/2023\/05\/342349428_249677640958730_5438273269250732334_n-768x1024.jpg 768w, https:\/\/liveshowdalat.vn\/wp-content\/uploads\/2023\/05\/342349428_249677640958730_5438273269250732334_n-1152x1536.jpg 1152w, https:\/\/liveshowdalat.vn\/wp-content\/uploads\/2023\/05\/342349428_249677640958730_5438273269250732334_n-600x800.jpg 600w\" sizes=\"(max-width: 1536px) 100vw, 1536px\" \/> <img loading=\"lazy\" decoding=\"async\" class=\"aligncenter wp-image-1197 size-full\" src=\"https:\/\/liveshowdalat.vn\/wp-content\/uploads\/2023\/05\/342445970_776819400690623_6625548032914290513_n.jpg\" alt=\"B\u1ea0CH C\u00d4NG KHANH - TR\u01af\u01a0NG TH\u1ea2O NHI 06.05\" width=\"1616\" height=\"1080\" srcset=\"https:\/\/liveshowdalat.vn\/wp-content\/uploads\/2023\/05\/342445970_776819400690623_6625548032914290513_n.jpg 1616w, https:\/\/liveshowdalat.vn\/wp-content\/uploads\/2023\/05\/342445970_776819400690623_6625548032914290513_n-300x200.jpg 300w, https:\/\/liveshowdalat.vn\/wp-content\/uploads\/2023\/05\/342445970_776819400690623_6625548032914290513_n-1024x684.jpg 1024w, https:\/\/liveshowdalat.vn\/wp-content\/uploads\/2023\/05\/342445970_776819400690623_6625548032914290513_n-768x513.jpg 768w, https:\/\/liveshowdalat.vn\/wp-content\/uploads\/2023\/05\/342445970_776819400690623_6625548032914290513_n-1536x1027.jpg 1536w, https:\/\/liveshowdalat.vn\/wp-content\/uploads\/2023\/05\/342445970_776819400690623_6625548032914290513_n-600x401.jpg 600w\" sizes=\"(max-width: 1616px) 100vw, 1616px\" \/> <img loading=\"lazy\" decoding=\"async\" class=\"aligncenter wp-image-1198 size-full\" src=\"https:\/\/liveshowdalat.vn\/wp-content\/uploads\/2023\/05\/342557715_124298460635314_2448241935855685810_n.jpg\" alt=\"B\u1ea0CH C\u00d4NG KHANH - TR\u01af\u01a0NG TH\u1ea2O NHI 06.05\" width=\"1065\" height=\"1594\" srcset=\"https:\/\/liveshowdalat.vn\/wp-content\/uploads\/2023\/05\/342557715_124298460635314_2448241935855685810_n.jpg 1065w, https:\/\/liveshowdalat.vn\/wp-content\/uploads\/2023\/05\/342557715_124298460635314_2448241935855685810_n-200x300.jpg 200w, https:\/\/liveshowdalat.vn\/wp-content\/uploads\/2023\/05\/342557715_124298460635314_2448241935855685810_n-684x1024.jpg 684w, https:\/\/liveshowdalat.vn\/wp-content\/uploads\/2023\/05\/342557715_124298460635314_2448241935855685810_n-768x1149.jpg 768w, https:\/\/liveshowdalat.vn\/wp-content\/uploads\/2023\/05\/342557715_124298460635314_2448241935855685810_n-1026x1536.jpg 1026w, https:\/\/liveshowdalat.vn\/wp-content\/uploads\/2023\/05\/342557715_124298460635314_2448241935855685810_n-600x898.jpg 600w\" sizes=\"(max-width: 1065px) 100vw, 1065px\" \/><\/p>\n<p>&nbsp;<\/p>\n<h2><span style=\"color: #003300;\"><span id=\"3_CAC_CHINH_SACH_CUA_MAY_LANG_THANG\" class=\"ez-toc-section\"><\/span>3. C\u00c1C CH\u00cdNH S\u00c1CH C\u1ee6A M\u00c2Y LANG THANG<\/span><\/h2>\n<p><strong>Ch\u00ednh s\u00e1ch tr\u1ebb em b\u00ean M\u00e2y Lang Thang:<\/strong><br \/>\n\u2013 Mi\u1ec5n ph\u00ed cho b\u00e9 d\u01b0\u1edbi 3 tu\u1ed5i ( ng\u1ed3i chung gh\u1ebf v\u1edbi b\u1ed1 m\u1eb9 su\u1ed1t bu\u1ed5i di\u1ec5n )<br \/>\n\u2013 C\u00f2n n\u1ebfu b\u00e9 tr\u00ean 3 tu\u1ed5i, d\u01b0\u1edbi 1m2 th\u00ec b\u00ean em gi\u1ea3m 15% \u0111\u1ed1i v\u1edbi gh\u1ebf c\u1ee7a b\u00e9.<br \/>\n\u2013 Tr\u00ean 1m2 v\u1eabn t\u00ednh v\u00e9 nh\u01b0 ng\u01b0\u1eddi l\u1edbn \u1ea1.<\/p>\n<p><strong>B\u1ea1n l\u01b0u \u00fd th\u00f4ng tin b\u1ea3o l\u01b0u sau gi\u00fap M\u00e2y Lang Thang:<\/strong><br \/>\n\u2013 Th\u1eddi h\u1ea1n b\u1ea3o l\u01b0u l\u00e0 trong v\u00f2ng m\u1ed9t n\u0103m t\u00ednh theo ng\u00e0y x\u00e1c nh\u1eadn b\u1ea3o l\u01b0u.<br \/>\n\u2013 B\u1ea3o l\u01b0u ch\u1ec9 c\u00f3 hi\u1ec7u l\u1ef1c c\u00f9ng khu v\u1ef1c \u0111\u00e3 \u0111\u1eb7t<br \/>\n\u2013 M\u00e2y Lang Thang ch\u1ec9 h\u1ed7 tr\u1ee3 b\u1ea3o l\u01b0u c\u00f9ng h\u1ea1ng gi\u00e1, v\u1edbi gi\u00e1 v\u00e9 cao h\u01a1n (vui l\u00f2ng b\u00f9 ph\u1ea7n ch\u00eanh l\u1ec7ch gi\u00fap M\u00e2y). Trong tr\u01b0\u1eddng h\u1ee3p h\u1ea1ng v\u00e9 th\u1ea5p s\u1ed1 ti\u1ec1n \u0111\u00e3 b\u1ea3o l\u01b0u, M\u00e2y kh\u00f4ng h\u1ed7 tr\u1ee3 ho\u00e0n ti\u1ec1n \u1ea1.<\/p>\n<h2><span id=\"4_HOTLINE_DAT_VE\" class=\"ez-toc-section\"><\/span><span style=\"color: #003300;\">4. HOTLINE \u0110\u1eb6T V\u00c9<\/span><\/h2>\n<p>\ud83d\udcde Hotline t\u01b0 v\u1ea5n:<\/p>\n<p><a href=\"https:\/\/zalo.me\/0986978394\" rel=\"noopener\">0986 978 394<\/a><\/p>\n<p><a href=\"https:\/\/zalo.me\/0988249297\" rel=\"noopener\">0988 249 297<\/a><\/p>\n<p>Fanpage booking:\u00a0<a href=\"https:\/\/www.facebook.com\/liveshowdalat\/\" target=\"_blank\" rel=\"noopener\">M\u00e2y Lang Thang<\/a><\/p>\n<p>Xem th\u00eam b\u00e0i vi\u1ebft kh\u00e1c t\u1ea1i:\u00a0<a href=\"https:\/\/maylangthangshow.com\/\" rel=\"noopener\">Cloud Wandered Show\u00a0<\/a><\/p>","protected":false},"excerpt":{"rendered":"<p>Danh m\u1ee5c ch\u00ednh B\u1ea0CH C\u00d4NG KHANH &#8211; TR\u01af\u01a0NG TH\u1ea2O NHI 06.05 S\u00c2N KH\u1ea4U THUNG L\u0168NG M\u00c2Y 1. TH\u00d4NG TIN \u0110\u1eb6T V\u00c9 M\u00c2Y LANG THANG 2. M\u00d4 T\u1ea2 S\u00c2N KH\u1ea4U M\u00c2Y LANG THANG\u00a0 3. C\u00c1C CH\u00cdNH S\u00c1CH C\u1ee6A M\u00c2Y LANG THANG 4. HOTLINE \u0110\u1eb6T V\u00c9 B\u1ea0CH C\u00d4NG KHANH &#8211; TR\u01af\u01a0NG TH\u1ea2O NHI 06.05 S\u00c2N KH\u1ea4U THUNG [&hellip;]<\/p>","protected":false},"featured_media":1191,"comment_status":"open","ping_status":"closed","template":"","meta":[],"product_cat":[31,2567,2410,49],"product_tag":[],"_links":{"self":[{"href":"https:\/\/liveshowdalat.vn\/en\/wp-json\/wp\/v2\/product\/1111"}],"collection":[{"href":"https:\/\/liveshowdalat.vn\/en\/wp-json\/wp\/v2\/product"}],"about":[{"href":"https:\/\/liveshowdalat.vn\/en\/wp-json\/wp\/v2\/types\/product"}],"replies":[{"embeddable":true,"href":"https:\/\/liveshowdalat.vn\/en\/wp-json\/wp\/v2\/comments?post=1111"}],"wp:featuredmedia":[{"embeddable":true,"href":"https:\/\/liveshowdalat.vn\/en\/wp-json\/wp\/v2\/media\/1191"}],"wp:attachment":[{"href":"https:\/\/liveshowdalat.vn\/en\/wp-json\/wp\/v2\/media?parent=1111"}],"wp:term":[{"taxonomy":"product_cat","embeddable":true,"href":"https:\/\/liveshowdalat.vn\/en\/wp-json\/wp\/v2\/product_cat?post=1111"},{"taxonomy":"product_tag","embeddable":true,"href":"https:\/\/liveshowdalat.vn\/en\/wp-json\/wp\/v2\/product_tag?post=1111"}],"curies":[{"name":"wp","href":"https:\/\/api.w.org\/{rel}","templated":true}]}}